{"id":374,"date":"2022-06-30T07:08:20","date_gmt":"2022-06-30T07:08:20","guid":{"rendered":"https:\/\/darkcyan-hare-473592.hostingersite.com\/?page_id=374"},"modified":"2022-06-30T19:22:58","modified_gmt":"2022-06-30T19:22:58","slug":"sairaalalaitteet","status":"publish","type":"page","link":"https:\/\/varetek.com\/en\/sovellukset\/sairaalalaitteet\/","title":{"rendered":"Hospital equipment"},"content":{"rendered":"<p>[et_pb_section fb_built=&#8221;1&#8243; _builder_version=&#8221;4.17.4&#8243; _module_preset=&#8221;default&#8221; background_enable_image=&#8221;off&#8221; min_height=&#8221;300px&#8221; min_height_tablet=&#8221;&#8221; min_height_phone=&#8221;&#8221; min_height_last_edited=&#8221;on|desktop&#8221; custom_padding=&#8221;0px||0px||true|false&#8221; global_colors_info=&#8221;{}&#8221;][et_pb_row use_custom_gutter=&#8221;on&#8221; gutter_width=&#8221;1&#8243; make_equal=&#8221;on&#8221; _builder_version=&#8221;4.17.4&#8243; _module_preset=&#8221;default&#8221; width=&#8221;100%&#8221; max_width=&#8221;100%&#8221; custom_padding=&#8221;0px||0px||true|false&#8221; global_colors_info=&#8221;{}&#8221;][et_pb_column type=&#8221;4_4&#8243; _builder_version=&#8221;4.17.4&#8243; _module_preset=&#8221;default&#8221; global_colors_info=&#8221;{}&#8221;][et_pb_slider _builder_version=&#8221;4.17.4&#8243; _module_preset=&#8221;default&#8221; hover_enabled=&#8221;0&#8243; global_colors_info=&#8221;{}&#8221; border_width_bottom=&#8221;2px&#8221; border_color_bottom=&#8221;#304f0d&#8221; sticky_enabled=&#8221;0&#8243;][et_pb_slide _builder_version=&#8221;4.17.4&#8243; _module_preset=&#8221;default&#8221; background_enable_color=&#8221;off&#8221; background_image=&#8221;http:\/\/varetek.com\/wp-content\/uploads\/2022\/06\/slide-001_images_sliderit-sliders_slider-overlay-right_1050_800-scaled.jpg&#8221; background_enable_image=&#8221;on&#8221; global_colors_info=&#8221;{}&#8221; sticky_transition=&#8221;on&#8221;][\/et_pb_slide][et_pb_slide _builder_version=&#8221;4.17.4&#8243; _module_preset=&#8221;default&#8221; background_enable_color=&#8221;off&#8221; background_image=&#8221;http:\/\/varetek.com\/wp-content\/uploads\/2022\/06\/02_images_sliderit-sliders_slider-overlay-right_1050_800.jpg&#8221; background_enable_image=&#8221;on&#8221; global_colors_info=&#8221;{}&#8221; sticky_transition=&#8221;on&#8221;][\/et_pb_slide][\/et_pb_slider][\/et_pb_column][\/et_pb_row][\/et_pb_section][et_pb_section fb_built=&#8221;1&#8243; specialty=&#8221;on&#8221; _builder_version=&#8221;4.17.4&#8243; _module_preset=&#8221;default&#8221; global_colors_info=&#8221;{}&#8221;][et_pb_column type=&#8221;1_4&#8243; _builder_version=&#8221;4.16&#8243; custom_padding=&#8221;|||&#8221; global_colors_info=&#8221;{}&#8221; custom_padding__hover=&#8221;|||&#8221;][et_pb_text _builder_version=&#8221;4.17.4&#8243; _module_preset=&#8221;default&#8221; global_colors_info=&#8221;{}&#8221;]<\/p>\n<h4>Products<\/h4>\n<p>[\/et_pb_text][et_pb_menu menu_id=&#8221;16&#8243; _builder_version=&#8221;4.17.4&#8243; _module_preset=&#8221;default&#8221; global_colors_info=&#8221;{}&#8221;][\/et_pb_menu][\/et_pb_column][et_pb_column type=&#8221;3_4&#8243; specialty_columns=&#8221;3&#8243; _builder_version=&#8221;4.16&#8243; custom_padding=&#8221;|||&#8221; global_colors_info=&#8221;{}&#8221; custom_padding__hover=&#8221;|||&#8221;][et_pb_row_inner _builder_version=&#8221;4.17.4&#8243; _module_preset=&#8221;default&#8221; custom_padding=&#8221;0px||0px||true|false&#8221; global_colors_info=&#8221;{}&#8221;][et_pb_column_inner saved_specialty_column_type=&#8221;3_4&#8243; _builder_version=&#8221;4.17.4&#8243; _module_preset=&#8221;default&#8221; global_colors_info=&#8221;{}&#8221;][et_pb_text _builder_version=&#8221;4.17.4&#8243; _module_preset=&#8221;default&#8221; header_2_font=&#8221;|600|||||||&#8221; header_2_text_color=&#8221;#111111&#8243; header_2_font_size=&#8221;32px&#8221; hover_enabled=&#8221;0&#8243; header_2_font_size_tablet=&#8221;20px&#8221; header_2_font_size_phone=&#8221;18px&#8221; header_2_font_size_last_edited=&#8221;on|desktop&#8221; global_colors_info=&#8221;{}&#8221; sticky_enabled=&#8221;0&#8243;]<\/p>\n<h2>Hospital equipment<\/h2>\n<p><span><em><\/em><\/span><\/p>\n<p><span><em><\/em><\/span><\/p>\n<p><span><em>The increasing automation in hospital equipment requires safety systems that function perfectly and guarantee patient safety in all circumstances preventing scrapes and bruises. Mayser Gmbh has developed small and inconspicuous miniature safety edges that can be connected to the safety system of the equipment to protect the equipment itself and the patient. Furthermore, the edges can be delivered in nearly all colours to improve appearance.<\/em><\/span><\/p>\n<p><span>Motorised operating and treatment tables are among the many\u00a0<strong><a href=\"https:\/\/darkcyan-hare-473592.hostingersite.com\/tuotteet\/miniturvareunat\/\">applications<\/a><\/strong>.<\/span><\/p>\n<p><span>Click here to see EKS miniature edges :\u00a0<strong><a href=\"https:\/\/darkcyan-hare-473592.hostingersite.com\/tuotteet\/miniturvareunat\/eks-miniturvareunat\/\">EKS miniature safety edges<\/a><\/strong><\/span><\/p>\n<p>[\/et_pb_text][\/et_pb_column_inner][\/et_pb_row_inner][\/et_pb_column][\/et_pb_section]<\/p>","protected":false},"excerpt":{"rendered":"<p>TuotekategoriatSairaalalaitteet Automaation lis\u00e4\u00e4ntyminen sairaalalaitteissa vaatii turvaj\u00e4rjestelmi\u00e4, jotka toimivat t\u00e4ydellisesti ja takaavat kaikissa olosuhteissa potilasturvallisuuden nirhautumia ja ruhjoutumisia vastaan. Mayser Gmbh:ll\u00e4 on kehitetty pieni\u00e4 ja huomaamattomia miniturvareunoja, jotka voidaan liitt\u00e4\u00e4 koneen turvaj\u00e4rjestelm\u00e4\u00e4n suojaamaan laitetta ja potilasta. T\u00e4m\u00e4n lis\u00e4ksi reunat voidaan toimittaa l\u00e4hes kaikilla v\u00e4reill\u00e4 ulkon\u00e4\u00f6n parantamiseksi. Moottorik\u00e4ytt\u00f6iset leikkaus- tai potilasp\u00f6yd\u00e4t ovat yksi monista\u00a0sovellusesimerkeist\u00e4. Linkki miniturvareunoihin:\u00a0EKS miniturvareunat<\/p>","protected":false},"author":1,"featured_media":0,"parent":330,"menu_order":0,"comment_status":"closed","ping_status":"closed","template":"","meta":{"_et_pb_use_builder":"on","_et_pb_old_content":"<!-- wp:divi\/placeholder \/-->","_et_gb_content_width":"","footnotes":""},"class_list":["post-374","page","type-page","status-publish","hentry"],"yoast_head":"<!-- This site is optimized with the Yoast SEO plugin v25.5 - https:\/\/yoast.com\/wordpress\/plugins\/seo\/ -->\n<title>Sairaalalaitteet - Varetek<\/title>\n<meta name=\"robots\" content=\"index, follow, max-snippet:-1, max-image-preview:large, max-video-preview:-1\" \/>\n<link rel=\"canonical\" href=\"https:\/\/varetek.com\/en\/sovellukset\/sairaalalaitteet\/\" \/>\n<meta property=\"og:locale\" content=\"en_US\" \/>\n<meta property=\"og:type\" content=\"article\" \/>\n<meta property=\"og:title\" content=\"Sairaalalaitteet - Varetek\" \/>\n<meta property=\"og:description\" content=\"TuotekategoriatSairaalalaitteet Automaation lis\u00e4\u00e4ntyminen sairaalalaitteissa vaatii turvaj\u00e4rjestelmi\u00e4, jotka toimivat t\u00e4ydellisesti ja takaavat kaikissa olosuhteissa potilasturvallisuuden nirhautumia ja ruhjoutumisia vastaan. Mayser Gmbh:ll\u00e4 on kehitetty pieni\u00e4 ja huomaamattomia miniturvareunoja, jotka voidaan liitt\u00e4\u00e4 koneen turvaj\u00e4rjestelm\u00e4\u00e4n suojaamaan laitetta ja potilasta. T\u00e4m\u00e4n lis\u00e4ksi reunat voidaan toimittaa l\u00e4hes kaikilla v\u00e4reill\u00e4 ulkon\u00e4\u00f6n parantamiseksi. Moottorik\u00e4ytt\u00f6iset leikkaus- tai potilasp\u00f6yd\u00e4t ovat yksi monista\u00a0sovellusesimerkeist\u00e4. Linkki miniturvareunoihin:\u00a0EKS miniturvareunat\" \/>\n<meta property=\"og:url\" content=\"https:\/\/varetek.com\/en\/sovellukset\/sairaalalaitteet\/\" \/>\n<meta property=\"og:site_name\" content=\"Varetek\" \/>\n<meta property=\"article:modified_time\" content=\"2022-06-30T19:22:58+00:00\" \/>\n<meta name=\"twitter:card\" content=\"summary_large_image\" \/>\n<meta name=\"twitter:label1\" content=\"Est. reading time\" \/>\n\t<meta name=\"twitter:data1\" content=\"2 minutes\" \/>\n<script type=\"application\/ld+json\" class=\"yoast-schema-graph\">{\"@context\":\"https:\/\/schema.org\",\"@graph\":[{\"@type\":\"WebPage\",\"@id\":\"https:\/\/varetek.com\/sovellukset\/sairaalalaitteet\/\",\"url\":\"https:\/\/varetek.com\/sovellukset\/sairaalalaitteet\/\",\"name\":\"Sairaalalaitteet - Varetek\",\"isPartOf\":{\"@id\":\"https:\/\/darkcyan-hare-473592.hostingersite.com\/en\/#website\"},\"datePublished\":\"2022-06-30T07:08:20+00:00\",\"dateModified\":\"2022-06-30T19:22:58+00:00\",\"breadcrumb\":{\"@id\":\"https:\/\/varetek.com\/sovellukset\/sairaalalaitteet\/#breadcrumb\"},\"inLanguage\":\"en-US\",\"potentialAction\":[{\"@type\":\"ReadAction\",\"target\":[\"https:\/\/varetek.com\/sovellukset\/sairaalalaitteet\/\"]}]},{\"@type\":\"BreadcrumbList\",\"@id\":\"https:\/\/varetek.com\/sovellukset\/sairaalalaitteet\/#breadcrumb\",\"itemListElement\":[{\"@type\":\"ListItem\",\"position\":1,\"name\":\"Home\",\"item\":\"https:\/\/darkcyan-hare-473592.hostingersite.com\/en\/\"},{\"@type\":\"ListItem\",\"position\":2,\"name\":\"Sovellukset\",\"item\":\"https:\/\/darkcyan-hare-473592.hostingersite.com\/en\/sovellukset\/\"},{\"@type\":\"ListItem\",\"position\":3,\"name\":\"Sairaalalaitteet\"}]},{\"@type\":\"WebSite\",\"@id\":\"https:\/\/darkcyan-hare-473592.hostingersite.com\/en\/#website\",\"url\":\"https:\/\/darkcyan-hare-473592.hostingersite.com\/en\/\",\"name\":\"Varetek\",\"description\":\"Turvalaitteet koneturvallisuuteen, ovi- ja porttivalmistajille, sairaalakalustoon, huonekaluteollisuuteen ja julkisenliikenteen kalustoon\",\"potentialAction\":[{\"@type\":\"SearchAction\",\"target\":{\"@type\":\"EntryPoint\",\"urlTemplate\":\"https:\/\/darkcyan-hare-473592.hostingersite.com\/en\/?s={search_term_string}\"},\"query-input\":{\"@type\":\"PropertyValueSpecification\",\"valueRequired\":true,\"valueName\":\"search_term_string\"}}],\"inLanguage\":\"en-US\"}]}<\/script>\n<!-- \/ Yoast SEO plugin. -->","yoast_head_json":{"title":"Sairaalalaitteet - Varetek","robots":{"index":"index","follow":"follow","max-snippet":"max-snippet:-1","max-image-preview":"max-image-preview:large","max-video-preview":"max-video-preview:-1"},"canonical":"https:\/\/varetek.com\/en\/sovellukset\/sairaalalaitteet\/","og_locale":"en_US","og_type":"article","og_title":"Sairaalalaitteet - Varetek","og_description":"TuotekategoriatSairaalalaitteet Automaation lis\u00e4\u00e4ntyminen sairaalalaitteissa vaatii turvaj\u00e4rjestelmi\u00e4, jotka toimivat t\u00e4ydellisesti ja takaavat kaikissa olosuhteissa potilasturvallisuuden nirhautumia ja ruhjoutumisia vastaan. Mayser Gmbh:ll\u00e4 on kehitetty pieni\u00e4 ja huomaamattomia miniturvareunoja, jotka voidaan liitt\u00e4\u00e4 koneen turvaj\u00e4rjestelm\u00e4\u00e4n suojaamaan laitetta ja potilasta. T\u00e4m\u00e4n lis\u00e4ksi reunat voidaan toimittaa l\u00e4hes kaikilla v\u00e4reill\u00e4 ulkon\u00e4\u00f6n parantamiseksi. Moottorik\u00e4ytt\u00f6iset leikkaus- tai potilasp\u00f6yd\u00e4t ovat yksi monista\u00a0sovellusesimerkeist\u00e4. Linkki miniturvareunoihin:\u00a0EKS miniturvareunat","og_url":"https:\/\/varetek.com\/en\/sovellukset\/sairaalalaitteet\/","og_site_name":"Varetek","article_modified_time":"2022-06-30T19:22:58+00:00","twitter_card":"summary_large_image","twitter_misc":{"Est. reading time":"2 minutes"},"schema":{"@context":"https:\/\/schema.org","@graph":[{"@type":"WebPage","@id":"https:\/\/varetek.com\/sovellukset\/sairaalalaitteet\/","url":"https:\/\/varetek.com\/sovellukset\/sairaalalaitteet\/","name":"Sairaalalaitteet - Varetek","isPartOf":{"@id":"https:\/\/darkcyan-hare-473592.hostingersite.com\/en\/#website"},"datePublished":"2022-06-30T07:08:20+00:00","dateModified":"2022-06-30T19:22:58+00:00","breadcrumb":{"@id":"https:\/\/varetek.com\/sovellukset\/sairaalalaitteet\/#breadcrumb"},"inLanguage":"en-US","potentialAction":[{"@type":"ReadAction","target":["https:\/\/varetek.com\/sovellukset\/sairaalalaitteet\/"]}]},{"@type":"BreadcrumbList","@id":"https:\/\/varetek.com\/sovellukset\/sairaalalaitteet\/#breadcrumb","itemListElement":[{"@type":"ListItem","position":1,"name":"Home","item":"https:\/\/darkcyan-hare-473592.hostingersite.com\/en\/"},{"@type":"ListItem","position":2,"name":"Sovellukset","item":"https:\/\/darkcyan-hare-473592.hostingersite.com\/en\/sovellukset\/"},{"@type":"ListItem","position":3,"name":"Sairaalalaitteet"}]},{"@type":"WebSite","@id":"https:\/\/darkcyan-hare-473592.hostingersite.com\/en\/#website","url":"https:\/\/darkcyan-hare-473592.hostingersite.com\/en\/","name":"Varetek","description":"Turvalaitteet koneturvallisuuteen, ovi- ja porttivalmistajille, sairaalakalustoon, huonekaluteollisuuteen ja julkisenliikenteen kalustoon","potentialAction":[{"@type":"SearchAction","target":{"@type":"EntryPoint","urlTemplate":"https:\/\/darkcyan-hare-473592.hostingersite.com\/en\/?s={search_term_string}"},"query-input":{"@type":"PropertyValueSpecification","valueRequired":true,"valueName":"search_term_string"}}],"inLanguage":"en-US"}]}},"_links":{"self":[{"href":"https:\/\/varetek.com\/en\/wp-json\/wp\/v2\/pages\/374","targetHints":{"allow":["GET"]}}],"collection":[{"href":"https:\/\/varetek.com\/en\/wp-json\/wp\/v2\/pages"}],"about":[{"href":"https:\/\/varetek.com\/en\/wp-json\/wp\/v2\/types\/page"}],"author":[{"embeddable":true,"href":"https:\/\/varetek.com\/en\/wp-json\/wp\/v2\/users\/1"}],"replies":[{"embeddable":true,"href":"https:\/\/varetek.com\/en\/wp-json\/wp\/v2\/comments?post=374"}],"version-history":[{"count":4,"href":"https:\/\/varetek.com\/en\/wp-json\/wp\/v2\/pages\/374\/revisions"}],"predecessor-version":[{"id":532,"href":"https:\/\/varetek.com\/en\/wp-json\/wp\/v2\/pages\/374\/revisions\/532"}],"up":[{"embeddable":true,"href":"https:\/\/varetek.com\/en\/wp-json\/wp\/v2\/pages\/330"}],"wp:attachment":[{"href":"https:\/\/varetek.com\/en\/wp-json\/wp\/v2\/media?parent=374"}],"curies":[{"name":"wp","href":"https:\/\/api.w.org\/{rel}","templated":true}]}}