{"id":369,"date":"2022-06-30T07:05:55","date_gmt":"2022-06-30T07:05:55","guid":{"rendered":"https:\/\/darkcyan-hare-473592.hostingersite.com\/?page_id=369"},"modified":"2022-06-30T19:22:12","modified_gmt":"2022-06-30T19:22:12","slug":"junat-metro-ja-linja-autot","status":"publish","type":"page","link":"https:\/\/varetek.com\/en\/sovellukset\/junat-metro-ja-linja-autot\/","title":{"rendered":"Trains, subway trains and buses"},"content":{"rendered":"<p>[et_pb_section fb_built=&#8221;1&#8243; _builder_version=&#8221;4.17.4&#8243; _module_preset=&#8221;default&#8221; background_enable_image=&#8221;off&#8221; min_height=&#8221;300px&#8221; min_height_tablet=&#8221;&#8221; min_height_phone=&#8221;&#8221; min_height_last_edited=&#8221;on|desktop&#8221; custom_padding=&#8221;0px||0px||true|false&#8221; global_colors_info=&#8221;{}&#8221;][et_pb_row use_custom_gutter=&#8221;on&#8221; gutter_width=&#8221;1&#8243; make_equal=&#8221;on&#8221; _builder_version=&#8221;4.17.4&#8243; _module_preset=&#8221;default&#8221; width=&#8221;100%&#8221; max_width=&#8221;100%&#8221; custom_padding=&#8221;0px||0px||true|false&#8221; global_colors_info=&#8221;{}&#8221;][et_pb_column type=&#8221;4_4&#8243; _builder_version=&#8221;4.17.4&#8243; _module_preset=&#8221;default&#8221; global_colors_info=&#8221;{}&#8221;][et_pb_slider _builder_version=&#8221;4.17.4&#8243; _module_preset=&#8221;default&#8221; hover_enabled=&#8221;0&#8243; global_colors_info=&#8221;{}&#8221; border_width_bottom=&#8221;2px&#8221; sticky_enabled=&#8221;0&#8243; border_color_bottom=&#8221;#304f0d&#8221;][et_pb_slide _builder_version=&#8221;4.17.4&#8243; _module_preset=&#8221;default&#8221; background_enable_color=&#8221;off&#8221; background_image=&#8221;http:\/\/varetek.com\/wp-content\/uploads\/2022\/06\/slide-001_images_sliderit-sliders_slider-overlay-right_1050_800-scaled.jpg&#8221; background_enable_image=&#8221;on&#8221; global_colors_info=&#8221;{}&#8221; sticky_transition=&#8221;on&#8221;][\/et_pb_slide][et_pb_slide _builder_version=&#8221;4.17.4&#8243; _module_preset=&#8221;default&#8221; background_enable_color=&#8221;off&#8221; background_image=&#8221;http:\/\/varetek.com\/wp-content\/uploads\/2022\/06\/02_images_sliderit-sliders_slider-overlay-right_1050_800.jpg&#8221; background_enable_image=&#8221;on&#8221; global_colors_info=&#8221;{}&#8221; sticky_transition=&#8221;on&#8221;][\/et_pb_slide][\/et_pb_slider][\/et_pb_column][\/et_pb_row][\/et_pb_section][et_pb_section fb_built=&#8221;1&#8243; specialty=&#8221;on&#8221; _builder_version=&#8221;4.17.4&#8243; _module_preset=&#8221;default&#8221; global_colors_info=&#8221;{}&#8221;][et_pb_column type=&#8221;1_4&#8243; _builder_version=&#8221;4.16&#8243; custom_padding=&#8221;|||&#8221; global_colors_info=&#8221;{}&#8221; custom_padding__hover=&#8221;|||&#8221;][et_pb_text _builder_version=&#8221;4.17.4&#8243; _module_preset=&#8221;default&#8221; global_colors_info=&#8221;{}&#8221;]<\/p>\n<h4>Products<\/h4>\n<p>[\/et_pb_text][et_pb_menu menu_id=&#8221;16&#8243; _builder_version=&#8221;4.17.4&#8243; _module_preset=&#8221;default&#8221; global_colors_info=&#8221;{}&#8221;][\/et_pb_menu][\/et_pb_column][et_pb_column type=&#8221;3_4&#8243; specialty_columns=&#8221;3&#8243; _builder_version=&#8221;4.16&#8243; custom_padding=&#8221;|||&#8221; global_colors_info=&#8221;{}&#8221; custom_padding__hover=&#8221;|||&#8221;][et_pb_row_inner _builder_version=&#8221;4.17.4&#8243; _module_preset=&#8221;default&#8221; custom_padding=&#8221;0px||0px||true|false&#8221; global_colors_info=&#8221;{}&#8221;][et_pb_column_inner saved_specialty_column_type=&#8221;3_4&#8243; _builder_version=&#8221;4.17.4&#8243; _module_preset=&#8221;default&#8221; global_colors_info=&#8221;{}&#8221;][et_pb_text _builder_version=&#8221;4.17.4&#8243; _module_preset=&#8221;default&#8221; header_2_font=&#8221;|600|||||||&#8221; header_2_text_color=&#8221;#111111&#8243; header_2_font_size=&#8221;32px&#8221; hover_enabled=&#8221;0&#8243; header_2_font_size_tablet=&#8221;20px&#8221; header_2_font_size_phone=&#8221;18px&#8221; header_2_font_size_last_edited=&#8221;on|desktop&#8221; global_colors_info=&#8221;{}&#8221; sticky_enabled=&#8221;0&#8243;]<\/p>\n<h2>Trains, subway trains and buses<\/h2>\n<p><span><em><\/em><\/span><\/p>\n<p><span><em><\/em><\/span><\/p>\n<p><span><em>Operational safety in public transport is becoming increasingly important. Varetek Oy, together with Mayser Gmbh, the largest supplier of safety systems for bus, subway train and rolling stock doors in Europe, offer reliable and customised solutions for guaranteeing the safety of the passengers.\n\nThe mechatronics of our products have proven to be a good and reliable solution for challenging conditions.<\/em><\/span><\/p>\n<p><span><em>Meeting public transport needs, Mayser Gmbh and Varetek Oy designs, assembles and markets safety edges and their control units, and sensor mats for area monitoring purposes, allowing the monitoring of areas outside the driver's field of view. See brochure here:\u00a0<\/em><\/span><span><em>Katso\u00a0yleisesite t\u00e4st\u00e4:\u00a0<strong><a href=\"http:\/\/varetek.com\/wp-content\/uploads\/2022\/06\/Broschure_OPV_WEB_EN_20180525.pdf\" target=\"_blank\" rel=\"noopener\">general.pdf\u00a0<\/a><\/strong><\/em><\/span><\/p>\n<p>[\/et_pb_text][\/et_pb_column_inner][\/et_pb_row_inner][\/et_pb_column][\/et_pb_section]<\/p>","protected":false},"excerpt":{"rendered":"<p>TuotekategoriatJunat, metro ja linja-autot K\u00e4ytt\u00f6turvallisuus joukkoliikenteess\u00e4 tulee kokoajan t\u00e4rke\u00e4mm\u00e4ksi ja Varetek Oy yhdess\u00e4 Euroopan suurimman linja-autojen, metrojen ja ratakaluston ovien turvaj\u00e4rjestelmien toimittajan Mayser Gmbh\u00a0kanssa tarjoaa\u00a0luotettavia ja asiakasr\u00e4\u00e4t\u00e4l\u00f6ityj\u00e4 ratkaisuja matkustajien turvallisuuden takaamiseksi. Varetek Oy valmistaa ja kokoonlaittaa osan turvareunoista Suomessa, jolloin toimitusajat saadaan vastaamaan nykyajan haasteita.\u00a0Katso\u00a0yleisesite t\u00e4st\u00e4:\u00a0esite.pdf\u00a0<\/p>","protected":false},"author":1,"featured_media":0,"parent":330,"menu_order":0,"comment_status":"closed","ping_status":"closed","template":"","meta":{"_et_pb_use_builder":"on","_et_pb_old_content":"<!-- wp:divi\/placeholder \/-->","_et_gb_content_width":"","footnotes":""},"class_list":["post-369","page","type-page","status-publish","hentry"],"yoast_head":"<!-- This site is optimized with the Yoast SEO plugin v25.5 - https:\/\/yoast.com\/wordpress\/plugins\/seo\/ -->\n<title>Junat, metro ja linja-autot - Varetek<\/title>\n<meta name=\"robots\" content=\"index, follow, max-snippet:-1, max-image-preview:large, max-video-preview:-1\" \/>\n<link rel=\"canonical\" href=\"https:\/\/varetek.com\/en\/sovellukset\/junat-metro-ja-linja-autot\/\" \/>\n<meta property=\"og:locale\" content=\"en_US\" \/>\n<meta property=\"og:type\" content=\"article\" \/>\n<meta property=\"og:title\" content=\"Junat, metro ja linja-autot - Varetek\" \/>\n<meta property=\"og:description\" content=\"TuotekategoriatJunat, metro ja linja-autot K\u00e4ytt\u00f6turvallisuus joukkoliikenteess\u00e4 tulee kokoajan t\u00e4rke\u00e4mm\u00e4ksi ja Varetek Oy yhdess\u00e4 Euroopan suurimman linja-autojen, metrojen ja ratakaluston ovien turvaj\u00e4rjestelmien toimittajan Mayser Gmbh\u00a0kanssa tarjoaa\u00a0luotettavia ja asiakasr\u00e4\u00e4t\u00e4l\u00f6ityj\u00e4 ratkaisuja matkustajien turvallisuuden takaamiseksi. Varetek Oy valmistaa ja kokoonlaittaa osan turvareunoista Suomessa, jolloin toimitusajat saadaan vastaamaan nykyajan haasteita.\u00a0Katso\u00a0yleisesite t\u00e4st\u00e4:\u00a0esite.pdf\u00a0\" \/>\n<meta property=\"og:url\" content=\"https:\/\/varetek.com\/en\/sovellukset\/junat-metro-ja-linja-autot\/\" \/>\n<meta property=\"og:site_name\" content=\"Varetek\" \/>\n<meta property=\"article:modified_time\" content=\"2022-06-30T19:22:12+00:00\" \/>\n<meta name=\"twitter:card\" content=\"summary_large_image\" \/>\n<meta name=\"twitter:label1\" content=\"Est. reading time\" \/>\n\t<meta name=\"twitter:data1\" content=\"2 minutes\" \/>\n<script type=\"application\/ld+json\" class=\"yoast-schema-graph\">{\"@context\":\"https:\/\/schema.org\",\"@graph\":[{\"@type\":\"WebPage\",\"@id\":\"https:\/\/varetek.com\/sovellukset\/junat-metro-ja-linja-autot\/\",\"url\":\"https:\/\/varetek.com\/sovellukset\/junat-metro-ja-linja-autot\/\",\"name\":\"Junat, metro ja linja-autot - Varetek\",\"isPartOf\":{\"@id\":\"https:\/\/darkcyan-hare-473592.hostingersite.com\/en\/#website\"},\"datePublished\":\"2022-06-30T07:05:55+00:00\",\"dateModified\":\"2022-06-30T19:22:12+00:00\",\"breadcrumb\":{\"@id\":\"https:\/\/varetek.com\/sovellukset\/junat-metro-ja-linja-autot\/#breadcrumb\"},\"inLanguage\":\"en-US\",\"potentialAction\":[{\"@type\":\"ReadAction\",\"target\":[\"https:\/\/varetek.com\/sovellukset\/junat-metro-ja-linja-autot\/\"]}]},{\"@type\":\"BreadcrumbList\",\"@id\":\"https:\/\/varetek.com\/sovellukset\/junat-metro-ja-linja-autot\/#breadcrumb\",\"itemListElement\":[{\"@type\":\"ListItem\",\"position\":1,\"name\":\"Home\",\"item\":\"https:\/\/darkcyan-hare-473592.hostingersite.com\/en\/\"},{\"@type\":\"ListItem\",\"position\":2,\"name\":\"Sovellukset\",\"item\":\"https:\/\/darkcyan-hare-473592.hostingersite.com\/en\/sovellukset\/\"},{\"@type\":\"ListItem\",\"position\":3,\"name\":\"Junat, metro ja linja-autot\"}]},{\"@type\":\"WebSite\",\"@id\":\"https:\/\/darkcyan-hare-473592.hostingersite.com\/en\/#website\",\"url\":\"https:\/\/darkcyan-hare-473592.hostingersite.com\/en\/\",\"name\":\"Varetek\",\"description\":\"Turvalaitteet koneturvallisuuteen, ovi- ja porttivalmistajille, sairaalakalustoon, huonekaluteollisuuteen ja julkisenliikenteen kalustoon\",\"potentialAction\":[{\"@type\":\"SearchAction\",\"target\":{\"@type\":\"EntryPoint\",\"urlTemplate\":\"https:\/\/darkcyan-hare-473592.hostingersite.com\/en\/?s={search_term_string}\"},\"query-input\":{\"@type\":\"PropertyValueSpecification\",\"valueRequired\":true,\"valueName\":\"search_term_string\"}}],\"inLanguage\":\"en-US\"}]}<\/script>\n<!-- \/ Yoast SEO plugin. -->","yoast_head_json":{"title":"Junat, metro ja linja-autot - Varetek","robots":{"index":"index","follow":"follow","max-snippet":"max-snippet:-1","max-image-preview":"max-image-preview:large","max-video-preview":"max-video-preview:-1"},"canonical":"https:\/\/varetek.com\/en\/sovellukset\/junat-metro-ja-linja-autot\/","og_locale":"en_US","og_type":"article","og_title":"Junat, metro ja linja-autot - Varetek","og_description":"TuotekategoriatJunat, metro ja linja-autot K\u00e4ytt\u00f6turvallisuus joukkoliikenteess\u00e4 tulee kokoajan t\u00e4rke\u00e4mm\u00e4ksi ja Varetek Oy yhdess\u00e4 Euroopan suurimman linja-autojen, metrojen ja ratakaluston ovien turvaj\u00e4rjestelmien toimittajan Mayser Gmbh\u00a0kanssa tarjoaa\u00a0luotettavia ja asiakasr\u00e4\u00e4t\u00e4l\u00f6ityj\u00e4 ratkaisuja matkustajien turvallisuuden takaamiseksi. Varetek Oy valmistaa ja kokoonlaittaa osan turvareunoista Suomessa, jolloin toimitusajat saadaan vastaamaan nykyajan haasteita.\u00a0Katso\u00a0yleisesite t\u00e4st\u00e4:\u00a0esite.pdf\u00a0","og_url":"https:\/\/varetek.com\/en\/sovellukset\/junat-metro-ja-linja-autot\/","og_site_name":"Varetek","article_modified_time":"2022-06-30T19:22:12+00:00","twitter_card":"summary_large_image","twitter_misc":{"Est. reading time":"2 minutes"},"schema":{"@context":"https:\/\/schema.org","@graph":[{"@type":"WebPage","@id":"https:\/\/varetek.com\/sovellukset\/junat-metro-ja-linja-autot\/","url":"https:\/\/varetek.com\/sovellukset\/junat-metro-ja-linja-autot\/","name":"Junat, metro ja linja-autot - Varetek","isPartOf":{"@id":"https:\/\/darkcyan-hare-473592.hostingersite.com\/en\/#website"},"datePublished":"2022-06-30T07:05:55+00:00","dateModified":"2022-06-30T19:22:12+00:00","breadcrumb":{"@id":"https:\/\/varetek.com\/sovellukset\/junat-metro-ja-linja-autot\/#breadcrumb"},"inLanguage":"en-US","potentialAction":[{"@type":"ReadAction","target":["https:\/\/varetek.com\/sovellukset\/junat-metro-ja-linja-autot\/"]}]},{"@type":"BreadcrumbList","@id":"https:\/\/varetek.com\/sovellukset\/junat-metro-ja-linja-autot\/#breadcrumb","itemListElement":[{"@type":"ListItem","position":1,"name":"Home","item":"https:\/\/darkcyan-hare-473592.hostingersite.com\/en\/"},{"@type":"ListItem","position":2,"name":"Sovellukset","item":"https:\/\/darkcyan-hare-473592.hostingersite.com\/en\/sovellukset\/"},{"@type":"ListItem","position":3,"name":"Junat, metro ja linja-autot"}]},{"@type":"WebSite","@id":"https:\/\/darkcyan-hare-473592.hostingersite.com\/en\/#website","url":"https:\/\/darkcyan-hare-473592.hostingersite.com\/en\/","name":"Varetek","description":"Turvalaitteet koneturvallisuuteen, ovi- ja porttivalmistajille, sairaalakalustoon, huonekaluteollisuuteen ja julkisenliikenteen kalustoon","potentialAction":[{"@type":"SearchAction","target":{"@type":"EntryPoint","urlTemplate":"https:\/\/darkcyan-hare-473592.hostingersite.com\/en\/?s={search_term_string}"},"query-input":{"@type":"PropertyValueSpecification","valueRequired":true,"valueName":"search_term_string"}}],"inLanguage":"en-US"}]}},"_links":{"self":[{"href":"https:\/\/varetek.com\/en\/wp-json\/wp\/v2\/pages\/369","targetHints":{"allow":["GET"]}}],"collection":[{"href":"https:\/\/varetek.com\/en\/wp-json\/wp\/v2\/pages"}],"about":[{"href":"https:\/\/varetek.com\/en\/wp-json\/wp\/v2\/types\/page"}],"author":[{"embeddable":true,"href":"https:\/\/varetek.com\/en\/wp-json\/wp\/v2\/users\/1"}],"replies":[{"embeddable":true,"href":"https:\/\/varetek.com\/en\/wp-json\/wp\/v2\/comments?post=369"}],"version-history":[{"count":4,"href":"https:\/\/varetek.com\/en\/wp-json\/wp\/v2\/pages\/369\/revisions"}],"predecessor-version":[{"id":531,"href":"https:\/\/varetek.com\/en\/wp-json\/wp\/v2\/pages\/369\/revisions\/531"}],"up":[{"embeddable":true,"href":"https:\/\/varetek.com\/en\/wp-json\/wp\/v2\/pages\/330"}],"wp:attachment":[{"href":"https:\/\/varetek.com\/en\/wp-json\/wp\/v2\/media?parent=369"}],"curies":[{"name":"wp","href":"https:\/\/api.w.org\/{rel}","templated":true}]}}