{"id":348,"date":"2022-06-30T06:51:59","date_gmt":"2022-06-30T06:51:59","guid":{"rendered":"https:\/\/darkcyan-hare-473592.hostingersite.com\/?page_id=348"},"modified":"2022-06-30T19:15:57","modified_gmt":"2022-06-30T19:15:57","slug":"turvareunat","status":"publish","type":"page","link":"https:\/\/varetek.com\/en\/sovellukset\/koneturvallisuus\/turvareunat\/","title":{"rendered":"Safety edges"},"content":{"rendered":"<p>[et_pb_section fb_built=&#8221;1&#8243; _builder_version=&#8221;4.17.4&#8243; _module_preset=&#8221;default&#8221; background_enable_image=&#8221;off&#8221; min_height=&#8221;300px&#8221; min_height_tablet=&#8221;&#8221; min_height_phone=&#8221;&#8221; min_height_last_edited=&#8221;on|desktop&#8221; custom_padding=&#8221;0px||0px||true|false&#8221; global_colors_info=&#8221;{}&#8221;][et_pb_row use_custom_gutter=&#8221;on&#8221; gutter_width=&#8221;1&#8243; make_equal=&#8221;on&#8221; _builder_version=&#8221;4.17.4&#8243; _module_preset=&#8221;default&#8221; width=&#8221;100%&#8221; max_width=&#8221;100%&#8221; custom_padding=&#8221;0px||0px||false|false&#8221; hover_enabled=&#8221;0&#8243; global_colors_info=&#8221;{}&#8221; sticky_enabled=&#8221;0&#8243;][et_pb_column type=&#8221;4_4&#8243; _builder_version=&#8221;4.17.4&#8243; _module_preset=&#8221;default&#8221; global_colors_info=&#8221;{}&#8221;][et_pb_slider _builder_version=&#8221;4.17.4&#8243; _module_preset=&#8221;default&#8221; hover_enabled=&#8221;0&#8243; global_colors_info=&#8221;{}&#8221; border_width_bottom=&#8221;2px&#8221; border_color_bottom=&#8221;#304f0d&#8221; sticky_enabled=&#8221;0&#8243;][et_pb_slide _builder_version=&#8221;4.17.4&#8243; _module_preset=&#8221;default&#8221; background_enable_color=&#8221;off&#8221; background_image=&#8221;http:\/\/varetek.com\/wp-content\/uploads\/2022\/06\/slide-001_images_sliderit-sliders_slider-overlay-right_1050_800-scaled.jpg&#8221; background_enable_image=&#8221;on&#8221; global_colors_info=&#8221;{}&#8221; sticky_transition=&#8221;on&#8221;][\/et_pb_slide][et_pb_slide _builder_version=&#8221;4.17.4&#8243; _module_preset=&#8221;default&#8221; background_enable_color=&#8221;off&#8221; background_image=&#8221;http:\/\/varetek.com\/wp-content\/uploads\/2022\/06\/02_images_sliderit-sliders_slider-overlay-right_1050_800.jpg&#8221; background_enable_image=&#8221;on&#8221; global_colors_info=&#8221;{}&#8221; sticky_transition=&#8221;on&#8221;][\/et_pb_slide][\/et_pb_slider][\/et_pb_column][\/et_pb_row][\/et_pb_section][et_pb_section fb_built=&#8221;1&#8243; specialty=&#8221;on&#8221; _builder_version=&#8221;4.17.4&#8243; _module_preset=&#8221;default&#8221; global_colors_info=&#8221;{}&#8221;][et_pb_column type=&#8221;1_4&#8243; _builder_version=&#8221;4.16&#8243; custom_padding=&#8221;|||&#8221; global_colors_info=&#8221;{}&#8221; custom_padding__hover=&#8221;|||&#8221;][et_pb_text _builder_version=&#8221;4.17.4&#8243; _module_preset=&#8221;default&#8221; global_colors_info=&#8221;{}&#8221;]<\/p>\n<h4>Products<\/h4>\n<p>[\/et_pb_text][et_pb_menu menu_id=&#8221;16&#8243; _builder_version=&#8221;4.17.4&#8243; _module_preset=&#8221;default&#8221; global_colors_info=&#8221;{}&#8221;][\/et_pb_menu][\/et_pb_column][et_pb_column type=&#8221;3_4&#8243; specialty_columns=&#8221;3&#8243; _builder_version=&#8221;4.16&#8243; custom_padding=&#8221;|||&#8221; global_colors_info=&#8221;{}&#8221; custom_padding__hover=&#8221;|||&#8221;][et_pb_row_inner _builder_version=&#8221;4.17.4&#8243; _module_preset=&#8221;default&#8221; custom_padding=&#8221;0px||0px||true|false&#8221; global_colors_info=&#8221;{}&#8221;][et_pb_column_inner saved_specialty_column_type=&#8221;3_4&#8243; _builder_version=&#8221;4.17.4&#8243; _module_preset=&#8221;default&#8221; global_colors_info=&#8221;{}&#8221;][et_pb_text _builder_version=&#8221;4.17.4&#8243; _dynamic_attributes=&#8221;content&#8221; _module_preset=&#8221;default&#8221; text_font=&#8221;Montserrat|600|||||||&#8221; text_font_size=&#8221;32px&#8221; header_2_font=&#8221;|600|||||||&#8221; header_2_text_color=&#8221;#111111&#8243; header_2_font_size=&#8221;32px&#8221; custom_padding=&#8221;||15px||false|false&#8221; text_font_size_tablet=&#8221;20px&#8221; text_font_size_phone=&#8221;18px&#8221; text_font_size_last_edited=&#8221;on|desktop&#8221; header_2_font_size_tablet=&#8221;20px&#8221; header_2_font_size_phone=&#8221;18px&#8221; header_2_font_size_last_edited=&#8221;on|desktop&#8221; global_colors_info=&#8221;{}&#8221;]@ET-DC@eyJkeW5hbWljIjp0cnVlLCJjb250ZW50IjoicG9zdF90aXRsZSIsInNldHRpbmdzIjp7ImJlZm9yZSI6IiIsImFmdGVyIjoiIn19@[\/et_pb_text][\/et_pb_column_inner][\/et_pb_row_inner][et_pb_row_inner column_structure=&#8221;1_2,1_2&#8243; use_custom_gutter=&#8221;on&#8221; make_equal=&#8221;on&#8221; _builder_version=&#8221;4.17.4&#8243; _module_preset=&#8221;default&#8221; width=&#8221;100%&#8221; custom_padding=&#8221;||||false|false&#8221; global_colors_info=&#8221;{}&#8221;][et_pb_column_inner type=&#8221;1_2&#8243; saved_specialty_column_type=&#8221;3_4&#8243; admin_label=&#8221;Left Column&#8221; _builder_version=&#8221;4.17.4&#8243; _module_preset=&#8221;default&#8221; custom_css_main_element=&#8221;width:70%!important&#8221; global_colors_info=&#8221;{}&#8221; custom_css_main_element_last_edited=&#8221;on|desktop&#8221; custom_css_main_element_tablet=&#8221;width:45%!important;||margin-right:10px!important;&#8221; custom_css_main_element_phone=&#8221;width:100%!important&#8221;][et_pb_image src=&#8221;http:\/\/varetek.com\/wp-content\/uploads\/2022\/06\/4129___MAY_SL_1pik_1000_800.jpg&#8221; title_text=&#8221;4129___MAY_SL_1pik_1000_800&#8243; force_fullwidth=&#8221;on&#8221; _builder_version=&#8221;4.17.4&#8243; _module_preset=&#8221;default&#8221; global_colors_info=&#8221;{}&#8221;][\/et_pb_image][\/et_pb_column_inner][et_pb_column_inner type=&#8221;1_2&#8243; saved_specialty_column_type=&#8221;3_4&#8243; admin_label=&#8221;Column&#8221; _builder_version=&#8221;4.17.4&#8243; _module_preset=&#8221;default&#8221; custom_css_main_element=&#8221;width:30%!important&#8221; global_colors_info=&#8221;{}&#8221; custom_css_main_element_last_edited=&#8221;on|phone&#8221; custom_css_main_element_tablet=&#8221;width:50%!important&#8221; custom_css_main_element_phone=&#8221;width:100%!important&#8221;][dsm_masonry_gallery gallery_ids=&#8221;155,177,350&#8243; columns=&#8221;2&#8243; use_lightbox=&#8221;on&#8221; _builder_version=&#8221;4.17.4&#8243; _module_preset=&#8221;default&#8221; global_colors_info=&#8221;{}&#8221;][\/dsm_masonry_gallery][\/et_pb_column_inner][\/et_pb_row_inner][et_pb_row_inner _builder_version=&#8221;4.17.4&#8243; _module_preset=&#8221;default&#8221; background_enable_color=&#8221;off&#8221; custom_margin=&#8221;||15px||false|false&#8221; custom_padding=&#8221;||||false|false&#8221; border_color_all=&#8221;#cccccc&#8221; global_colors_info=&#8221;{}&#8221;][et_pb_column_inner saved_specialty_column_type=&#8221;3_4&#8243; admin_label=&#8221;Column left&#8221; _builder_version=&#8221;4.17.4&#8243; _module_preset=&#8221;default&#8221; global_colors_info=&#8221;{}&#8221; custom_css_main_element_last_edited=&#8221;on|phone&#8221;][et_pb_text _builder_version=&#8221;4.17.4&#8243; _module_preset=&#8221;default&#8221; header_3_font=&#8221;Montserrat|700|||||||&#8221; header_3_text_align=&#8221;center&#8221; header_3_text_color=&#8221;#304F0D&#8221; header_3_font_size=&#8221;16px&#8221; custom_css_main_element=&#8221;display:block!important;&#8221; global_colors_info=&#8221;{}&#8221;]<\/p>\n<p>.<\/p>\n<p>Safety edges are available in a wide range of profile geometries and make pinching and shearing edges of machines, systems, stages and gates safe - reliably.<\/p>\n<p>Please, click here: <a href=\"https:\/\/darkcyan-hare-473592.hostingersite.com\/tuotteet\/turvareunat\/\"><strong>SAFETY EDGES MODELS<\/strong><\/a><\/p>\n<p>[\/et_pb_text][et_pb_text _builder_version=&#8221;4.17.4&#8243; _module_preset=&#8221;default&#8221; global_colors_info=&#8221;{}&#8221;][\/et_pb_text][\/et_pb_column_inner][\/et_pb_row_inner][\/et_pb_column][\/et_pb_section]<\/p>","protected":false},"excerpt":{"rendered":"<p>Products<div class=\"et_pb_module dsm_masonry_gallery dsm_masonry_gallery_0\">\n\t\t\t\t\n\t\t\t\t\n\t\t\t\t\n\t\t\t\t\n\t\t\t\t\n\t\t\t\t\n\t\t\t\t<div class=\"et_pb_module_inner\">\n\t\t\t\t\t<div class=\"dsm-gallery grid\" data-lightbox=\"true\" data-horizontalorder=\"true\">\r\n                <div class=\"grid-sizer\"><\/div><div class=\"gutter-sizer\"><\/div><div class=\"grid-item\">\r\n                    <a href=\"https:\/\/varetek.com\/wp-content\/uploads\/2022\/06\/4129___MAY_SL_1pik_1000_800.jpg\"  data-title='4129___MAY_SL_1pik_1000_800'  data-caption='' data-mfp-src=\"https:\/\/varetek.com\/wp-content\/uploads\/2022\/06\/4129___MAY_SL_1pik_1000_800.jpg\">\r\n                        <div class=\"et_pb_image_wrap\">\r\n                            <img decoding=\"async\" src=\"https:\/\/varetek.com\/wp-content\/uploads\/2022\/06\/4129___MAY_SL_1pik_1000_800.jpg\" title=\"4129___MAY_SL_1pik_1000_800\" alt=\"\" class=\"dsm-skip-lazyload\" \/>\r\n                            \r\n                        <\/div>\r\n                    <\/a>\r\n                <\/div><div class=\"grid-item\">\r\n                    <a href=\"https:\/\/varetek.com\/wp-content\/uploads\/2022\/06\/4207___0FCABAD6-8559-459A-9640-B4F68C1C9153_1000_800.jpg\"  data-title='4207___0FCABAD6-8559-459A-9640-B4F68C1C9153_1000_800'  data-caption='' data-mfp-src=\"https:\/\/varetek.com\/wp-content\/uploads\/2022\/06\/4207___0FCABAD6-8559-459A-9640-B4F68C1C9153_1000_800.jpg\">\r\n                        <div class=\"et_pb_image_wrap\">\r\n                            <img decoding=\"async\" src=\"https:\/\/varetek.com\/wp-content\/uploads\/2022\/06\/4207___0FCABAD6-8559-459A-9640-B4F68C1C9153_1000_800.jpg\" title=\"4207___0FCABAD6-8559-459A-9640-B4F68C1C9153_1000_800\" alt=\"\" class=\"dsm-skip-lazyload\" \/>\r\n                            \r\n                        <\/div>\r\n                    <\/a>\r\n                <\/div><div class=\"grid-item\">\r\n                    <a href=\"https:\/\/varetek.com\/wp-content\/uploads\/2022\/06\/4178___Reuna4_1000_800.jpg\"  data-title='4178___Reuna4_1000_800'  data-caption='' data-mfp-src=\"https:\/\/varetek.com\/wp-content\/uploads\/2022\/06\/4178___Reuna4_1000_800.jpg\">\r\n                        <div class=\"et_pb_image_wrap\">\r\n                            <img decoding=\"async\" src=\"https:\/\/varetek.com\/wp-content\/uploads\/2022\/06\/4178___Reuna4_1000_800.jpg\" title=\"4178___Reuna4_1000_800\" alt=\"\" class=\"dsm-skip-lazyload\" \/>\r\n                            \r\n                        <\/div>\r\n                    <\/a>\r\n                <\/div>\r\n             <\/div>\n\t\t\t\t<\/div>\n\t\t\t<\/div>Turvareunoja k\u00e4ytet\u00e4\u00e4n puristumis-ja v\u00e4liinj\u00e4\u00e4missuojaukseen. Turvareunoja on saatavilla eritt\u00e4in monipuolinen valikoima, joista l\u00f6ytyy ratkaisu l\u00e4hes kaikkeen puristumis-ja v\u00e4liinj\u00e4\u00e4missuojauksen tarpeisiin. Klikkaa t\u00e4st\u00e4 TURVAREUNA MALLIT<\/p>","protected":false},"author":1,"featured_media":0,"parent":340,"menu_order":0,"comment_status":"closed","ping_status":"closed","template":"","meta":{"_et_pb_use_builder":"on","_et_pb_old_content":"","_et_gb_content_width":"","footnotes":""},"class_list":["post-348","page","type-page","status-publish","hentry"],"yoast_head":"<!-- This site is optimized with the Yoast SEO plugin v25.5 - https:\/\/yoast.com\/wordpress\/plugins\/seo\/ -->\n<title>Turvareunat - Varetek<\/title>\n<meta name=\"robots\" content=\"index, follow, max-snippet:-1, max-image-preview:large, max-video-preview:-1\" \/>\n<link rel=\"canonical\" href=\"https:\/\/varetek.com\/en\/sovellukset\/koneturvallisuus\/turvareunat\/\" \/>\n<meta property=\"og:locale\" content=\"en_US\" \/>\n<meta property=\"og:type\" content=\"article\" \/>\n<meta property=\"og:title\" content=\"Turvareunat - Varetek\" \/>\n<meta property=\"og:description\" content=\"TuotekategoriatTurvareunoja k\u00e4ytet\u00e4\u00e4n puristumis-ja v\u00e4liinj\u00e4\u00e4missuojaukseen. Turvareunoja on saatavilla eritt\u00e4in monipuolinen valikoima, joista l\u00f6ytyy ratkaisu l\u00e4hes kaikkeen puristumis-ja v\u00e4liinj\u00e4\u00e4missuojauksen tarpeisiin. Klikkaa t\u00e4st\u00e4 TURVAREUNA MALLIT\" \/>\n<meta property=\"og:url\" content=\"https:\/\/varetek.com\/en\/sovellukset\/koneturvallisuus\/turvareunat\/\" \/>\n<meta property=\"og:site_name\" content=\"Varetek\" \/>\n<meta property=\"article:modified_time\" content=\"2022-06-30T19:15:57+00:00\" \/>\n<meta name=\"twitter:card\" content=\"summary_large_image\" \/>\n<meta name=\"twitter:label1\" content=\"Est. reading time\" \/>\n\t<meta name=\"twitter:data1\" content=\"4 minutes\" \/>\n<script type=\"application\/ld+json\" class=\"yoast-schema-graph\">{\"@context\":\"https:\/\/schema.org\",\"@graph\":[{\"@type\":\"WebPage\",\"@id\":\"https:\/\/varetek.com\/en\/sovellukset\/koneturvallisuus\/turvareunat\/\",\"url\":\"https:\/\/varetek.com\/en\/sovellukset\/koneturvallisuus\/turvareunat\/\",\"name\":\"Turvareunat - Varetek\",\"isPartOf\":{\"@id\":\"https:\/\/darkcyan-hare-473592.hostingersite.com\/en\/#website\"},\"datePublished\":\"2022-06-30T06:51:59+00:00\",\"dateModified\":\"2022-06-30T19:15:57+00:00\",\"breadcrumb\":{\"@id\":\"https:\/\/varetek.com\/en\/sovellukset\/koneturvallisuus\/turvareunat\/#breadcrumb\"},\"inLanguage\":\"en-US\",\"potentialAction\":[{\"@type\":\"ReadAction\",\"target\":[\"https:\/\/varetek.com\/en\/sovellukset\/koneturvallisuus\/turvareunat\/\"]}]},{\"@type\":\"BreadcrumbList\",\"@id\":\"https:\/\/varetek.com\/en\/sovellukset\/koneturvallisuus\/turvareunat\/#breadcrumb\",\"itemListElement\":[{\"@type\":\"ListItem\",\"position\":1,\"name\":\"Home\",\"item\":\"https:\/\/darkcyan-hare-473592.hostingersite.com\/en\/\"},{\"@type\":\"ListItem\",\"position\":2,\"name\":\"Sovellukset\",\"item\":\"https:\/\/darkcyan-hare-473592.hostingersite.com\/en\/sovellukset\/\"},{\"@type\":\"ListItem\",\"position\":3,\"name\":\"Koneturvallisuus\",\"item\":\"https:\/\/darkcyan-hare-473592.hostingersite.com\/en\/sovellukset\/koneturvallisuus\/\"},{\"@type\":\"ListItem\",\"position\":4,\"name\":\"Turvareunat\"}]},{\"@type\":\"WebSite\",\"@id\":\"https:\/\/darkcyan-hare-473592.hostingersite.com\/en\/#website\",\"url\":\"https:\/\/darkcyan-hare-473592.hostingersite.com\/en\/\",\"name\":\"Varetek\",\"description\":\"Turvalaitteet koneturvallisuuteen, ovi- ja porttivalmistajille, sairaalakalustoon, huonekaluteollisuuteen ja julkisenliikenteen kalustoon\",\"potentialAction\":[{\"@type\":\"SearchAction\",\"target\":{\"@type\":\"EntryPoint\",\"urlTemplate\":\"https:\/\/darkcyan-hare-473592.hostingersite.com\/en\/?s={search_term_string}\"},\"query-input\":{\"@type\":\"PropertyValueSpecification\",\"valueRequired\":true,\"valueName\":\"search_term_string\"}}],\"inLanguage\":\"en-US\"}]}<\/script>\n<!-- \/ Yoast SEO plugin. -->","yoast_head_json":{"title":"Turvareunat - Varetek","robots":{"index":"index","follow":"follow","max-snippet":"max-snippet:-1","max-image-preview":"max-image-preview:large","max-video-preview":"max-video-preview:-1"},"canonical":"https:\/\/varetek.com\/en\/sovellukset\/koneturvallisuus\/turvareunat\/","og_locale":"en_US","og_type":"article","og_title":"Turvareunat - Varetek","og_description":"TuotekategoriatTurvareunoja k\u00e4ytet\u00e4\u00e4n puristumis-ja v\u00e4liinj\u00e4\u00e4missuojaukseen. Turvareunoja on saatavilla eritt\u00e4in monipuolinen valikoima, joista l\u00f6ytyy ratkaisu l\u00e4hes kaikkeen puristumis-ja v\u00e4liinj\u00e4\u00e4missuojauksen tarpeisiin. Klikkaa t\u00e4st\u00e4 TURVAREUNA MALLIT","og_url":"https:\/\/varetek.com\/en\/sovellukset\/koneturvallisuus\/turvareunat\/","og_site_name":"Varetek","article_modified_time":"2022-06-30T19:15:57+00:00","twitter_card":"summary_large_image","twitter_misc":{"Est. reading time":"4 minutes"},"schema":{"@context":"https:\/\/schema.org","@graph":[{"@type":"WebPage","@id":"https:\/\/varetek.com\/en\/sovellukset\/koneturvallisuus\/turvareunat\/","url":"https:\/\/varetek.com\/en\/sovellukset\/koneturvallisuus\/turvareunat\/","name":"Turvareunat - Varetek","isPartOf":{"@id":"https:\/\/darkcyan-hare-473592.hostingersite.com\/en\/#website"},"datePublished":"2022-06-30T06:51:59+00:00","dateModified":"2022-06-30T19:15:57+00:00","breadcrumb":{"@id":"https:\/\/varetek.com\/en\/sovellukset\/koneturvallisuus\/turvareunat\/#breadcrumb"},"inLanguage":"en-US","potentialAction":[{"@type":"ReadAction","target":["https:\/\/varetek.com\/en\/sovellukset\/koneturvallisuus\/turvareunat\/"]}]},{"@type":"BreadcrumbList","@id":"https:\/\/varetek.com\/en\/sovellukset\/koneturvallisuus\/turvareunat\/#breadcrumb","itemListElement":[{"@type":"ListItem","position":1,"name":"Home","item":"https:\/\/darkcyan-hare-473592.hostingersite.com\/en\/"},{"@type":"ListItem","position":2,"name":"Sovellukset","item":"https:\/\/darkcyan-hare-473592.hostingersite.com\/en\/sovellukset\/"},{"@type":"ListItem","position":3,"name":"Koneturvallisuus","item":"https:\/\/darkcyan-hare-473592.hostingersite.com\/en\/sovellukset\/koneturvallisuus\/"},{"@type":"ListItem","position":4,"name":"Turvareunat"}]},{"@type":"WebSite","@id":"https:\/\/darkcyan-hare-473592.hostingersite.com\/en\/#website","url":"https:\/\/darkcyan-hare-473592.hostingersite.com\/en\/","name":"Varetek","description":"Turvalaitteet koneturvallisuuteen, ovi- ja porttivalmistajille, sairaalakalustoon, huonekaluteollisuuteen ja julkisenliikenteen kalustoon","potentialAction":[{"@type":"SearchAction","target":{"@type":"EntryPoint","urlTemplate":"https:\/\/darkcyan-hare-473592.hostingersite.com\/en\/?s={search_term_string}"},"query-input":{"@type":"PropertyValueSpecification","valueRequired":true,"valueName":"search_term_string"}}],"inLanguage":"en-US"}]}},"_links":{"self":[{"href":"https:\/\/varetek.com\/en\/wp-json\/wp\/v2\/pages\/348","targetHints":{"allow":["GET"]}}],"collection":[{"href":"https:\/\/varetek.com\/en\/wp-json\/wp\/v2\/pages"}],"about":[{"href":"https:\/\/varetek.com\/en\/wp-json\/wp\/v2\/types\/page"}],"author":[{"embeddable":true,"href":"https:\/\/varetek.com\/en\/wp-json\/wp\/v2\/users\/1"}],"replies":[{"embeddable":true,"href":"https:\/\/varetek.com\/en\/wp-json\/wp\/v2\/comments?post=348"}],"version-history":[{"count":5,"href":"https:\/\/varetek.com\/en\/wp-json\/wp\/v2\/pages\/348\/revisions"}],"predecessor-version":[{"id":527,"href":"https:\/\/varetek.com\/en\/wp-json\/wp\/v2\/pages\/348\/revisions\/527"}],"up":[{"embeddable":true,"href":"https:\/\/varetek.com\/en\/wp-json\/wp\/v2\/pages\/340"}],"wp:attachment":[{"href":"https:\/\/varetek.com\/en\/wp-json\/wp\/v2\/media?parent=348"}],"curies":[{"name":"wp","href":"https:\/\/api.w.org\/{rel}","templated":true}]}}