{"id":330,"date":"2022-06-30T06:25:18","date_gmt":"2022-06-30T06:25:18","guid":{"rendered":"https:\/\/darkcyan-hare-473592.hostingersite.com\/?page_id=330"},"modified":"2022-07-01T12:07:43","modified_gmt":"2022-07-01T12:07:43","slug":"sovellukset","status":"publish","type":"page","link":"https:\/\/varetek.com\/en\/sovellukset\/","title":{"rendered":"Applications"},"content":{"rendered":"<p>[et_pb_section fb_built=&#8221;1&#8243; _builder_version=&#8221;4.17.4&#8243; _module_preset=&#8221;default&#8221; background_enable_image=&#8221;off&#8221; min_height=&#8221;300px&#8221; min_height_tablet=&#8221;auto&#8221; min_height_phone=&#8221;auto&#8221; min_height_last_edited=&#8221;on|phone&#8221; custom_padding=&#8221;0px||0px||true|false&#8221; global_colors_info=&#8221;{}&#8221;][et_pb_row use_custom_gutter=&#8221;on&#8221; gutter_width=&#8221;1&#8243; make_equal=&#8221;on&#8221; _builder_version=&#8221;4.17.4&#8243; _module_preset=&#8221;default&#8221; width=&#8221;100%&#8221; max_width=&#8221;100%&#8221; custom_padding=&#8221;0px||||false|false&#8221; global_colors_info=&#8221;{}&#8221;][et_pb_column type=&#8221;4_4&#8243; _builder_version=&#8221;4.17.4&#8243; _module_preset=&#8221;default&#8221; global_colors_info=&#8221;{}&#8221;][et_pb_slider _builder_version=&#8221;4.17.4&#8243; _module_preset=&#8221;default&#8221; border_width_bottom=&#8221;3px&#8221; border_color_bottom=&#8221;#304f0d&#8221; global_colors_info=&#8221;{}&#8221;][et_pb_slide _builder_version=&#8221;4.17.4&#8243; _module_preset=&#8221;default&#8221; background_enable_color=&#8221;off&#8221; background_image=&#8221;http:\/\/varetek.com\/wp-content\/uploads\/2022\/06\/slide-001_images_sliderit-sliders_slider-overlay-right_1050_800-scaled.jpg&#8221; background_enable_image=&#8221;on&#8221; global_colors_info=&#8221;{}&#8221; sticky_transition=&#8221;on&#8221;][\/et_pb_slide][et_pb_slide _builder_version=&#8221;4.17.4&#8243; _module_preset=&#8221;default&#8221; background_enable_color=&#8221;off&#8221; background_image=&#8221;http:\/\/varetek.com\/wp-content\/uploads\/2022\/06\/02_images_sliderit-sliders_slider-overlay-right_1050_800.jpg&#8221; background_enable_image=&#8221;on&#8221; global_colors_info=&#8221;{}&#8221; sticky_transition=&#8221;on&#8221;][\/et_pb_slide][\/et_pb_slider][\/et_pb_column][\/et_pb_row][\/et_pb_section][et_pb_section fb_built=&#8221;1&#8243; specialty=&#8221;on&#8221; module_id_1=&#8221;column-1-mage-fix&#8221; module_id_2=&#8221;column-2-mage-fix&#8221; module_class_1=&#8221;column-1-mage-fix&#8221; module_class_2=&#8221;column-2-mage-fix&#8221; _builder_version=&#8221;4.17.4&#8243; _module_preset=&#8221;default&#8221; global_colors_info=&#8221;{}&#8221;][et_pb_column type=&#8221;1_4&#8243; _builder_version=&#8221;4.16&#8243; custom_padding=&#8221;|||&#8221; global_colors_info=&#8221;{}&#8221; custom_padding__hover=&#8221;|||&#8221;][et_pb_text _builder_version=&#8221;4.17.4&#8243; _module_preset=&#8221;default&#8221; header_4_text_align=&#8221;left&#8221; header_4_text_align_tablet=&#8221;right&#8221; header_4_text_align_phone=&#8221;right&#8221; header_4_text_align_last_edited=&#8221;on|phone&#8221; global_colors_info=&#8221;{}&#8221;]<\/p>\n<h4>Products<\/h4>\n<p>[\/et_pb_text][et_pb_menu menu_id=&#8221;16&#8243; _builder_version=&#8221;4.17.4&#8243; _module_preset=&#8221;default&#8221; global_colors_info=&#8221;{}&#8221;][\/et_pb_menu][\/et_pb_column][et_pb_column type=&#8221;3_4&#8243; specialty_columns=&#8221;3&#8243; _builder_version=&#8221;4.16&#8243; custom_padding=&#8221;|||&#8221; global_colors_info=&#8221;{}&#8221; custom_padding__hover=&#8221;|||&#8221;][et_pb_row_inner _builder_version=&#8221;4.17.4&#8243; _module_preset=&#8221;default&#8221; custom_padding=&#8221;0px||0px||true|false&#8221; global_colors_info=&#8221;{}&#8221;][et_pb_column_inner saved_specialty_column_type=&#8221;3_4&#8243; _builder_version=&#8221;4.17.4&#8243; _module_preset=&#8221;default&#8221; global_colors_info=&#8221;{}&#8221;][et_pb_text _builder_version=&#8221;4.17.4&#8243; _module_preset=&#8221;default&#8221; header_2_font=&#8221;|600|||||||&#8221; header_2_text_color=&#8221;#111111&#8243; header_2_font_size=&#8221;32px&#8221; header_2_font_size_tablet=&#8221;20px&#8221; header_2_font_size_phone=&#8221;18px&#8221; header_2_font_size_last_edited=&#8221;on|desktop&#8221; global_colors_info=&#8221;{}&#8221;]<\/p>\n<h2>Applications<\/h2>\n<p>There are several applications for the <strong>safety equipment<\/strong>we offer, with the primary applications presented in the links on the left.<\/p>\n<p>[\/et_pb_text][\/et_pb_column_inner][\/et_pb_row_inner][et_pb_row_inner column_structure=&#8221;1_2,1_2&#8243; _builder_version=&#8221;4.17.4&#8243; _module_preset=&#8221;default&#8221; background_enable_color=&#8221;off&#8221; custom_margin=&#8221;30px||15px||false|false&#8221; custom_padding=&#8221;20px|20px|0px|20px|false|true&#8221; hover_enabled=&#8221;0&#8243; border_width_all=&#8221;1px&#8221; border_color_all=&#8221;#cccccc&#8221; global_colors_info=&#8221;{}&#8221; custom_padding_last_edited=&#8221;on|phone&#8221; custom_padding_phone=&#8221;||22px||false|true&#8221; sticky_enabled=&#8221;0&#8243; custom_padding_tablet=&#8221;20px|20px|0px|20px|false|true&#8221;][et_pb_column_inner type=&#8221;1_2&#8243; saved_specialty_column_type=&#8221;3_4&#8243; _builder_version=&#8221;4.17.4&#8243; _module_preset=&#8221;default&#8221; global_colors_info=&#8221;{}&#8221;][et_pb_text _builder_version=&#8221;4.17.4&#8243; _module_preset=&#8221;default&#8221; header_3_font=&#8221;Montserrat|700|||||||&#8221; header_3_text_align=&#8221;center&#8221; header_3_text_color=&#8221;#304F0D&#8221; header_3_font_size=&#8221;16px&#8221; link_option_url=&#8221;https:\/\/darkcyan-hare-473592.hostingersite.com\/sovellukset\/koneturvallisuus\/&#8221; custom_css_main_element=&#8221;display:block!important;&#8221; global_colors_info=&#8221;{}&#8221;]<\/p>\n<h3>Machine safety\u200c<\/h3>\n<p><img loading=\"lazy\" decoding=\"async\" src=\"http:\/\/varetek.com\/wp-content\/uploads\/2022\/06\/4104___Matto1_1000_800.jpg\" width=\"278\" height=\"200\" alt=\"\" class=\"wp-image-333 alignnone size-full\" \/><\/p>\n<p>[\/et_pb_text][et_pb_button button_url=&#8221;https:\/\/darkcyan-hare-473592.hostingersite.com\/sovellukset\/koneturvallisuus\/&#8221; button_text=&#8221;Tutustu t\u00e4\u00e4lt\u00e4&#8221; button_alignment=&#8221;left&#8221; module_class=&#8221;block-button&#8221; _builder_version=&#8221;4.17.4&#8243; _module_preset=&#8221;default&#8221; custom_button=&#8221;on&#8221; button_text_size=&#8221;14px&#8221; button_text_color=&#8221;#FFFFFF&#8221; button_bg_color=&#8221;#304F0D&#8221; button_border_width=&#8221;0px&#8221; button_border_color=&#8221;#304F0D&#8221; button_use_icon=&#8221;off&#8221; custom_padding=&#8221;||||false|false&#8221; global_colors_info=&#8221;{}&#8221;][\/et_pb_button][et_pb_text _builder_version=&#8221;4.17.4&#8243; _module_preset=&#8221;default&#8221; global_colors_info=&#8221;{}&#8221;][\/et_pb_text][\/et_pb_column_inner][et_pb_column_inner type=&#8221;1_2&#8243; saved_specialty_column_type=&#8221;3_4&#8243; _builder_version=&#8221;4.17.4&#8243; _module_preset=&#8221;default&#8221; global_colors_info=&#8221;{}&#8221;][et_pb_text _builder_version=&#8221;4.17.4&#8243; _module_preset=&#8221;default&#8221; header_3_font=&#8221;Montserrat|700|||||||&#8221; header_3_text_align=&#8221;center&#8221; header_3_text_color=&#8221;#304F0D&#8221; header_3_font_size=&#8221;16px&#8221; link_option_url=&#8221;https:\/\/darkcyan-hare-473592.hostingersite.com\/sovellukset\/ovet-ja-portit\/&#8221; global_colors_info=&#8221;{}&#8221;]<\/p>\n<h3>Doors and gates<\/h3>\n<p><img loading=\"lazy\" decoding=\"async\" src=\"http:\/\/varetek.com\/wp-content\/uploads\/2022\/06\/4105___01_1000_800.jpg\" width=\"278\" height=\"200\" alt=\"\" class=\"wp-image-334 alignnone size-full\" \/><\/p>\n<p>[\/et_pb_text][et_pb_button button_url=&#8221;https:\/\/darkcyan-hare-473592.hostingersite.com\/sovellukset\/ovet-ja-portit\/&#8221; button_text=&#8221;Tutustu t\u00e4\u00e4lt\u00e4&#8221; button_alignment=&#8221;left&#8221; module_class=&#8221;block-button&#8221; _builder_version=&#8221;4.17.4&#8243; _module_preset=&#8221;default&#8221; custom_button=&#8221;on&#8221; button_text_size=&#8221;14px&#8221; button_text_color=&#8221;#FFFFFF&#8221; button_bg_color=&#8221;#304F0D&#8221; button_border_width=&#8221;0px&#8221; button_border_color=&#8221;#304F0D&#8221; button_use_icon=&#8221;off&#8221; custom_padding=&#8221;||||false|false&#8221; custom_css_main_element=&#8221;display:block;&#8221; global_colors_info=&#8221;{}&#8221;][\/et_pb_button][\/et_pb_column_inner][\/et_pb_row_inner][et_pb_row_inner column_structure=&#8221;1_2,1_2&#8243; _builder_version=&#8221;4.17.4&#8243; _module_preset=&#8221;default&#8221; background_enable_color=&#8221;off&#8221; custom_margin=&#8221;||15px||false|false&#8221; custom_padding=&#8221;20px|20px|0px|20px|false|true&#8221; hover_enabled=&#8221;0&#8243; border_width_all=&#8221;1px&#8221; border_color_all=&#8221;#cccccc&#8221; global_colors_info=&#8221;{}&#8221; custom_padding_last_edited=&#8221;on|phone&#8221; custom_padding_phone=&#8221;||22px||false|true&#8221; sticky_enabled=&#8221;0&#8243; custom_padding_tablet=&#8221;20px|20px|0px|20px|false|true&#8221;][et_pb_column_inner type=&#8221;1_2&#8243; saved_specialty_column_type=&#8221;3_4&#8243; _builder_version=&#8221;4.17.4&#8243; _module_preset=&#8221;default&#8221; global_colors_info=&#8221;{}&#8221;][et_pb_text _builder_version=&#8221;4.17.4&#8243; _module_preset=&#8221;default&#8221; header_3_font=&#8221;Montserrat|700|||||||&#8221; header_3_text_align=&#8221;center&#8221; header_3_text_color=&#8221;#304F0D&#8221; header_3_font_size=&#8221;16px&#8221; link_option_url=&#8221;https:\/\/darkcyan-hare-473592.hostingersite.com\/sovellukset\/junat-metro-ja-linja-autot\/&#8221; custom_css_main_element=&#8221;display:block!important;&#8221; global_colors_info=&#8221;{}&#8221;]<\/p>\n<h3>Trains, subway trains and buses<\/h3>\n<p><img loading=\"lazy\" decoding=\"async\" src=\"http:\/\/varetek.com\/wp-content\/uploads\/2022\/06\/4107___Stepmat_2_1000_800.jpg\" width=\"278\" height=\"200\" alt=\"\" class=\"wp-image-335 alignnone size-full\" \/><\/p>\n<p>[\/et_pb_text][et_pb_button button_url=&#8221;https:\/\/darkcyan-hare-473592.hostingersite.com\/sovellukset\/junat-metro-ja-linja-autot\/&#8221; button_text=&#8221;Tutustu t\u00e4\u00e4lt\u00e4&#8221; button_alignment=&#8221;left&#8221; module_class=&#8221;block-button&#8221; _builder_version=&#8221;4.17.4&#8243; _module_preset=&#8221;default&#8221; custom_button=&#8221;on&#8221; button_text_size=&#8221;14px&#8221; button_text_color=&#8221;#FFFFFF&#8221; button_bg_color=&#8221;#304F0D&#8221; button_border_width=&#8221;0px&#8221; button_border_color=&#8221;#304F0D&#8221; button_use_icon=&#8221;off&#8221; custom_padding=&#8221;||||false|false&#8221; global_colors_info=&#8221;{}&#8221;][\/et_pb_button][et_pb_text _builder_version=&#8221;4.17.4&#8243; _module_preset=&#8221;default&#8221; global_colors_info=&#8221;{}&#8221;][\/et_pb_text][\/et_pb_column_inner][et_pb_column_inner type=&#8221;1_2&#8243; saved_specialty_column_type=&#8221;3_4&#8243; _builder_version=&#8221;4.17.4&#8243; _module_preset=&#8221;default&#8221; global_colors_info=&#8221;{}&#8221;][et_pb_text _builder_version=&#8221;4.17.4&#8243; _module_preset=&#8221;default&#8221; header_3_font=&#8221;Montserrat|700|||||||&#8221; header_3_text_align=&#8221;center&#8221; header_3_text_color=&#8221;#304F0D&#8221; header_3_font_size=&#8221;16px&#8221; link_option_url=&#8221;https:\/\/darkcyan-hare-473592.hostingersite.com\/sovellukset\/sairaalalaitteet\/&#8221; global_colors_info=&#8221;{}&#8221;]<\/p>\n<h3>Hospital equipment<\/h3>\n<p><img loading=\"lazy\" decoding=\"async\" src=\"http:\/\/varetek.com\/wp-content\/uploads\/2022\/06\/4108___Medical_1000_800.jpg\" width=\"278\" height=\"200\" alt=\"\" class=\"wp-image-336 alignnone size-full\" \/><\/p>\n<p>[\/et_pb_text][et_pb_button button_url=&#8221;https:\/\/darkcyan-hare-473592.hostingersite.com\/sovellukset\/sairaalalaitteet\/&#8221; button_text=&#8221;Tutustu t\u00e4\u00e4lt\u00e4&#8221; button_alignment=&#8221;left&#8221; module_class=&#8221;block-button&#8221; _builder_version=&#8221;4.17.4&#8243; _module_preset=&#8221;default&#8221; custom_button=&#8221;on&#8221; button_text_size=&#8221;14px&#8221; button_text_color=&#8221;#FFFFFF&#8221; button_bg_color=&#8221;#304F0D&#8221; button_border_width=&#8221;0px&#8221; button_border_color=&#8221;#304F0D&#8221; button_use_icon=&#8221;off&#8221; custom_padding=&#8221;||||false|false&#8221; custom_css_main_element=&#8221;display:block;&#8221; global_colors_info=&#8221;{}&#8221;][\/et_pb_button][\/et_pb_column_inner][\/et_pb_row_inner][et_pb_row_inner column_structure=&#8221;1_2,1_2&#8243; _builder_version=&#8221;4.17.4&#8243; _module_preset=&#8221;default&#8221; background_enable_color=&#8221;off&#8221; custom_padding=&#8221;20px|20px|0px|20px|false|true&#8221; hover_enabled=&#8221;0&#8243; border_width_all=&#8221;1px&#8221; border_color_all=&#8221;#cccccc&#8221; global_colors_info=&#8221;{}&#8221; custom_padding_last_edited=&#8221;on|phone&#8221; custom_padding_phone=&#8221;||22px||false|true&#8221; sticky_enabled=&#8221;0&#8243; custom_padding_tablet=&#8221;20px|20px|0px|20px|false|true&#8221;][et_pb_column_inner type=&#8221;1_2&#8243; saved_specialty_column_type=&#8221;3_4&#8243; _builder_version=&#8221;4.17.4&#8243; _module_preset=&#8221;default&#8221; global_colors_info=&#8221;{}&#8221;][et_pb_text _builder_version=&#8221;4.17.4&#8243; _module_preset=&#8221;default&#8221; header_3_font=&#8221;Montserrat|700|||||||&#8221; header_3_text_align=&#8221;center&#8221; header_3_text_color=&#8221;#304F0D&#8221; header_3_font_size=&#8221;16px&#8221; link_option_url=&#8221;https:\/\/darkcyan-hare-473592.hostingersite.com\/sovellukset\/huonekaluteollisuus\/&#8221; custom_css_main_element=&#8221;display:block!important;&#8221; global_colors_info=&#8221;{}&#8221;]<\/p>\n<h3>Furniture industry<\/h3>\n<p><img loading=\"lazy\" decoding=\"async\" src=\"http:\/\/varetek.com\/wp-content\/uploads\/2022\/06\/4095___Miniedge1_1000_800.jpg\" width=\"278\" height=\"200\" alt=\"\" class=\"wp-image-165 alignnone size-full\" \/><\/p>\n<p>[\/et_pb_text][et_pb_button button_url=&#8221;https:\/\/darkcyan-hare-473592.hostingersite.com\/sovellukset\/huonekaluteollisuus\/&#8221; button_text=&#8221;Tutustu t\u00e4\u00e4lt\u00e4&#8221; button_alignment=&#8221;left&#8221; module_class=&#8221;block-button&#8221; _builder_version=&#8221;4.17.4&#8243; _module_preset=&#8221;default&#8221; custom_button=&#8221;on&#8221; button_text_size=&#8221;14px&#8221; button_text_color=&#8221;#FFFFFF&#8221; button_bg_color=&#8221;#304F0D&#8221; button_border_width=&#8221;0px&#8221; button_border_color=&#8221;#304F0D&#8221; button_use_icon=&#8221;off&#8221; custom_padding=&#8221;||||false|false&#8221; global_colors_info=&#8221;{}&#8221;][\/et_pb_button][et_pb_text _builder_version=&#8221;4.17.4&#8243; _module_preset=&#8221;default&#8221; global_colors_info=&#8221;{}&#8221;][\/et_pb_text][\/et_pb_column_inner][et_pb_column_inner type=&#8221;1_2&#8243; saved_specialty_column_type=&#8221;3_4&#8243; _builder_version=&#8221;4.17.4&#8243; _module_preset=&#8221;default&#8221; global_colors_info=&#8221;{}&#8221;][et_pb_text disabled_on=&#8221;on|on|on&#8221; _builder_version=&#8221;4.17.4&#8243; _module_preset=&#8221;default&#8221; header_3_font=&#8221;Montserrat|700|||||||&#8221; header_3_text_align=&#8221;center&#8221; header_3_text_color=&#8221;#304F0D&#8221; header_3_font_size=&#8221;16px&#8221; link_option_url=&#8221;https:\/\/darkcyan-hare-473592.hostingersite.com\/tuotteet\/kaapelijohteet\/&#8221; disabled=&#8221;on&#8221; global_colors_info=&#8221;{}&#8221;]<\/p>\n<h3>Cable conduits<\/h3>\n<p><img loading=\"lazy\" decoding=\"async\" src=\"http:\/\/varetek.com\/wp-content\/uploads\/2022\/06\/4106___MAY_WLS_1000_800.jpg\" width=\"250\" height=\"181\" alt=\"\" class=\"wp-image-167 alignnone size-full\" style=\"display: block; margin-left: auto; margin-right: auto;\" \/><\/p>\n<p>&nbsp;<\/p>\n<p>[\/et_pb_text][et_pb_button button_url=&#8221;https:\/\/darkcyan-hare-473592.hostingersite.com\/tuotteet\/kaapelijohteet\/&#8221; button_text=&#8221;Tutustu t\u00e4\u00e4lt\u00e4&#8221; button_alignment=&#8221;left&#8221; disabled_on=&#8221;on|on|on&#8221; module_class=&#8221;block-button&#8221; _builder_version=&#8221;4.17.4&#8243; _module_preset=&#8221;default&#8221; custom_button=&#8221;on&#8221; button_text_size=&#8221;14px&#8221; button_text_color=&#8221;#FFFFFF&#8221; button_bg_color=&#8221;#304F0D&#8221; button_border_width=&#8221;0px&#8221; button_border_color=&#8221;#304F0D&#8221; button_use_icon=&#8221;off&#8221; custom_padding=&#8221;||||false|false&#8221; custom_css_main_element=&#8221;display:block;&#8221; disabled=&#8221;on&#8221; global_colors_info=&#8221;{}&#8221;][\/et_pb_button][\/et_pb_column_inner][\/et_pb_row_inner][\/et_pb_column][\/et_pb_section]<\/p>","protected":false},"excerpt":{"rendered":"<p>TuotekategoriatSovellukset Tarjoamillemme turvalaitteille l\u00f6ytyy useita sovelluskohteita, joista t\u00e4rkeimm\u00e4t on esitelty vasemman laidan linkeiss\u00e4.Koneturvallisuus Ovet ja portit Junat, metro ja linja-autot Sairaalalaitteet Huonekaluteollisuus Kaapelijohteet &nbsp;<\/p>","protected":false},"author":1,"featured_media":0,"parent":0,"menu_order":0,"comment_status":"closed","ping_status":"closed","template":"","meta":{"_et_pb_use_builder":"on","_et_pb_old_content":"<!-- wp:divi\/placeholder \/-->","_et_gb_content_width":"","footnotes":""},"class_list":["post-330","page","type-page","status-publish","hentry"],"yoast_head":"<!-- This site is optimized with the Yoast SEO plugin v25.5 - https:\/\/yoast.com\/wordpress\/plugins\/seo\/ -->\n<title>Sovellukset - Varetek<\/title>\n<meta name=\"robots\" content=\"index, follow, max-snippet:-1, max-image-preview:large, max-video-preview:-1\" \/>\n<link rel=\"canonical\" href=\"https:\/\/darkcyan-hare-473592.hostingersite.com\/en\/sovellukset\/\" \/>\n<meta property=\"og:locale\" content=\"en_US\" \/>\n<meta property=\"og:type\" content=\"article\" \/>\n<meta property=\"og:title\" content=\"Sovellukset - Varetek\" \/>\n<meta property=\"og:description\" content=\"TuotekategoriatSovellukset Tarjoamillemme turvalaitteille l\u00f6ytyy useita sovelluskohteita, joista t\u00e4rkeimm\u00e4t on esitelty vasemman laidan linkeiss\u00e4.Koneturvallisuus Ovet ja portit Junat, metro ja linja-autot Sairaalalaitteet Huonekaluteollisuus Kaapelijohteet &nbsp;\" \/>\n<meta property=\"og:url\" content=\"https:\/\/darkcyan-hare-473592.hostingersite.com\/en\/sovellukset\/\" \/>\n<meta property=\"og:site_name\" content=\"Varetek\" \/>\n<meta property=\"article:modified_time\" content=\"2022-07-01T12:07:43+00:00\" \/>\n<meta property=\"og:image\" content=\"http:\/\/varetek.com\/wp-content\/uploads\/2022\/06\/4104___Matto1_1000_800.jpg\" \/>\n<meta name=\"twitter:card\" content=\"summary_large_image\" \/>\n<meta name=\"twitter:label1\" content=\"Est. reading time\" \/>\n\t<meta name=\"twitter:data1\" content=\"7 minutes\" \/>\n<script type=\"application\/ld+json\" class=\"yoast-schema-graph\">{\"@context\":\"https:\/\/schema.org\",\"@graph\":[{\"@type\":\"WebPage\",\"@id\":\"https:\/\/darkcyan-hare-473592.hostingersite.com\/en\/sovellukset\/\",\"url\":\"https:\/\/darkcyan-hare-473592.hostingersite.com\/en\/sovellukset\/\",\"name\":\"Sovellukset - Varetek\",\"isPartOf\":{\"@id\":\"https:\/\/darkcyan-hare-473592.hostingersite.com\/en\/#website\"},\"primaryImageOfPage\":{\"@id\":\"https:\/\/darkcyan-hare-473592.hostingersite.com\/en\/sovellukset\/#primaryimage\"},\"image\":{\"@id\":\"https:\/\/darkcyan-hare-473592.hostingersite.com\/en\/sovellukset\/#primaryimage\"},\"thumbnailUrl\":\"http:\/\/varetek.com\/wp-content\/uploads\/2022\/06\/4104___Matto1_1000_800.jpg\",\"datePublished\":\"2022-06-30T06:25:18+00:00\",\"dateModified\":\"2022-07-01T12:07:43+00:00\",\"breadcrumb\":{\"@id\":\"https:\/\/darkcyan-hare-473592.hostingersite.com\/en\/sovellukset\/#breadcrumb\"},\"inLanguage\":\"en-US\",\"potentialAction\":[{\"@type\":\"ReadAction\",\"target\":[\"https:\/\/darkcyan-hare-473592.hostingersite.com\/en\/sovellukset\/\"]}]},{\"@type\":\"ImageObject\",\"inLanguage\":\"en-US\",\"@id\":\"https:\/\/darkcyan-hare-473592.hostingersite.com\/en\/sovellukset\/#primaryimage\",\"url\":\"http:\/\/varetek.com\/wp-content\/uploads\/2022\/06\/4104___Matto1_1000_800.jpg\",\"contentUrl\":\"http:\/\/varetek.com\/wp-content\/uploads\/2022\/06\/4104___Matto1_1000_800.jpg\"},{\"@type\":\"BreadcrumbList\",\"@id\":\"https:\/\/darkcyan-hare-473592.hostingersite.com\/en\/sovellukset\/#breadcrumb\",\"itemListElement\":[{\"@type\":\"ListItem\",\"position\":1,\"name\":\"Home\",\"item\":\"https:\/\/darkcyan-hare-473592.hostingersite.com\/en\/\"},{\"@type\":\"ListItem\",\"position\":2,\"name\":\"Sovellukset\"}]},{\"@type\":\"WebSite\",\"@id\":\"https:\/\/darkcyan-hare-473592.hostingersite.com\/en\/#website\",\"url\":\"https:\/\/darkcyan-hare-473592.hostingersite.com\/en\/\",\"name\":\"Varetek\",\"description\":\"Turvalaitteet koneturvallisuuteen, ovi- ja porttivalmistajille, sairaalakalustoon, huonekaluteollisuuteen ja julkisenliikenteen kalustoon\",\"potentialAction\":[{\"@type\":\"SearchAction\",\"target\":{\"@type\":\"EntryPoint\",\"urlTemplate\":\"https:\/\/darkcyan-hare-473592.hostingersite.com\/en\/?s={search_term_string}\"},\"query-input\":{\"@type\":\"PropertyValueSpecification\",\"valueRequired\":true,\"valueName\":\"search_term_string\"}}],\"inLanguage\":\"en-US\"}]}<\/script>\n<!-- \/ Yoast SEO plugin. -->","yoast_head_json":{"title":"Sovellukset - Varetek","robots":{"index":"index","follow":"follow","max-snippet":"max-snippet:-1","max-image-preview":"max-image-preview:large","max-video-preview":"max-video-preview:-1"},"canonical":"https:\/\/darkcyan-hare-473592.hostingersite.com\/en\/sovellukset\/","og_locale":"en_US","og_type":"article","og_title":"Sovellukset - Varetek","og_description":"TuotekategoriatSovellukset Tarjoamillemme turvalaitteille l\u00f6ytyy useita sovelluskohteita, joista t\u00e4rkeimm\u00e4t on esitelty vasemman laidan linkeiss\u00e4.Koneturvallisuus Ovet ja portit Junat, metro ja linja-autot Sairaalalaitteet Huonekaluteollisuus Kaapelijohteet &nbsp;","og_url":"https:\/\/darkcyan-hare-473592.hostingersite.com\/en\/sovellukset\/","og_site_name":"Varetek","article_modified_time":"2022-07-01T12:07:43+00:00","og_image":[{"url":"http:\/\/varetek.com\/wp-content\/uploads\/2022\/06\/4104___Matto1_1000_800.jpg","type":"","width":"","height":""}],"twitter_card":"summary_large_image","twitter_misc":{"Est. reading time":"7 minutes"},"schema":{"@context":"https:\/\/schema.org","@graph":[{"@type":"WebPage","@id":"https:\/\/darkcyan-hare-473592.hostingersite.com\/en\/sovellukset\/","url":"https:\/\/darkcyan-hare-473592.hostingersite.com\/en\/sovellukset\/","name":"Sovellukset - Varetek","isPartOf":{"@id":"https:\/\/darkcyan-hare-473592.hostingersite.com\/en\/#website"},"primaryImageOfPage":{"@id":"https:\/\/darkcyan-hare-473592.hostingersite.com\/en\/sovellukset\/#primaryimage"},"image":{"@id":"https:\/\/darkcyan-hare-473592.hostingersite.com\/en\/sovellukset\/#primaryimage"},"thumbnailUrl":"http:\/\/varetek.com\/wp-content\/uploads\/2022\/06\/4104___Matto1_1000_800.jpg","datePublished":"2022-06-30T06:25:18+00:00","dateModified":"2022-07-01T12:07:43+00:00","breadcrumb":{"@id":"https:\/\/darkcyan-hare-473592.hostingersite.com\/en\/sovellukset\/#breadcrumb"},"inLanguage":"en-US","potentialAction":[{"@type":"ReadAction","target":["https:\/\/darkcyan-hare-473592.hostingersite.com\/en\/sovellukset\/"]}]},{"@type":"ImageObject","inLanguage":"en-US","@id":"https:\/\/darkcyan-hare-473592.hostingersite.com\/en\/sovellukset\/#primaryimage","url":"http:\/\/varetek.com\/wp-content\/uploads\/2022\/06\/4104___Matto1_1000_800.jpg","contentUrl":"http:\/\/varetek.com\/wp-content\/uploads\/2022\/06\/4104___Matto1_1000_800.jpg"},{"@type":"BreadcrumbList","@id":"https:\/\/darkcyan-hare-473592.hostingersite.com\/en\/sovellukset\/#breadcrumb","itemListElement":[{"@type":"ListItem","position":1,"name":"Home","item":"https:\/\/darkcyan-hare-473592.hostingersite.com\/en\/"},{"@type":"ListItem","position":2,"name":"Sovellukset"}]},{"@type":"WebSite","@id":"https:\/\/darkcyan-hare-473592.hostingersite.com\/en\/#website","url":"https:\/\/darkcyan-hare-473592.hostingersite.com\/en\/","name":"Varetek","description":"Turvalaitteet koneturvallisuuteen, ovi- ja porttivalmistajille, sairaalakalustoon, huonekaluteollisuuteen ja julkisenliikenteen kalustoon","potentialAction":[{"@type":"SearchAction","target":{"@type":"EntryPoint","urlTemplate":"https:\/\/darkcyan-hare-473592.hostingersite.com\/en\/?s={search_term_string}"},"query-input":{"@type":"PropertyValueSpecification","valueRequired":true,"valueName":"search_term_string"}}],"inLanguage":"en-US"}]}},"_links":{"self":[{"href":"https:\/\/varetek.com\/en\/wp-json\/wp\/v2\/pages\/330","targetHints":{"allow":["GET"]}}],"collection":[{"href":"https:\/\/varetek.com\/en\/wp-json\/wp\/v2\/pages"}],"about":[{"href":"https:\/\/varetek.com\/en\/wp-json\/wp\/v2\/types\/page"}],"author":[{"embeddable":true,"href":"https:\/\/varetek.com\/en\/wp-json\/wp\/v2\/users\/1"}],"replies":[{"embeddable":true,"href":"https:\/\/varetek.com\/en\/wp-json\/wp\/v2\/comments?post=330"}],"version-history":[{"count":8,"href":"https:\/\/varetek.com\/en\/wp-json\/wp\/v2\/pages\/330\/revisions"}],"predecessor-version":[{"id":555,"href":"https:\/\/varetek.com\/en\/wp-json\/wp\/v2\/pages\/330\/revisions\/555"}],"wp:attachment":[{"href":"https:\/\/varetek.com\/en\/wp-json\/wp\/v2\/media?parent=330"}],"curies":[{"name":"wp","href":"https:\/\/api.w.org\/{rel}","templated":true}]}}