{"id":32,"date":"2022-06-27T16:14:23","date_gmt":"2022-06-27T16:14:23","guid":{"rendered":"https:\/\/darkcyan-hare-473592.hostingersite.com\/?page_id=32"},"modified":"2022-06-30T20:30:10","modified_gmt":"2022-06-30T20:30:10","slug":"lataukset","status":"publish","type":"page","link":"https:\/\/varetek.com\/en\/lataukset\/","title":{"rendered":"Downloads"},"content":{"rendered":"<p>[et_pb_section fb_built=&#8221;1&#8243; _builder_version=&#8221;4.17.4&#8243; _module_preset=&#8221;default&#8221; background_enable_image=&#8221;off&#8221; min_height=&#8221;300px&#8221; min_height_tablet=&#8221;&#8221; min_height_phone=&#8221;&#8221; min_height_last_edited=&#8221;on|desktop&#8221; custom_padding=&#8221;0px||0px||true|false&#8221; global_colors_info=&#8221;{}&#8221;][et_pb_row use_custom_gutter=&#8221;on&#8221; gutter_width=&#8221;1&#8243; make_equal=&#8221;on&#8221; _builder_version=&#8221;4.17.4&#8243; _module_preset=&#8221;default&#8221; width=&#8221;100%&#8221; max_width=&#8221;100%&#8221; custom_padding=&#8221;0px||||false|false&#8221; global_colors_info=&#8221;{}&#8221;][et_pb_column type=&#8221;4_4&#8243; _builder_version=&#8221;4.17.4&#8243; _module_preset=&#8221;default&#8221; global_colors_info=&#8221;{}&#8221;][et_pb_slider _builder_version=&#8221;4.17.4&#8243; _module_preset=&#8221;default&#8221; border_width_bottom=&#8221;3px&#8221; border_color_bottom=&#8221;#304f0d&#8221; global_colors_info=&#8221;{}&#8221;][et_pb_slide _builder_version=&#8221;4.17.4&#8243; _module_preset=&#8221;default&#8221; background_enable_color=&#8221;off&#8221; background_image=&#8221;http:\/\/varetek.com\/wp-content\/uploads\/2022\/06\/slide-001_images_sliderit-sliders_slider-overlay-right_1050_800-scaled.jpg&#8221; background_enable_image=&#8221;on&#8221; global_colors_info=&#8221;{}&#8221; sticky_transition=&#8221;on&#8221;][\/et_pb_slide][et_pb_slide _builder_version=&#8221;4.17.4&#8243; _module_preset=&#8221;default&#8221; background_enable_color=&#8221;off&#8221; background_image=&#8221;http:\/\/varetek.com\/wp-content\/uploads\/2022\/06\/02_images_sliderit-sliders_slider-overlay-right_1050_800.jpg&#8221; background_enable_image=&#8221;on&#8221; global_colors_info=&#8221;{}&#8221; sticky_transition=&#8221;on&#8221;][\/et_pb_slide][\/et_pb_slider][\/et_pb_column][\/et_pb_row][\/et_pb_section][et_pb_section fb_built=&#8221;1&#8243; _builder_version=&#8221;4.17.4&#8243; _module_preset=&#8221;default&#8221; custom_padding=&#8221;0px||||false|false&#8221; global_colors_info=&#8221;{}&#8221;][et_pb_row _builder_version=&#8221;4.17.4&#8243; _module_preset=&#8221;default&#8221; global_colors_info=&#8221;{}&#8221;][et_pb_column type=&#8221;4_4&#8243; _builder_version=&#8221;4.17.4&#8243; _module_preset=&#8221;default&#8221; global_colors_info=&#8221;{}&#8221;][et_pb_text _builder_version=&#8221;4.17.4&#8243; _module_preset=&#8221;default&#8221; hover_enabled=&#8221;0&#8243; global_colors_info=&#8221;{}&#8221; sticky_enabled=&#8221;0&#8243;]<\/p>\n<h2>Downloads - Installation and operating instructions<\/h2>\n<p><em><\/em><\/p>\n<p><em>The installation instructions are available as PDF files.<\/em><\/p>\n<p>If you cannot find the information you need in this section, please see the brochure of the product in question. <a href=\"https:\/\/darkcyan-hare-473592.hostingersite.com\/tuotteet\/\">tuotteen esite<\/a>.<\/p>\n<hr \/>\n<p>TURVAREUNAT, TURVAMATOT, VALVONTAYKSIK\u00d6T:<\/p>\n<ol>\n<li><strong><a href=\"http:\/\/varetek.com\/wp-content\/uploads\/2022\/06\/GP_SP_reunojen_asennusohje.pdf\">Installation instructions for the SP\/GP safety edges (FI)<\/a><\/strong><\/li>\n<li><strong><a href=\"http:\/\/varetek.com\/wp-content\/uploads\/2022\/06\/GP_turvareunojen_kytkenta.pdf\">Wiring of the GP safety edges (FI)<\/a><\/strong><\/li>\n<li><strong><a href=\"http:\/\/varetek.com\/wp-content\/uploads\/2022\/06\/EKS_minireunojen_asennusohje.pdf\">Installation instructions for the EKS miniature safety edges (FI)<\/a><\/strong><\/li>\n<li><strong><a href=\"http:\/\/varetek.com\/wp-content\/uploads\/2022\/06\/SM-turvamattojen-asennusohje.pdf\">Installation instructions for the safety bumpers (FI)<\/a><\/strong><\/li>\n<li><strong><a href=\"http:\/\/varetek.com\/wp-content\/uploads\/2022\/06\/SP_Reunojen_Kokoonpano-ohje_1.pdf\">Installation instructions for the safety mats (FI)<\/a><\/strong><\/li>\n<li><strong><a href=\"http:\/\/varetek.com\/wp-content\/uploads\/2022\/06\/SP_Reunojen_Kokoonpano-ohje_2.pdf\">Installation instructions for the SP safety edges, part 1<\/a><\/strong><\/li>\n<li><strong><a href=\"http:\/\/varetek.com\/wp-content\/uploads\/2022\/06\/InfoControll-EN.pdf\">Installation instructions for the SP safety edges, part 2, end flanges<\/a><\/strong><\/li>\n<li><strong><a href=\"http:\/\/varetek.com\/wp-content\/uploads\/2022\/06\/MA-SK-SP_EN-2.pdf\">Oversight SG-relays<\/a><\/strong><\/li>\n<li><strong><a href=\"http:\/\/varetek.com\/wp-content\/uploads\/2022\/06\/RB3TR_2020.pdf\">SP edges Installation<\/a><\/strong><\/li>\n<li><strong><a href=\"http:\/\/varetek.com\/wp-content\/uploads\/2022\/06\/BA-RS309-2_EN-1.pdf\">RB3TR Radioband system<\/a><\/strong><\/li>\n<li><strong><a href=\"https:\/\/darkcyan-hare-473592.hostingersite.com\/images\/base\/lataukset-art\/BA-RS309-2_EN.pdf\" target=\"_blank\" rel=\"noopener\">SG-RS-309-2 Control Unit EN<\/a><\/strong><\/li>\n<\/ol>\n<p>&nbsp;<\/p>\n<p>ESITTEET:<\/p>\n<p><strong><a href=\"http:\/\/varetek.com\/wp-content\/uploads\/2022\/06\/Broschre_Industrie_EN_WEB_20200526.pdf\">Industry, Automation, Logistics.pdf<\/a><\/strong><\/p>\n<p><strong><a href=\"http:\/\/varetek.com\/wp-content\/uploads\/2022\/06\/Broschure_OPV_WEB_EN_20180525-1.pdf\" target=\"_blank\" rel=\"noopener\">Safety for public transport.pdf<\/a><\/strong><\/p>\n<p><a href=\"http:\/\/varetek.com\/wp-content\/uploads\/2022\/06\/PI-SK-SP_EN-2-1.pdf\"><strong>SP Safety edges.pdf<\/strong><\/a><\/p>\n<p><strong><a href=\"http:\/\/varetek.com\/wp-content\/uploads\/2022\/06\/SPDIY.pdf\">SP Safety edges DIY.pdf<\/a><\/strong><\/p>\n<p>[\/et_pb_text][\/et_pb_column][\/et_pb_row][\/et_pb_section]<\/p>","protected":false},"excerpt":{"rendered":"<p>Asennus- ja k\u00e4ytt\u00f6ohjeita Asennusohjeet ovat pdf. tiedostoina. Jos t\u00e4st\u00e4 osiosta ei l\u00f6ydy tarvittavaa apua, niin katsokaa ko. tuotteen esite. TURVAREUNAT, TURVAMATOT, VALVONTAYKSIK\u00d6T: SP\/GP turvareunojen asennusohje GP reunojen kytkent\u00e4 EKS minireunojen asennusohje Turvamattojen asennusohje SP reunojen kokoonpano-ohje osa1 SP reunojen kokoonpano-ohje osa2 p\u00e4\u00e4tylaipat Yleiskatsaus SG- valvontayksik\u00f6t SP reunojen asennusohje EN RB3TR j\u00e4rjestelm\u00e4 SG-RS-309-2 valvontayksikk\u00f6. SG-RS-309-2 Control [&hellip;]<\/p>","protected":false},"author":1,"featured_media":0,"parent":0,"menu_order":0,"comment_status":"closed","ping_status":"closed","template":"","meta":{"_et_pb_use_builder":"on","_et_pb_old_content":"<!-- wp:divi\/placeholder \/-->","_et_gb_content_width":"","footnotes":""},"class_list":["post-32","page","type-page","status-publish","hentry"],"yoast_head":"<!-- This site is optimized with the Yoast SEO plugin v25.5 - https:\/\/yoast.com\/wordpress\/plugins\/seo\/ -->\n<title>Lataukset - Varetek<\/title>\n<meta name=\"robots\" content=\"index, follow, max-snippet:-1, max-image-preview:large, max-video-preview:-1\" \/>\n<link rel=\"canonical\" href=\"https:\/\/varetek.com\/en\/lataukset\/\" \/>\n<meta property=\"og:locale\" content=\"en_US\" \/>\n<meta property=\"og:type\" content=\"article\" \/>\n<meta property=\"og:title\" content=\"Lataukset - Varetek\" \/>\n<meta property=\"og:description\" content=\"Asennus- ja k\u00e4ytt\u00f6ohjeita Asennusohjeet ovat pdf. tiedostoina. Jos t\u00e4st\u00e4 osiosta ei l\u00f6ydy tarvittavaa apua, niin katsokaa ko. tuotteen esite. TURVAREUNAT, TURVAMATOT, VALVONTAYKSIK\u00d6T: SP\/GP turvareunojen asennusohje GP reunojen kytkent\u00e4 EKS minireunojen asennusohje Turvamattojen asennusohje SP reunojen kokoonpano-ohje osa1 SP reunojen kokoonpano-ohje osa2 p\u00e4\u00e4tylaipat Yleiskatsaus SG- valvontayksik\u00f6t SP reunojen asennusohje EN RB3TR j\u00e4rjestelm\u00e4 SG-RS-309-2 valvontayksikk\u00f6. SG-RS-309-2 Control [&hellip;]\" \/>\n<meta property=\"og:url\" content=\"https:\/\/varetek.com\/en\/lataukset\/\" \/>\n<meta property=\"og:site_name\" content=\"Varetek\" \/>\n<meta property=\"article:modified_time\" content=\"2022-06-30T20:30:10+00:00\" \/>\n<meta name=\"twitter:card\" content=\"summary_large_image\" \/>\n<meta name=\"twitter:label1\" content=\"Est. reading time\" \/>\n\t<meta name=\"twitter:data1\" content=\"2 minutes\" \/>\n<script type=\"application\/ld+json\" class=\"yoast-schema-graph\">{\"@context\":\"https:\/\/schema.org\",\"@graph\":[{\"@type\":\"WebPage\",\"@id\":\"https:\/\/varetek.com\/lataukset\/\",\"url\":\"https:\/\/varetek.com\/lataukset\/\",\"name\":\"Lataukset - Varetek\",\"isPartOf\":{\"@id\":\"https:\/\/darkcyan-hare-473592.hostingersite.com\/en\/#website\"},\"datePublished\":\"2022-06-27T16:14:23+00:00\",\"dateModified\":\"2022-06-30T20:30:10+00:00\",\"breadcrumb\":{\"@id\":\"https:\/\/varetek.com\/lataukset\/#breadcrumb\"},\"inLanguage\":\"en-US\",\"potentialAction\":[{\"@type\":\"ReadAction\",\"target\":[\"https:\/\/varetek.com\/lataukset\/\"]}]},{\"@type\":\"BreadcrumbList\",\"@id\":\"https:\/\/varetek.com\/lataukset\/#breadcrumb\",\"itemListElement\":[{\"@type\":\"ListItem\",\"position\":1,\"name\":\"Home\",\"item\":\"https:\/\/darkcyan-hare-473592.hostingersite.com\/en\/\"},{\"@type\":\"ListItem\",\"position\":2,\"name\":\"Lataukset\"}]},{\"@type\":\"WebSite\",\"@id\":\"https:\/\/darkcyan-hare-473592.hostingersite.com\/en\/#website\",\"url\":\"https:\/\/darkcyan-hare-473592.hostingersite.com\/en\/\",\"name\":\"Varetek\",\"description\":\"Turvalaitteet koneturvallisuuteen, ovi- ja porttivalmistajille, sairaalakalustoon, huonekaluteollisuuteen ja julkisenliikenteen kalustoon\",\"potentialAction\":[{\"@type\":\"SearchAction\",\"target\":{\"@type\":\"EntryPoint\",\"urlTemplate\":\"https:\/\/darkcyan-hare-473592.hostingersite.com\/en\/?s={search_term_string}\"},\"query-input\":{\"@type\":\"PropertyValueSpecification\",\"valueRequired\":true,\"valueName\":\"search_term_string\"}}],\"inLanguage\":\"en-US\"}]}<\/script>\n<!-- \/ Yoast SEO plugin. -->","yoast_head_json":{"title":"Lataukset - Varetek","robots":{"index":"index","follow":"follow","max-snippet":"max-snippet:-1","max-image-preview":"max-image-preview:large","max-video-preview":"max-video-preview:-1"},"canonical":"https:\/\/varetek.com\/en\/lataukset\/","og_locale":"en_US","og_type":"article","og_title":"Lataukset - Varetek","og_description":"Asennus- ja k\u00e4ytt\u00f6ohjeita Asennusohjeet ovat pdf. tiedostoina. Jos t\u00e4st\u00e4 osiosta ei l\u00f6ydy tarvittavaa apua, niin katsokaa ko. tuotteen esite. TURVAREUNAT, TURVAMATOT, VALVONTAYKSIK\u00d6T: SP\/GP turvareunojen asennusohje GP reunojen kytkent\u00e4 EKS minireunojen asennusohje Turvamattojen asennusohje SP reunojen kokoonpano-ohje osa1 SP reunojen kokoonpano-ohje osa2 p\u00e4\u00e4tylaipat Yleiskatsaus SG- valvontayksik\u00f6t SP reunojen asennusohje EN RB3TR j\u00e4rjestelm\u00e4 SG-RS-309-2 valvontayksikk\u00f6. SG-RS-309-2 Control [&hellip;]","og_url":"https:\/\/varetek.com\/en\/lataukset\/","og_site_name":"Varetek","article_modified_time":"2022-06-30T20:30:10+00:00","twitter_card":"summary_large_image","twitter_misc":{"Est. reading time":"2 minutes"},"schema":{"@context":"https:\/\/schema.org","@graph":[{"@type":"WebPage","@id":"https:\/\/varetek.com\/lataukset\/","url":"https:\/\/varetek.com\/lataukset\/","name":"Lataukset - Varetek","isPartOf":{"@id":"https:\/\/darkcyan-hare-473592.hostingersite.com\/en\/#website"},"datePublished":"2022-06-27T16:14:23+00:00","dateModified":"2022-06-30T20:30:10+00:00","breadcrumb":{"@id":"https:\/\/varetek.com\/lataukset\/#breadcrumb"},"inLanguage":"en-US","potentialAction":[{"@type":"ReadAction","target":["https:\/\/varetek.com\/lataukset\/"]}]},{"@type":"BreadcrumbList","@id":"https:\/\/varetek.com\/lataukset\/#breadcrumb","itemListElement":[{"@type":"ListItem","position":1,"name":"Home","item":"https:\/\/darkcyan-hare-473592.hostingersite.com\/en\/"},{"@type":"ListItem","position":2,"name":"Lataukset"}]},{"@type":"WebSite","@id":"https:\/\/darkcyan-hare-473592.hostingersite.com\/en\/#website","url":"https:\/\/darkcyan-hare-473592.hostingersite.com\/en\/","name":"Varetek","description":"Turvalaitteet koneturvallisuuteen, ovi- ja porttivalmistajille, sairaalakalustoon, huonekaluteollisuuteen ja julkisenliikenteen kalustoon","potentialAction":[{"@type":"SearchAction","target":{"@type":"EntryPoint","urlTemplate":"https:\/\/darkcyan-hare-473592.hostingersite.com\/en\/?s={search_term_string}"},"query-input":{"@type":"PropertyValueSpecification","valueRequired":true,"valueName":"search_term_string"}}],"inLanguage":"en-US"}]}},"_links":{"self":[{"href":"https:\/\/varetek.com\/en\/wp-json\/wp\/v2\/pages\/32","targetHints":{"allow":["GET"]}}],"collection":[{"href":"https:\/\/varetek.com\/en\/wp-json\/wp\/v2\/pages"}],"about":[{"href":"https:\/\/varetek.com\/en\/wp-json\/wp\/v2\/types\/page"}],"author":[{"embeddable":true,"href":"https:\/\/varetek.com\/en\/wp-json\/wp\/v2\/users\/1"}],"replies":[{"embeddable":true,"href":"https:\/\/varetek.com\/en\/wp-json\/wp\/v2\/comments?post=32"}],"version-history":[{"count":9,"href":"https:\/\/varetek.com\/en\/wp-json\/wp\/v2\/pages\/32\/revisions"}],"predecessor-version":[{"id":548,"href":"https:\/\/varetek.com\/en\/wp-json\/wp\/v2\/pages\/32\/revisions\/548"}],"wp:attachment":[{"href":"https:\/\/varetek.com\/en\/wp-json\/wp\/v2\/media?parent=32"}],"curies":[{"name":"wp","href":"https:\/\/api.w.org\/{rel}","templated":true}]}}