{"id":313,"date":"2022-06-30T06:02:50","date_gmt":"2022-06-30T06:02:50","guid":{"rendered":"https:\/\/darkcyan-hare-473592.hostingersite.com\/?page_id=313"},"modified":"2022-06-30T19:01:21","modified_gmt":"2022-06-30T19:01:21","slug":"sg-rs309-2","status":"publish","type":"page","link":"https:\/\/varetek.com\/en\/tuotteet\/valvontayksikot\/sg-rs309-2\/","title":{"rendered":"SG-RS309-2"},"content":{"rendered":"<p>[et_pb_section fb_built=&#8221;1&#8243; _builder_version=&#8221;4.17.4&#8243; _module_preset=&#8221;default&#8221; background_enable_image=&#8221;off&#8221; min_height=&#8221;300px&#8221; min_height_tablet=&#8221;&#8221; min_height_phone=&#8221;&#8221; min_height_last_edited=&#8221;on|desktop&#8221; custom_padding=&#8221;0px||0px||true|false&#8221; global_colors_info=&#8221;{}&#8221;][et_pb_row use_custom_gutter=&#8221;on&#8221; gutter_width=&#8221;1&#8243; make_equal=&#8221;on&#8221; _builder_version=&#8221;4.17.4&#8243; _module_preset=&#8221;default&#8221; width=&#8221;100%&#8221; max_width=&#8221;100%&#8221; custom_padding=&#8221;0px||0px||false|false&#8221; hover_enabled=&#8221;0&#8243; global_colors_info=&#8221;{}&#8221; sticky_enabled=&#8221;0&#8243;][et_pb_column type=&#8221;4_4&#8243; _builder_version=&#8221;4.17.4&#8243; _module_preset=&#8221;default&#8221; global_colors_info=&#8221;{}&#8221;][et_pb_slider _builder_version=&#8221;4.17.4&#8243; _module_preset=&#8221;default&#8221; hover_enabled=&#8221;0&#8243; global_colors_info=&#8221;{}&#8221; sticky_enabled=&#8221;0&#8243; border_width_bottom=&#8221;2px&#8221; border_color_bottom=&#8221;#304f0d&#8221;][et_pb_slide _builder_version=&#8221;4.17.4&#8243; _module_preset=&#8221;default&#8221; background_enable_color=&#8221;off&#8221; background_image=&#8221;http:\/\/varetek.com\/wp-content\/uploads\/2022\/06\/slide-001_images_sliderit-sliders_slider-overlay-right_1050_800-scaled.jpg&#8221; background_enable_image=&#8221;on&#8221; global_colors_info=&#8221;{}&#8221; sticky_transition=&#8221;on&#8221;][\/et_pb_slide][et_pb_slide _builder_version=&#8221;4.17.4&#8243; _module_preset=&#8221;default&#8221; background_enable_color=&#8221;off&#8221; background_image=&#8221;http:\/\/varetek.com\/wp-content\/uploads\/2022\/06\/02_images_sliderit-sliders_slider-overlay-right_1050_800.jpg&#8221; background_enable_image=&#8221;on&#8221; global_colors_info=&#8221;{}&#8221; sticky_transition=&#8221;on&#8221;][\/et_pb_slide][\/et_pb_slider][\/et_pb_column][\/et_pb_row][\/et_pb_section][et_pb_section fb_built=&#8221;1&#8243; specialty=&#8221;on&#8221; _builder_version=&#8221;4.17.4&#8243; _module_preset=&#8221;default&#8221; global_colors_info=&#8221;{}&#8221;][et_pb_column type=&#8221;1_4&#8243; _builder_version=&#8221;4.16&#8243; custom_padding=&#8221;|||&#8221; global_colors_info=&#8221;{}&#8221; custom_padding__hover=&#8221;|||&#8221;][et_pb_text _builder_version=&#8221;4.17.4&#8243; _module_preset=&#8221;default&#8221; global_colors_info=&#8221;{}&#8221;]<\/p>\n<h4>Products<\/h4>\n<p>[\/et_pb_text][et_pb_menu menu_id=&#8221;14&#8243; _builder_version=&#8221;4.17.4&#8243; _module_preset=&#8221;default&#8221; global_colors_info=&#8221;{}&#8221;][\/et_pb_menu][\/et_pb_column][et_pb_column type=&#8221;3_4&#8243; specialty_columns=&#8221;3&#8243; _builder_version=&#8221;4.16&#8243; custom_padding=&#8221;|||&#8221; global_colors_info=&#8221;{}&#8221; custom_padding__hover=&#8221;|||&#8221;][et_pb_row_inner _builder_version=&#8221;4.17.4&#8243; _module_preset=&#8221;default&#8221; custom_padding=&#8221;0px||0px||true|false&#8221; global_colors_info=&#8221;{}&#8221;][et_pb_column_inner saved_specialty_column_type=&#8221;3_4&#8243; _builder_version=&#8221;4.17.4&#8243; _module_preset=&#8221;default&#8221; global_colors_info=&#8221;{}&#8221;][et_pb_text _builder_version=&#8221;4.17.4&#8243; _dynamic_attributes=&#8221;content&#8221; _module_preset=&#8221;default&#8221; text_font=&#8221;Montserrat|600|||||||&#8221; text_font_size=&#8221;32px&#8221; header_2_font=&#8221;|600|||||||&#8221; header_2_text_color=&#8221;#111111&#8243; header_2_font_size=&#8221;32px&#8221; custom_padding=&#8221;||15px||false|false&#8221; text_font_size_tablet=&#8221;20px&#8221; text_font_size_phone=&#8221;18px&#8221; text_font_size_last_edited=&#8221;on|desktop&#8221; header_2_font_size_tablet=&#8221;20px&#8221; header_2_font_size_phone=&#8221;18px&#8221; header_2_font_size_last_edited=&#8221;on|desktop&#8221; global_colors_info=&#8221;{}&#8221;]@ET-DC@eyJkeW5hbWljIjp0cnVlLCJjb250ZW50IjoicG9zdF90aXRsZSIsInNldHRpbmdzIjp7ImJlZm9yZSI6IiIsImFmdGVyIjoiIn19@[\/et_pb_text][\/et_pb_column_inner][\/et_pb_row_inner][et_pb_row_inner column_structure=&#8221;1_2,1_2&#8243; use_custom_gutter=&#8221;on&#8221; make_equal=&#8221;on&#8221; _builder_version=&#8221;4.17.4&#8243; _module_preset=&#8221;default&#8221; width=&#8221;100%&#8221; custom_padding=&#8221;||||false|false&#8221; global_colors_info=&#8221;{}&#8221;][et_pb_column_inner type=&#8221;1_2&#8243; saved_specialty_column_type=&#8221;3_4&#8243; admin_label=&#8221;Left Column&#8221; _builder_version=&#8221;4.17.4&#8243; _module_preset=&#8221;default&#8221; custom_css_main_element=&#8221;width:70%!important&#8221; global_colors_info=&#8221;{}&#8221; custom_css_main_element_last_edited=&#8221;on|desktop&#8221; custom_css_main_element_tablet=&#8221;width:45%!important;||margin-right:10px!important;&#8221; custom_css_main_element_phone=&#8221;width:100%!important&#8221;][et_pb_image src=&#8221;http:\/\/varetek.com\/wp-content\/uploads\/2022\/06\/4215___Na\u0308ytto\u0308kuva_2022-1-5_kello_19.30_1000_800.jpg&#8221; title_text=&#8221;4215___Na\u0308ytto\u0308kuva_2022-1-5_kello_19.30_1000_800&#8243; force_fullwidth=&#8221;on&#8221; _builder_version=&#8221;4.17.4&#8243; _module_preset=&#8221;default&#8221; global_colors_info=&#8221;{}&#8221;][\/et_pb_image][\/et_pb_column_inner][et_pb_column_inner type=&#8221;1_2&#8243; saved_specialty_column_type=&#8221;3_4&#8243; admin_label=&#8221;Column&#8221; _builder_version=&#8221;4.17.4&#8243; _module_preset=&#8221;default&#8221; custom_css_main_element=&#8221;width:30%!important&#8221; global_colors_info=&#8221;{}&#8221; custom_css_main_element_last_edited=&#8221;on|phone&#8221; custom_css_main_element_tablet=&#8221;width:50%!important&#8221; custom_css_main_element_phone=&#8221;width:100%!important&#8221;][et_pb_image src=&#8221;http:\/\/varetek.com\/wp-content\/uploads\/2022\/06\/4215___Na\u0308ytto\u0308kuva_2022-1-5_kello_19.30_1000_800.jpg&#8221; title_text=&#8221;4215___Na\u0308ytto\u0308kuva_2022-1-5_kello_19.30_1000_800&#8243; show_in_lightbox=&#8221;on&#8221; _builder_version=&#8221;4.17.4&#8243; _module_preset=&#8221;default&#8221; global_colors_info=&#8221;{}&#8221;][\/et_pb_image][\/et_pb_column_inner][\/et_pb_row_inner][et_pb_row_inner _builder_version=&#8221;4.17.4&#8243; _module_preset=&#8221;default&#8221; background_enable_color=&#8221;off&#8221; custom_margin=&#8221;||15px||false|false&#8221; custom_padding=&#8221;||||false|false&#8221; border_color_all=&#8221;#cccccc&#8221; global_colors_info=&#8221;{}&#8221;][et_pb_column_inner saved_specialty_column_type=&#8221;3_4&#8243; admin_label=&#8221;Column left&#8221; _builder_version=&#8221;4.17.4&#8243; _module_preset=&#8221;default&#8221; global_colors_info=&#8221;{}&#8221; custom_css_main_element_last_edited=&#8221;on|phone&#8221;][et_pb_text _builder_version=&#8221;4.17.4&#8243; _module_preset=&#8221;default&#8221; header_3_font=&#8221;Montserrat|700|||||||&#8221; header_3_text_align=&#8221;center&#8221; header_3_text_color=&#8221;#304F0D&#8221; header_3_font_size=&#8221;16px&#8221; custom_css_main_element=&#8221;display:block!important;&#8221; global_colors_info=&#8221;{}&#8221;]<\/p>\n<p>Fulfill requirements of 3 PL d.<\/p>\n<p>Supply voltage can be between 24V DC - 36V DC.<\/p>\n<p>The control unit has dual channel, two monitoring circuits each control two semiconductor outputs.<\/p>\n<p>Further information, click here: <a href=\"http:\/\/varetek.com\/wp-content\/uploads\/2022\/06\/BA-RS309-2_EN.pdf\"><span style=\"text-decoration: underline;\"><strong>SG-RS-309-2<\/strong><\/span><\/a><\/p>\n<p>[\/et_pb_text][et_pb_text _builder_version=&#8221;4.17.4&#8243; _module_preset=&#8221;default&#8221; global_colors_info=&#8221;{}&#8221;][\/et_pb_text][\/et_pb_column_inner][\/et_pb_row_inner][\/et_pb_column][\/et_pb_section]<\/p>","protected":false},"excerpt":{"rendered":"<p>TuotekategoriatSG-RS-309-2 valvontayksikk\u00f6 t\u00e4ytt\u00e4\u00e4 3 PL d luokan vaatimukset. Valvontayksik\u00f6n sy\u00f6tt\u00f6j\u00e4nnite 24V DC -36V DC. Valvontayksik\u00f6ss\u00e4 on kaksi erillist\u00e4 ulostuloa ( puolijohdeulostulot ) kahdennetuilla turvakoskettimilla. Sill\u00e4 pystyt\u00e4\u00e4n valvomaan 8.2k tai 10k Ohmin p\u00e4\u00e4teresistorilla varustettuja turvalaitteita. Lis\u00e4tietoa, klikkaa t\u00e4st\u00e4: SG-RS-309-2<\/p>","protected":false},"author":1,"featured_media":0,"parent":206,"menu_order":0,"comment_status":"closed","ping_status":"closed","template":"","meta":{"_et_pb_use_builder":"on","_et_pb_old_content":"","_et_gb_content_width":"","footnotes":""},"class_list":["post-313","page","type-page","status-publish","hentry"],"yoast_head":"<!-- This site is optimized with the Yoast SEO plugin v27.4 - https:\/\/yoast.com\/product\/yoast-seo-wordpress\/ -->\n<title>SG-RS309-2 - Varetek<\/title>\n<meta name=\"robots\" content=\"index, follow, max-snippet:-1, max-image-preview:large, max-video-preview:-1\" \/>\n<link rel=\"canonical\" href=\"https:\/\/darkcyan-hare-473592.hostingersite.com\/en\/tuotteet\/valvontayksikot\/sg-rs309-2\/\" \/>\n<meta property=\"og:locale\" content=\"en_US\" \/>\n<meta property=\"og:type\" content=\"article\" \/>\n<meta property=\"og:title\" content=\"SG-RS309-2 - Varetek\" \/>\n<meta property=\"og:description\" content=\"TuotekategoriatSG-RS-309-2 valvontayksikk\u00f6 t\u00e4ytt\u00e4\u00e4 3 PL d luokan vaatimukset. Valvontayksik\u00f6n sy\u00f6tt\u00f6j\u00e4nnite 24V DC -36V DC. Valvontayksik\u00f6ss\u00e4 on kaksi erillist\u00e4 ulostuloa ( puolijohdeulostulot ) kahdennetuilla turvakoskettimilla. Sill\u00e4 pystyt\u00e4\u00e4n valvomaan 8.2k tai 10k Ohmin p\u00e4\u00e4teresistorilla varustettuja turvalaitteita. Lis\u00e4tietoa, klikkaa t\u00e4st\u00e4: SG-RS-309-2\" \/>\n<meta property=\"og:url\" content=\"https:\/\/darkcyan-hare-473592.hostingersite.com\/en\/tuotteet\/valvontayksikot\/sg-rs309-2\/\" \/>\n<meta property=\"og:site_name\" content=\"Varetek\" \/>\n<meta property=\"article:modified_time\" content=\"2022-06-30T19:01:21+00:00\" \/>\n<meta name=\"twitter:card\" content=\"summary_large_image\" \/>\n<meta name=\"twitter:label1\" content=\"Est. reading time\" \/>\n\t<meta name=\"twitter:data1\" content=\"4 minutes\" \/>\n<script type=\"application\/ld+json\" class=\"yoast-schema-graph\">{\"@context\":\"https:\\\/\\\/schema.org\",\"@graph\":[{\"@type\":\"WebPage\",\"@id\":\"https:\\\/\\\/darkcyan-hare-473592.hostingersite.com\\\/en\\\/tuotteet\\\/valvontayksikot\\\/sg-rs309-2\\\/\",\"url\":\"https:\\\/\\\/darkcyan-hare-473592.hostingersite.com\\\/en\\\/tuotteet\\\/valvontayksikot\\\/sg-rs309-2\\\/\",\"name\":\"SG-RS309-2 - Varetek\",\"isPartOf\":{\"@id\":\"https:\\\/\\\/darkcyan-hare-473592.hostingersite.com\\\/en\\\/#website\"},\"datePublished\":\"2022-06-30T06:02:50+00:00\",\"dateModified\":\"2022-06-30T19:01:21+00:00\",\"breadcrumb\":{\"@id\":\"https:\\\/\\\/darkcyan-hare-473592.hostingersite.com\\\/en\\\/tuotteet\\\/valvontayksikot\\\/sg-rs309-2\\\/#breadcrumb\"},\"inLanguage\":\"en-US\",\"potentialAction\":[{\"@type\":\"ReadAction\",\"target\":[\"https:\\\/\\\/darkcyan-hare-473592.hostingersite.com\\\/en\\\/tuotteet\\\/valvontayksikot\\\/sg-rs309-2\\\/\"]}]},{\"@type\":\"BreadcrumbList\",\"@id\":\"https:\\\/\\\/darkcyan-hare-473592.hostingersite.com\\\/en\\\/tuotteet\\\/valvontayksikot\\\/sg-rs309-2\\\/#breadcrumb\",\"itemListElement\":[{\"@type\":\"ListItem\",\"position\":1,\"name\":\"Home\",\"item\":\"https:\\\/\\\/darkcyan-hare-473592.hostingersite.com\\\/en\\\/\"},{\"@type\":\"ListItem\",\"position\":2,\"name\":\"Tuotteet\",\"item\":\"https:\\\/\\\/varetek.com\\\/tuotteet\\\/\"},{\"@type\":\"ListItem\",\"position\":3,\"name\":\"Valvontayksik\u00f6t\",\"item\":\"https:\\\/\\\/darkcyan-hare-473592.hostingersite.com\\\/en\\\/tuotteet\\\/valvontayksikot\\\/\"},{\"@type\":\"ListItem\",\"position\":4,\"name\":\"SG-RS309-2\"}]},{\"@type\":\"WebSite\",\"@id\":\"https:\\\/\\\/darkcyan-hare-473592.hostingersite.com\\\/en\\\/#website\",\"url\":\"https:\\\/\\\/darkcyan-hare-473592.hostingersite.com\\\/en\\\/\",\"name\":\"Varetek\",\"description\":\"Turvalaitteet koneturvallisuuteen, ovi- ja porttivalmistajille, sairaalakalustoon, huonekaluteollisuuteen ja julkisenliikenteen kalustoon\",\"potentialAction\":[{\"@type\":\"SearchAction\",\"target\":{\"@type\":\"EntryPoint\",\"urlTemplate\":\"https:\\\/\\\/darkcyan-hare-473592.hostingersite.com\\\/en\\\/?s={search_term_string}\"},\"query-input\":{\"@type\":\"PropertyValueSpecification\",\"valueRequired\":true,\"valueName\":\"search_term_string\"}}],\"inLanguage\":\"en-US\"}]}<\/script>\n<!-- \/ Yoast SEO plugin. -->","yoast_head_json":{"title":"SG-RS309-2 - Varetek","robots":{"index":"index","follow":"follow","max-snippet":"max-snippet:-1","max-image-preview":"max-image-preview:large","max-video-preview":"max-video-preview:-1"},"canonical":"https:\/\/darkcyan-hare-473592.hostingersite.com\/en\/tuotteet\/valvontayksikot\/sg-rs309-2\/","og_locale":"en_US","og_type":"article","og_title":"SG-RS309-2 - Varetek","og_description":"TuotekategoriatSG-RS-309-2 valvontayksikk\u00f6 t\u00e4ytt\u00e4\u00e4 3 PL d luokan vaatimukset. Valvontayksik\u00f6n sy\u00f6tt\u00f6j\u00e4nnite 24V DC -36V DC. Valvontayksik\u00f6ss\u00e4 on kaksi erillist\u00e4 ulostuloa ( puolijohdeulostulot ) kahdennetuilla turvakoskettimilla. Sill\u00e4 pystyt\u00e4\u00e4n valvomaan 8.2k tai 10k Ohmin p\u00e4\u00e4teresistorilla varustettuja turvalaitteita. Lis\u00e4tietoa, klikkaa t\u00e4st\u00e4: SG-RS-309-2","og_url":"https:\/\/darkcyan-hare-473592.hostingersite.com\/en\/tuotteet\/valvontayksikot\/sg-rs309-2\/","og_site_name":"Varetek","article_modified_time":"2022-06-30T19:01:21+00:00","twitter_card":"summary_large_image","twitter_misc":{"Est. reading time":"4 minutes"},"schema":{"@context":"https:\/\/schema.org","@graph":[{"@type":"WebPage","@id":"https:\/\/darkcyan-hare-473592.hostingersite.com\/en\/tuotteet\/valvontayksikot\/sg-rs309-2\/","url":"https:\/\/darkcyan-hare-473592.hostingersite.com\/en\/tuotteet\/valvontayksikot\/sg-rs309-2\/","name":"SG-RS309-2 - Varetek","isPartOf":{"@id":"https:\/\/darkcyan-hare-473592.hostingersite.com\/en\/#website"},"datePublished":"2022-06-30T06:02:50+00:00","dateModified":"2022-06-30T19:01:21+00:00","breadcrumb":{"@id":"https:\/\/darkcyan-hare-473592.hostingersite.com\/en\/tuotteet\/valvontayksikot\/sg-rs309-2\/#breadcrumb"},"inLanguage":"en-US","potentialAction":[{"@type":"ReadAction","target":["https:\/\/darkcyan-hare-473592.hostingersite.com\/en\/tuotteet\/valvontayksikot\/sg-rs309-2\/"]}]},{"@type":"BreadcrumbList","@id":"https:\/\/darkcyan-hare-473592.hostingersite.com\/en\/tuotteet\/valvontayksikot\/sg-rs309-2\/#breadcrumb","itemListElement":[{"@type":"ListItem","position":1,"name":"Home","item":"https:\/\/darkcyan-hare-473592.hostingersite.com\/en\/"},{"@type":"ListItem","position":2,"name":"Tuotteet","item":"https:\/\/varetek.com\/tuotteet\/"},{"@type":"ListItem","position":3,"name":"Valvontayksik\u00f6t","item":"https:\/\/darkcyan-hare-473592.hostingersite.com\/en\/tuotteet\/valvontayksikot\/"},{"@type":"ListItem","position":4,"name":"SG-RS309-2"}]},{"@type":"WebSite","@id":"https:\/\/darkcyan-hare-473592.hostingersite.com\/en\/#website","url":"https:\/\/darkcyan-hare-473592.hostingersite.com\/en\/","name":"Varetek","description":"Turvalaitteet koneturvallisuuteen, ovi- ja porttivalmistajille, sairaalakalustoon, huonekaluteollisuuteen ja julkisenliikenteen kalustoon","potentialAction":[{"@type":"SearchAction","target":{"@type":"EntryPoint","urlTemplate":"https:\/\/darkcyan-hare-473592.hostingersite.com\/en\/?s={search_term_string}"},"query-input":{"@type":"PropertyValueSpecification","valueRequired":true,"valueName":"search_term_string"}}],"inLanguage":"en-US"}]}},"_links":{"self":[{"href":"https:\/\/varetek.com\/en\/wp-json\/wp\/v2\/pages\/313","targetHints":{"allow":["GET"]}}],"collection":[{"href":"https:\/\/varetek.com\/en\/wp-json\/wp\/v2\/pages"}],"about":[{"href":"https:\/\/varetek.com\/en\/wp-json\/wp\/v2\/types\/page"}],"author":[{"embeddable":true,"href":"https:\/\/varetek.com\/en\/wp-json\/wp\/v2\/users\/1"}],"replies":[{"embeddable":true,"href":"https:\/\/varetek.com\/en\/wp-json\/wp\/v2\/comments?post=313"}],"version-history":[{"count":3,"href":"https:\/\/varetek.com\/en\/wp-json\/wp\/v2\/pages\/313\/revisions"}],"predecessor-version":[{"id":520,"href":"https:\/\/varetek.com\/en\/wp-json\/wp\/v2\/pages\/313\/revisions\/520"}],"up":[{"embeddable":true,"href":"https:\/\/varetek.com\/en\/wp-json\/wp\/v2\/pages\/206"}],"wp:attachment":[{"href":"https:\/\/varetek.com\/en\/wp-json\/wp\/v2\/media?parent=313"}],"curies":[{"name":"wp","href":"https:\/\/api.w.org\/{rel}","templated":true}]}}