{"id":29,"date":"2022-06-27T16:14:00","date_gmt":"2022-06-27T16:14:00","guid":{"rendered":"https:\/\/darkcyan-hare-473592.hostingersite.com\/?page_id=29"},"modified":"2025-08-19T09:46:54","modified_gmt":"2025-08-19T09:46:54","slug":"etusivu","status":"publish","type":"page","link":"https:\/\/varetek.com\/en\/","title":{"rendered":"Front page"},"content":{"rendered":"<p>[et_pb_section fb_built=&#8221;1&#8243; _builder_version=&#8221;4.17.4&#8243; _module_preset=&#8221;default&#8221; background_enable_image=&#8221;off&#8221; min_height=&#8221;300px&#8221; min_height_tablet=&#8221;&#8221; min_height_phone=&#8221;&#8221; min_height_last_edited=&#8221;on|desktop&#8221; custom_padding=&#8221;0px||0px||true|false&#8221; global_colors_info=&#8221;{}&#8221;][et_pb_row use_custom_gutter=&#8221;on&#8221; gutter_width=&#8221;1&#8243; make_equal=&#8221;on&#8221; _builder_version=&#8221;4.17.4&#8243; _module_preset=&#8221;default&#8221; width=&#8221;100%&#8221; max_width=&#8221;100%&#8221; custom_margin=&#8221;0px||||false|false&#8221; custom_padding=&#8221;0px||||false|false&#8221; global_colors_info=&#8221;{}&#8221;][et_pb_column type=&#8221;4_4&#8243; _builder_version=&#8221;4.17.4&#8243; _module_preset=&#8221;default&#8221; global_colors_info=&#8221;{}&#8221;][et_pb_slider _builder_version=&#8221;4.17.4&#8243; _module_preset=&#8221;default&#8221; border_width_bottom=&#8221;3px&#8221; border_color_bottom=&#8221;#304f0d&#8221; global_colors_info=&#8221;{}&#8221;][et_pb_slide _builder_version=&#8221;4.17.4&#8243; _module_preset=&#8221;default&#8221; background_enable_color=&#8221;off&#8221; background_image=&#8221;http:\/\/varetek.com\/wp-content\/uploads\/2022\/06\/slide-001_images_sliderit-sliders_slider-overlay-right_1050_800-scaled.jpg&#8221; background_enable_image=&#8221;on&#8221; global_colors_info=&#8221;{}&#8221; sticky_transition=&#8221;on&#8221;][\/et_pb_slide][et_pb_slide _builder_version=&#8221;4.17.4&#8243; _module_preset=&#8221;default&#8221; background_enable_color=&#8221;off&#8221; background_image=&#8221;http:\/\/varetek.com\/wp-content\/uploads\/2022\/06\/02_images_sliderit-sliders_slider-overlay-right_1050_800.jpg&#8221; background_enable_image=&#8221;on&#8221; global_colors_info=&#8221;{}&#8221; sticky_transition=&#8221;on&#8221;][\/et_pb_slide][\/et_pb_slider][\/et_pb_column][\/et_pb_row][\/et_pb_section][et_pb_section fb_built=&#8221;1&#8243; _builder_version=&#8221;4.17.4&#8243; _module_preset=&#8221;default&#8221; custom_padding=&#8221;0px||0px||true|false&#8221; global_colors_info=&#8221;{}&#8221;][et_pb_row column_structure=&#8221;3_4,1_4&#8243; use_custom_gutter=&#8221;on&#8221; make_equal=&#8221;on&#8221; _builder_version=&#8221;4.17.4&#8243; _module_preset=&#8221;default&#8221; custom_css_main_element=&#8221;align-items:center;&#8221; global_colors_info=&#8221;{}&#8221;][et_pb_column type=&#8221;3_4&#8243; _builder_version=&#8221;4.17.4&#8243; _module_preset=&#8221;default&#8221; global_colors_info=&#8221;{}&#8221;][et_pb_text _builder_version=&#8221;4.17.4&#8243; _module_preset=&#8221;default&#8221; header_2_font=&#8221;|600|||||||&#8221; global_colors_info=&#8221;{}&#8221;]<\/p>\n<h2>GENERAL INFORMATION<\/h2>\n<p>As equipment and machines become more complex, new safety mechanisms are needed. Varetek Oy supplies and assembles safety equipment primarily for machine safety, door and gate manufacturers, hospital equipment, the furniture industry and public transport together with Mayser Gmbh. Mayser Gmbh is a leading manufacturer of products in its sector in Europe.<\/p>\n<p>&nbsp;<\/p>\n<p>[\/et_pb_text][\/et_pb_column][et_pb_column type=&#8221;1_4&#8243; _builder_version=&#8221;4.17.4&#8243; _module_preset=&#8221;default&#8221; global_colors_info=&#8221;{}&#8221;][et_pb_button button_url=&#8221;@ET-DC@eyJkeW5hbWljIjp0cnVlLCJjb250ZW50IjoicG9zdF9saW5rX3VybF9wYWdlIiwic2V0dGluZ3MiOnsicG9zdF9pZCI6IjM2In19@&#8221; button_text=&#8221;Selaa tuotteitamme&#8221; button_alignment=&#8221;center&#8221; _builder_version=&#8221;4.17.4&#8243; _dynamic_attributes=&#8221;button_url&#8221; _module_preset=&#8221;default&#8221; custom_button=&#8221;on&#8221; button_text_size=&#8221;16px&#8221; button_text_color=&#8221;#ffffff&#8221; button_bg_use_color_gradient=&#8221;on&#8221; button_bg_color_gradient_direction=&#8221;179deg&#8221; button_bg_color_gradient_stops=&#8221;#999999 0%|#676767 100%&#8221; button_border_width=&#8221;0px&#8221; button_icon=&#8221;&#xe03c;||divi||400&#8243; button_icon_color=&#8221;#FFFFFF&#8221; button_on_hover=&#8221;off&#8221; global_colors_info=&#8221;{}&#8221; button_bg_color__hover_enabled=&#8221;on|desktop&#8221; button_bg_color__hover=&#8221;#304F0D&#8221; button_bg_enable_color__hover=&#8221;on&#8221; button_bg_color_gradient_stops__hover=&#8221;#304f0d 1%|#304f0d 99%&#8221; button_bg_use_color_gradient__hover=&#8221;on&#8221;][\/et_pb_button][\/et_pb_column][\/et_pb_row][et_pb_row _builder_version=&#8221;4.17.4&#8243; _module_preset=&#8221;default&#8221; global_colors_info=&#8221;{}&#8221;][et_pb_column type=&#8221;4_4&#8243; _builder_version=&#8221;4.17.4&#8243; _module_preset=&#8221;default&#8221; global_colors_info=&#8221;{}&#8221;][et_pb_divider color=&#8221;#999999&#8243; _builder_version=&#8221;4.17.4&#8243; _module_preset=&#8221;default&#8221; global_colors_info=&#8221;{}&#8221;][\/et_pb_divider][\/et_pb_column][\/et_pb_row][et_pb_row column_structure=&#8221;1_5,1_5,1_5,1_5,1_5&#8243; use_custom_gutter=&#8221;on&#8221; make_equal=&#8221;on&#8221; _builder_version=&#8221;4.17.4&#8243; _module_preset=&#8221;default&#8221; width=&#8221;95%&#8221; global_colors_info=&#8221;{}&#8221;][et_pb_column type=&#8221;1_5&#8243; _builder_version=&#8221;4.17.4&#8243; _module_preset=&#8221;default&#8221; border_width_top=&#8221;2px&#8221; border_color_top=&#8221;#304F0D&#8221; border_width_bottom=&#8221;2px&#8221; border_color_bottom=&#8221;#304F0D&#8221; box_shadow_style=&#8221;preset1&#8243; global_colors_info=&#8221;{}&#8221;][et_pb_blurb title=&#8221;Koneturvallisuus&#8221; url=&#8221;https:\/\/varetek.com\/sovellukset\/koneturvallisuus\/&#8221; image=&#8221;http:\/\/varetek.com\/wp-content\/uploads\/2022\/10\/Koneturvallisuus.jpg&#8221; module_class=&#8221;box-text-area&#8221; _builder_version=&#8221;4.17.4&#8243; _module_preset=&#8221;default&#8221; header_font=&#8221;|600|||||||&#8221; header_font_size=&#8221;15px&#8221; body_font_size=&#8221;12px&#8221; text_orientation=&#8221;center&#8221; custom_padding=&#8221;||||false|false&#8221; border_color_top=&#8221;#304F0D&#8221; border_color_bottom=&#8221;#304F0D&#8221; global_colors_info=&#8221;{}&#8221;]<\/p>\n<p>Varetek Oy designs, assembles and supplies safety edges together with Mayser Gmbh, the leading manufacturer in Europe. We also supply <strong><a href=\"https:\/\/varetek.com\/en\/tuotteet\/turva-ja-tunnistinmatot\/\">safety mats<\/a><\/strong> and <strong><a href=\"https:\/\/varetek.com\/en\/tuotteet\/turvapuskurit\/\">bumpers for industrial applications<\/a><\/strong>.<\/p>\n<p>[\/et_pb_blurb][\/et_pb_column][et_pb_column type=&#8221;1_5&#8243; _builder_version=&#8221;4.17.4&#8243; _module_preset=&#8221;default&#8221; border_width_top=&#8221;2px&#8221; border_color_top=&#8221;#304F0D&#8221; border_width_bottom=&#8221;2px&#8221; border_color_bottom=&#8221;#304F0D&#8221; box_shadow_style=&#8221;preset1&#8243; global_colors_info=&#8221;{}&#8221;][et_pb_blurb title=&#8221;Ovet ja portit&#8221; url=&#8221;https:\/\/varetek.com\/sovellukset\/ovet-ja-portit\/&#8221; image=&#8221;http:\/\/varetek.com\/wp-content\/uploads\/2022\/10\/Gates.jpg&#8221; module_class=&#8221;box-text-area&#8221; _builder_version=&#8221;4.17.4&#8243; _module_preset=&#8221;default&#8221; header_font=&#8221;|600|||||||&#8221; header_font_size=&#8221;15px&#8221; body_font_size=&#8221;12px&#8221; text_orientation=&#8221;center&#8221; custom_padding=&#8221;||||false|false&#8221; border_color_top=&#8221;#304F0D&#8221; border_color_bottom=&#8221;#304F0D&#8221; global_colors_info=&#8221;{}&#8221;]<\/p>\n<p>Varetek Oy supplies safety edges to prevent getting pinched by or jammed in all kinds of <a href=\"https:\/\/varetek.com\/en\/tuotteet\/turvareunat\/\"><strong>doors and gates<\/strong><\/a>.<\/p>\n<p>[\/et_pb_blurb][\/et_pb_column][et_pb_column type=&#8221;1_5&#8243; _builder_version=&#8221;4.17.4&#8243; _module_preset=&#8221;default&#8221; border_width_top=&#8221;2px&#8221; border_color_top=&#8221;#304F0D&#8221; border_width_bottom=&#8221;2px&#8221; border_color_bottom=&#8221;#304F0D&#8221; box_shadow_style=&#8221;preset1&#8243; global_colors_info=&#8221;{}&#8221;][et_pb_blurb title=&#8221;Sairaalakalusto&#8221; url=&#8221;https:\/\/varetek.com\/sovellukset\/sairaalalaitteet\/&#8221; image=&#8221;http:\/\/varetek.com\/wp-content\/uploads\/2022\/06\/Medical.jpg&#8221; module_class=&#8221;box-text-area&#8221; _builder_version=&#8221;4.17.4&#8243; _module_preset=&#8221;default&#8221; header_font=&#8221;|600|||||||&#8221; header_font_size=&#8221;15px&#8221; body_font_size=&#8221;12px&#8221; text_orientation=&#8221;center&#8221; custom_padding=&#8221;||||false|false&#8221; border_color_top=&#8221;#304F0D&#8221; border_color_bottom=&#8221;#304F0D&#8221; global_colors_info=&#8221;{}&#8221;]<\/p>\n<p><strong><a href=\"https:\/\/varetek.com\/en\/tuotteet\/miniturvareunat\/\">Miniature safety edges<\/a><\/strong><span>\u00a0are an excellent fit for modern motorised patient treatment equipment such as hospital beds, dentist's chairs and treatment tables.<\/span><\/p>\n<p>[\/et_pb_blurb][\/et_pb_column][et_pb_column type=&#8221;1_5&#8243; _builder_version=&#8221;4.17.4&#8243; _module_preset=&#8221;default&#8221; border_width_top=&#8221;2px&#8221; border_color_top=&#8221;#304F0D&#8221; border_width_bottom=&#8221;2px&#8221; border_color_bottom=&#8221;#304F0D&#8221; box_shadow_style=&#8221;preset1&#8243; global_colors_info=&#8221;{}&#8221;][et_pb_blurb title=&#8221;Huonekaluteollisuus&#8221; url=&#8221;https:\/\/varetek.com\/sovellukset\/huonekaluteollisuus\/&#8221; image=&#8221;http:\/\/varetek.com\/wp-content\/uploads\/2022\/10\/Miniedge.jpg&#8221; module_class=&#8221;box-text-area&#8221; _builder_version=&#8221;4.17.4&#8243; _module_preset=&#8221;default&#8221; header_font=&#8221;|600|||||||&#8221; header_font_size=&#8221;15px&#8221; body_font_size=&#8221;12px&#8221; text_orientation=&#8221;center&#8221; custom_padding=&#8221;||||false|false&#8221; border_color_top=&#8221;#304F0D&#8221; border_color_bottom=&#8221;#304F0D&#8221; box_shadow_style=&#8221;preset3&#8243; box_shadow_vertical=&#8221;0px&#8221; box_shadow_blur=&#8221;10px&#8221; global_colors_info=&#8221;{}&#8221;]<\/p>\n<p><a href=\"https:\/\/varetek.com\/en\/tuotteet\/miniturvareunat\/\"><strong>Miniature safety edges<\/strong><\/a><span><a href=\"https:\/\/varetek.com\/en\/tuotteet\/miniturvareunat\/\"><strong>\u00a0<\/strong><\/a>can also be used to protect against pinching or shearing risks caused by motorised kitchen appliances and furniture. There are many different models of miniature safety edges available, certain to provide a suitable solution for any application.<\/span><\/p>\n<p>[\/et_pb_blurb][\/et_pb_column][et_pb_column type=&#8221;1_5&#8243; _builder_version=&#8221;4.17.4&#8243; _module_preset=&#8221;default&#8221; border_width_top=&#8221;2px&#8221; border_color_top=&#8221;#304F0D&#8221; border_width_bottom=&#8221;2px&#8221; box_shadow_style=&#8221;preset1&#8243; global_colors_info=&#8221;{}&#8221;][et_pb_blurb title=&#8221;Julkinenliikenne&#8221; url=&#8221;https:\/\/varetek.com\/sovellukset\/junat-metro-ja-linja-autot\/&#8221; image=&#8221;http:\/\/varetek.com\/wp-content\/uploads\/2022\/10\/Juna.jpg&#8221; module_class=&#8221;box-text-area&#8221; _builder_version=&#8221;4.17.4&#8243; _module_preset=&#8221;default&#8221; header_font=&#8221;|600|||||||&#8221; header_font_size=&#8221;15px&#8221; body_font_size=&#8221;12px&#8221; text_orientation=&#8221;center&#8221; custom_padding=&#8221;||||false|false&#8221; border_color_top=&#8221;#304F0D&#8221; border_color_bottom=&#8221;#304F0D&#8221; global_colors_info=&#8221;{}&#8221;]<\/p>\n<p><span>Mayser Gmbh is a leading manufacturer of safety edges for train, bus and subway train doors.<\/span><\/p>\n<p>[\/et_pb_blurb][\/et_pb_column][\/et_pb_row][\/et_pb_section]<\/p>","protected":false},"excerpt":{"rendered":"<p>YLEIST\u00c4 Laitteiden ja koneiden tullessa yh\u00e4 monimutkaisimmiksi, tarvitaan uusia turvamekanismeja. Varetek Oy valmistaa, toimittaa ja kokoonlaittaa turvalaitteita p\u00e4\u00e4asiassa koneturvallisuuteen, ovi- ja porttivalmistajille, sairaalakalustoon, huonekaluteollisuuteen ja julkisenliikenteen kalustoon yhdess\u00e4 Mayser Gmbh:n kanssa. Mayser Gmbh on johtava valmistaja Euroopassa oman toimialansa tuoteille. &nbsp;Varetek Oy suunnittelee, kokoonlaittaa ja toimittaa turvareunoja yhdess\u00e4 Euroopan johtavan valmistajan Mayser Gmbh:n kanssa. Lis\u00e4ksi [&hellip;]<\/p>","protected":false},"author":1,"featured_media":0,"parent":0,"menu_order":0,"comment_status":"closed","ping_status":"closed","template":"","meta":{"_et_pb_use_builder":"on","_et_pb_old_content":"<!-- wp:divi\/placeholder \/-->","_et_gb_content_width":"","footnotes":""},"class_list":["post-29","page","type-page","status-publish","hentry"],"yoast_head":"<!-- This site is optimized with the Yoast SEO plugin v25.5 - https:\/\/yoast.com\/wordpress\/plugins\/seo\/ -->\n<title>Varetek - Turvalaitteet koneturvallisuuteen, ovi- ja porttivalmistajille, sairaalakalustoon, huonekaluteollisuuteen ja julkisenliikenteen kalustoon<\/title>\n<meta name=\"robots\" content=\"index, follow, max-snippet:-1, max-image-preview:large, max-video-preview:-1\" \/>\n<link rel=\"canonical\" href=\"https:\/\/darkcyan-hare-473592.hostingersite.com\/en\/\" \/>\n<meta property=\"og:locale\" content=\"en_US\" \/>\n<meta property=\"og:type\" content=\"article\" \/>\n<meta property=\"og:title\" content=\"Varetek - Turvalaitteet koneturvallisuuteen, ovi- ja porttivalmistajille, sairaalakalustoon, huonekaluteollisuuteen ja julkisenliikenteen kalustoon\" \/>\n<meta property=\"og:description\" content=\"YLEIST\u00c4 Laitteiden ja koneiden tullessa yh\u00e4 monimutkaisimmiksi, tarvitaan uusia turvamekanismeja. Varetek Oy valmistaa, toimittaa ja kokoonlaittaa turvalaitteita p\u00e4\u00e4asiassa koneturvallisuuteen, ovi- ja porttivalmistajille, sairaalakalustoon, huonekaluteollisuuteen ja julkisenliikenteen kalustoon yhdess\u00e4 Mayser Gmbh:n kanssa. Mayser Gmbh on johtava valmistaja Euroopassa oman toimialansa tuoteille. &nbsp;Varetek Oy suunnittelee, kokoonlaittaa ja toimittaa turvareunoja yhdess\u00e4 Euroopan johtavan valmistajan Mayser Gmbh:n kanssa. Lis\u00e4ksi [&hellip;]\" \/>\n<meta property=\"og:url\" content=\"https:\/\/darkcyan-hare-473592.hostingersite.com\/en\/\" \/>\n<meta property=\"og:site_name\" content=\"Varetek\" \/>\n<meta property=\"article:modified_time\" content=\"2025-08-19T09:46:54+00:00\" \/>\n<meta name=\"twitter:card\" content=\"summary_large_image\" \/>\n<meta name=\"twitter:label1\" content=\"Est. reading time\" \/>\n\t<meta name=\"twitter:data1\" content=\"2 minutes\" \/>\n<script type=\"application\/ld+json\" class=\"yoast-schema-graph\">{\"@context\":\"https:\/\/schema.org\",\"@graph\":[{\"@type\":\"WebPage\",\"@id\":\"https:\/\/darkcyan-hare-473592.hostingersite.com\/en\/\",\"url\":\"https:\/\/darkcyan-hare-473592.hostingersite.com\/en\/\",\"name\":\"Varetek - Turvalaitteet koneturvallisuuteen, ovi- ja porttivalmistajille, sairaalakalustoon, huonekaluteollisuuteen ja julkisenliikenteen kalustoon\",\"isPartOf\":{\"@id\":\"https:\/\/darkcyan-hare-473592.hostingersite.com\/en\/#website\"},\"datePublished\":\"2022-06-27T16:14:00+00:00\",\"dateModified\":\"2025-08-19T09:46:54+00:00\",\"breadcrumb\":{\"@id\":\"https:\/\/darkcyan-hare-473592.hostingersite.com\/en\/#breadcrumb\"},\"inLanguage\":\"en-US\",\"potentialAction\":[{\"@type\":\"ReadAction\",\"target\":[\"https:\/\/darkcyan-hare-473592.hostingersite.com\/en\/\"]}]},{\"@type\":\"BreadcrumbList\",\"@id\":\"https:\/\/darkcyan-hare-473592.hostingersite.com\/en\/#breadcrumb\",\"itemListElement\":[{\"@type\":\"ListItem\",\"position\":1,\"name\":\"Home\",\"item\":\"https:\/\/darkcyan-hare-473592.hostingersite.com\/en\/\"},{\"@type\":\"ListItem\",\"position\":2,\"name\":\"Etusivu\"}]},{\"@type\":\"WebSite\",\"@id\":\"https:\/\/darkcyan-hare-473592.hostingersite.com\/en\/#website\",\"url\":\"https:\/\/darkcyan-hare-473592.hostingersite.com\/en\/\",\"name\":\"Varetek\",\"description\":\"Turvalaitteet koneturvallisuuteen, ovi- ja porttivalmistajille, sairaalakalustoon, huonekaluteollisuuteen ja julkisenliikenteen kalustoon\",\"potentialAction\":[{\"@type\":\"SearchAction\",\"target\":{\"@type\":\"EntryPoint\",\"urlTemplate\":\"https:\/\/darkcyan-hare-473592.hostingersite.com\/en\/?s={search_term_string}\"},\"query-input\":{\"@type\":\"PropertyValueSpecification\",\"valueRequired\":true,\"valueName\":\"search_term_string\"}}],\"inLanguage\":\"en-US\"}]}<\/script>\n<!-- \/ Yoast SEO plugin. -->","yoast_head_json":{"title":"Varetek - Turvalaitteet koneturvallisuuteen, ovi- ja porttivalmistajille, sairaalakalustoon, huonekaluteollisuuteen ja julkisenliikenteen kalustoon","robots":{"index":"index","follow":"follow","max-snippet":"max-snippet:-1","max-image-preview":"max-image-preview:large","max-video-preview":"max-video-preview:-1"},"canonical":"https:\/\/darkcyan-hare-473592.hostingersite.com\/en\/","og_locale":"en_US","og_type":"article","og_title":"Varetek - Turvalaitteet koneturvallisuuteen, ovi- ja porttivalmistajille, sairaalakalustoon, huonekaluteollisuuteen ja julkisenliikenteen kalustoon","og_description":"YLEIST\u00c4 Laitteiden ja koneiden tullessa yh\u00e4 monimutkaisimmiksi, tarvitaan uusia turvamekanismeja. Varetek Oy valmistaa, toimittaa ja kokoonlaittaa turvalaitteita p\u00e4\u00e4asiassa koneturvallisuuteen, ovi- ja porttivalmistajille, sairaalakalustoon, huonekaluteollisuuteen ja julkisenliikenteen kalustoon yhdess\u00e4 Mayser Gmbh:n kanssa. Mayser Gmbh on johtava valmistaja Euroopassa oman toimialansa tuoteille. &nbsp;Varetek Oy suunnittelee, kokoonlaittaa ja toimittaa turvareunoja yhdess\u00e4 Euroopan johtavan valmistajan Mayser Gmbh:n kanssa. Lis\u00e4ksi [&hellip;]","og_url":"https:\/\/darkcyan-hare-473592.hostingersite.com\/en\/","og_site_name":"Varetek","article_modified_time":"2025-08-19T09:46:54+00:00","twitter_card":"summary_large_image","twitter_misc":{"Est. reading time":"2 minutes"},"schema":{"@context":"https:\/\/schema.org","@graph":[{"@type":"WebPage","@id":"https:\/\/darkcyan-hare-473592.hostingersite.com\/en\/","url":"https:\/\/darkcyan-hare-473592.hostingersite.com\/en\/","name":"Varetek - Turvalaitteet koneturvallisuuteen, ovi- ja porttivalmistajille, sairaalakalustoon, huonekaluteollisuuteen ja julkisenliikenteen kalustoon","isPartOf":{"@id":"https:\/\/darkcyan-hare-473592.hostingersite.com\/en\/#website"},"datePublished":"2022-06-27T16:14:00+00:00","dateModified":"2025-08-19T09:46:54+00:00","breadcrumb":{"@id":"https:\/\/darkcyan-hare-473592.hostingersite.com\/en\/#breadcrumb"},"inLanguage":"en-US","potentialAction":[{"@type":"ReadAction","target":["https:\/\/darkcyan-hare-473592.hostingersite.com\/en\/"]}]},{"@type":"BreadcrumbList","@id":"https:\/\/darkcyan-hare-473592.hostingersite.com\/en\/#breadcrumb","itemListElement":[{"@type":"ListItem","position":1,"name":"Home","item":"https:\/\/darkcyan-hare-473592.hostingersite.com\/en\/"},{"@type":"ListItem","position":2,"name":"Etusivu"}]},{"@type":"WebSite","@id":"https:\/\/darkcyan-hare-473592.hostingersite.com\/en\/#website","url":"https:\/\/darkcyan-hare-473592.hostingersite.com\/en\/","name":"Varetek","description":"Turvalaitteet koneturvallisuuteen, ovi- ja porttivalmistajille, sairaalakalustoon, huonekaluteollisuuteen ja julkisenliikenteen kalustoon","potentialAction":[{"@type":"SearchAction","target":{"@type":"EntryPoint","urlTemplate":"https:\/\/darkcyan-hare-473592.hostingersite.com\/en\/?s={search_term_string}"},"query-input":{"@type":"PropertyValueSpecification","valueRequired":true,"valueName":"search_term_string"}}],"inLanguage":"en-US"}]}},"_links":{"self":[{"href":"https:\/\/varetek.com\/en\/wp-json\/wp\/v2\/pages\/29","targetHints":{"allow":["GET"]}}],"collection":[{"href":"https:\/\/varetek.com\/en\/wp-json\/wp\/v2\/pages"}],"about":[{"href":"https:\/\/varetek.com\/en\/wp-json\/wp\/v2\/types\/page"}],"author":[{"embeddable":true,"href":"https:\/\/varetek.com\/en\/wp-json\/wp\/v2\/users\/1"}],"replies":[{"embeddable":true,"href":"https:\/\/varetek.com\/en\/wp-json\/wp\/v2\/comments?post=29"}],"version-history":[{"count":20,"href":"https:\/\/varetek.com\/en\/wp-json\/wp\/v2\/pages\/29\/revisions"}],"predecessor-version":[{"id":613,"href":"https:\/\/varetek.com\/en\/wp-json\/wp\/v2\/pages\/29\/revisions\/613"}],"wp:attachment":[{"href":"https:\/\/varetek.com\/en\/wp-json\/wp\/v2\/media?parent=29"}],"curies":[{"name":"wp","href":"https:\/\/api.w.org\/{rel}","templated":true}]}}