{"id":222,"date":"2022-06-29T06:15:20","date_gmt":"2022-06-29T06:15:20","guid":{"rendered":"https:\/\/darkcyan-hare-473592.hostingersite.com\/?page_id=222"},"modified":"2022-06-30T18:47:28","modified_gmt":"2022-06-30T18:47:28","slug":"sp-turvareunat","status":"publish","type":"page","link":"https:\/\/varetek.com\/en\/tuotteet\/turvareunat\/sp-turvareunat\/","title":{"rendered":"SP safety edges"},"content":{"rendered":"<p>[et_pb_section fb_built=&#8221;1&#8243; _builder_version=&#8221;4.17.4&#8243; _module_preset=&#8221;default&#8221; background_enable_image=&#8221;off&#8221; min_height=&#8221;300px&#8221; min_height_tablet=&#8221;&#8221; min_height_phone=&#8221;&#8221; min_height_last_edited=&#8221;on|desktop&#8221; custom_padding=&#8221;0px||0px||true|false&#8221; global_colors_info=&#8221;{}&#8221;][et_pb_row use_custom_gutter=&#8221;on&#8221; gutter_width=&#8221;1&#8243; make_equal=&#8221;on&#8221; _builder_version=&#8221;4.17.4&#8243; _module_preset=&#8221;default&#8221; width=&#8221;100%&#8221; max_width=&#8221;100%&#8221; custom_padding=&#8221;0px||0px||false|false&#8221; hover_enabled=&#8221;0&#8243; global_colors_info=&#8221;{}&#8221; sticky_enabled=&#8221;0&#8243;][et_pb_column type=&#8221;4_4&#8243; _builder_version=&#8221;4.17.4&#8243; _module_preset=&#8221;default&#8221; global_colors_info=&#8221;{}&#8221;][et_pb_slider _builder_version=&#8221;4.17.4&#8243; _module_preset=&#8221;default&#8221; hover_enabled=&#8221;0&#8243; global_colors_info=&#8221;{}&#8221; border_width_bottom=&#8221;2px&#8221; border_color_bottom=&#8221;#304f0d&#8221; sticky_enabled=&#8221;0&#8243;][et_pb_slide _builder_version=&#8221;4.17.4&#8243; _module_preset=&#8221;default&#8221; background_enable_color=&#8221;off&#8221; background_image=&#8221;http:\/\/varetek.com\/wp-content\/uploads\/2022\/06\/slide-001_images_sliderit-sliders_slider-overlay-right_1050_800-scaled.jpg&#8221; background_enable_image=&#8221;on&#8221; global_colors_info=&#8221;{}&#8221; sticky_transition=&#8221;on&#8221;][\/et_pb_slide][et_pb_slide _builder_version=&#8221;4.17.4&#8243; _module_preset=&#8221;default&#8221; background_enable_color=&#8221;off&#8221; background_image=&#8221;http:\/\/varetek.com\/wp-content\/uploads\/2022\/06\/02_images_sliderit-sliders_slider-overlay-right_1050_800.jpg&#8221; background_enable_image=&#8221;on&#8221; global_colors_info=&#8221;{}&#8221; sticky_transition=&#8221;on&#8221;][\/et_pb_slide][\/et_pb_slider][\/et_pb_column][\/et_pb_row][\/et_pb_section][et_pb_section fb_built=&#8221;1&#8243; specialty=&#8221;on&#8221; _builder_version=&#8221;4.17.4&#8243; _module_preset=&#8221;default&#8221; global_colors_info=&#8221;{}&#8221;][et_pb_column type=&#8221;1_4&#8243; _builder_version=&#8221;4.16&#8243; custom_padding=&#8221;|||&#8221; global_colors_info=&#8221;{}&#8221; custom_padding__hover=&#8221;|||&#8221;][et_pb_text _builder_version=&#8221;4.17.4&#8243; _module_preset=&#8221;default&#8221; global_colors_info=&#8221;{}&#8221;]<\/p>\n<h4>Products<\/h4>\n<p>[\/et_pb_text][et_pb_menu menu_id=&#8221;14&#8243; _builder_version=&#8221;4.17.4&#8243; _module_preset=&#8221;default&#8221; global_colors_info=&#8221;{}&#8221;][\/et_pb_menu][\/et_pb_column][et_pb_column type=&#8221;3_4&#8243; specialty_columns=&#8221;3&#8243; _builder_version=&#8221;4.16&#8243; custom_padding=&#8221;|||&#8221; global_colors_info=&#8221;{}&#8221; custom_padding__hover=&#8221;|||&#8221;][et_pb_row_inner _builder_version=&#8221;4.17.4&#8243; _module_preset=&#8221;default&#8221; custom_padding=&#8221;0px||0px||true|false&#8221; global_colors_info=&#8221;{}&#8221;][et_pb_column_inner saved_specialty_column_type=&#8221;3_4&#8243; _builder_version=&#8221;4.17.4&#8243; _module_preset=&#8221;default&#8221; global_colors_info=&#8221;{}&#8221;][et_pb_text _builder_version=&#8221;4.17.4&#8243; _dynamic_attributes=&#8221;content&#8221; _module_preset=&#8221;default&#8221; text_font=&#8221;Montserrat|600|||||||&#8221; text_font_size=&#8221;32px&#8221; header_2_font=&#8221;|600|||||||&#8221; header_2_text_color=&#8221;#111111&#8243; header_2_font_size=&#8221;32px&#8221; custom_padding=&#8221;||15px||false|false&#8221; text_font_size_tablet=&#8221;20px&#8221; text_font_size_phone=&#8221;18px&#8221; text_font_size_last_edited=&#8221;on|desktop&#8221; header_2_font_size_tablet=&#8221;20px&#8221; header_2_font_size_phone=&#8221;18px&#8221; header_2_font_size_last_edited=&#8221;on|desktop&#8221; global_colors_info=&#8221;{}&#8221;]@ET-DC@eyJkeW5hbWljIjp0cnVlLCJjb250ZW50IjoicG9zdF90aXRsZSIsInNldHRpbmdzIjp7ImJlZm9yZSI6IiIsImFmdGVyIjoiIn19@[\/et_pb_text][\/et_pb_column_inner][\/et_pb_row_inner][et_pb_row_inner _builder_version=&#8221;4.17.4&#8243; _module_preset=&#8221;default&#8221; background_enable_color=&#8221;off&#8221; custom_margin=&#8221;||15px||false|false&#8221; custom_padding=&#8221;||||false|false&#8221; border_color_all=&#8221;#cccccc&#8221; global_colors_info=&#8221;{}&#8221;][et_pb_column_inner saved_specialty_column_type=&#8221;3_4&#8243; admin_label=&#8221;Column left&#8221; _builder_version=&#8221;4.17.4&#8243; _module_preset=&#8221;default&#8221; global_colors_info=&#8221;{}&#8221; custom_css_main_element_last_edited=&#8221;on|phone&#8221;][et_pb_text _builder_version=&#8221;4.17.4&#8243; _module_preset=&#8221;default&#8221; header_3_font=&#8221;Montserrat|700|||||||&#8221; header_3_text_align=&#8221;center&#8221; header_3_text_color=&#8221;#304F0D&#8221; header_3_font_size=&#8221;16px&#8221; custom_css_main_element=&#8221;display:block!important;&#8221; global_colors_info=&#8221;{}&#8221;]<\/p>\n<p><img loading=\"lazy\" decoding=\"async\" src=\"http:\/\/varetek.com\/wp-content\/uploads\/2022\/06\/4207___0FCABAD6-8559-459A-9640-B4F68C1C9153_1000_800.jpg\" width=\"1000\" height=\"693\" alt=\"\" class=\"wp-image-177 alignnone size-full\" srcset=\"http:\/\/varetek.com\/wp-content\/uploads\/2022\/06\/4207___0FCABAD6-8559-459A-9640-B4F68C1C9153_1000_800.jpg 1000w, http:\/\/varetek.com\/wp-content\/uploads\/2022\/06\/4207___0FCABAD6-8559-459A-9640-B4F68C1C9153_1000_800-980x679.jpg 980w, http:\/\/varetek.com\/wp-content\/uploads\/2022\/06\/4207___0FCABAD6-8559-459A-9640-B4F68C1C9153_1000_800-480x333.jpg 480w\" sizes=\"(min-width: 0px) and (max-width: 480px) 480px, (min-width: 481px) and (max-width: 980px) 980px, (min-width: 981px) 1000px, 100vw\" \/><\/p>\n<p>SP safety edges<br \/>Mayser Sensor Profiles are co-extruded profiles. This design makes handling easier and increases flexibility. A clear advantage on site, because the Sensor Profiles can be combined with variable aluminium profiles and end caps in just a few simple steps and fixed directly onto the gate, creating fully functioning Safety Edges.<\/p>\n<p>In the following link you will find the video for SP edges: <a href=\"https:\/\/youtu.be\/vLMUcn5KfeM\">https:\/\/youtu.be\/vLMUcn5KfeM<\/a><\/p>\n<p>The Sensor Profiles stand out due to easy handling and quick response time as well as superior watertightness and cost effectiveness.<\/p>\n<p>DIY production of Safety Edges with Mayser Sensor Profiles requires no adhesives. Instead, the parts lock together mechanically. This results in Safety Edges with a high watertightness rating of IP67.<\/p>\n<p>This link contains the latest information on SP safety edges: <strong><a href=\"http:\/\/varetek.com\/wp-content\/uploads\/2022\/06\/PI-SK-SP_EN-2.pdf\">SP-EDGES<\/a><\/strong><\/p>\n<p>The pdf brochure above contains a summary introduction of SP safety edges.<\/p>\n<p>[\/et_pb_text][et_pb_text _builder_version=&#8221;4.17.4&#8243; _module_preset=&#8221;default&#8221; global_colors_info=&#8221;{}&#8221;][\/et_pb_text][\/et_pb_column_inner][\/et_pb_row_inner][\/et_pb_column][\/et_pb_section]<\/p>","protected":false},"excerpt":{"rendered":"<p>Tuotekategoriat SP turvareunatSP-tuntoreuna malli on suunniteltu erityisesti portti-ja ovivalmistajille. Sit\u00e4 on helppo k\u00e4sitell\u00e4 ja valmistaa tarvittaessa vaikka paikanp\u00e4\u00e4ll\u00e4. SP-tuntoreunan valmistaminen on helppoa ja siihen ei tarvita mit\u00e4\u00e4n erikoisty\u00f6kaluja ja liimoja. Katso video t\u00e4st\u00e4 linkist\u00e4: https:\/\/youtu.be\/vLMUcn5KfeM SP-tuntoreuna on vesitiivis ( IP67) ja se kest\u00e4\u00e4 paremmin pakkasta kuin perinteiset kumit. Se reagoi eritt\u00e4in nopeasti, jolloin mahdollisen t\u00f6rm\u00e4yksen [&hellip;]<\/p>","protected":false},"author":1,"featured_media":0,"parent":144,"menu_order":0,"comment_status":"closed","ping_status":"closed","template":"","meta":{"_et_pb_use_builder":"on","_et_pb_old_content":"","_et_gb_content_width":"","footnotes":""},"class_list":["post-222","page","type-page","status-publish","hentry"],"yoast_head":"<!-- This site is optimized with the Yoast SEO plugin v25.5 - https:\/\/yoast.com\/wordpress\/plugins\/seo\/ -->\n<title>SP turvareunat - Varetek<\/title>\n<meta name=\"robots\" content=\"index, follow, max-snippet:-1, max-image-preview:large, max-video-preview:-1\" \/>\n<link rel=\"canonical\" href=\"https:\/\/varetek.com\/en\/tuotteet\/turvareunat\/sp-turvareunat\/\" \/>\n<meta property=\"og:locale\" content=\"en_US\" \/>\n<meta property=\"og:type\" content=\"article\" \/>\n<meta property=\"og:title\" content=\"SP turvareunat - Varetek\" \/>\n<meta property=\"og:description\" content=\"Tuotekategoriat SP turvareunatSP-tuntoreuna malli on suunniteltu erityisesti portti-ja ovivalmistajille. Sit\u00e4 on helppo k\u00e4sitell\u00e4 ja valmistaa tarvittaessa vaikka paikanp\u00e4\u00e4ll\u00e4. SP-tuntoreunan valmistaminen on helppoa ja siihen ei tarvita mit\u00e4\u00e4n erikoisty\u00f6kaluja ja liimoja. Katso video t\u00e4st\u00e4 linkist\u00e4: https:\/\/youtu.be\/vLMUcn5KfeM SP-tuntoreuna on vesitiivis ( IP67) ja se kest\u00e4\u00e4 paremmin pakkasta kuin perinteiset kumit. Se reagoi eritt\u00e4in nopeasti, jolloin mahdollisen t\u00f6rm\u00e4yksen [&hellip;]\" \/>\n<meta property=\"og:url\" content=\"https:\/\/varetek.com\/en\/tuotteet\/turvareunat\/sp-turvareunat\/\" \/>\n<meta property=\"og:site_name\" content=\"Varetek\" \/>\n<meta property=\"article:modified_time\" content=\"2022-06-30T18:47:28+00:00\" \/>\n<meta property=\"og:image\" content=\"http:\/\/varetek.com\/wp-content\/uploads\/2022\/06\/4207___0FCABAD6-8559-459A-9640-B4F68C1C9153_1000_800.jpg\" \/>\n<meta name=\"twitter:card\" content=\"summary_large_image\" \/>\n<meta name=\"twitter:label1\" content=\"Est. reading time\" \/>\n\t<meta name=\"twitter:data1\" content=\"3 minutes\" \/>\n<script type=\"application\/ld+json\" class=\"yoast-schema-graph\">{\"@context\":\"https:\/\/schema.org\",\"@graph\":[{\"@type\":\"WebPage\",\"@id\":\"https:\/\/varetek.com\/tuotteet\/turvareunat\/sp-turvareunat\/\",\"url\":\"https:\/\/varetek.com\/tuotteet\/turvareunat\/sp-turvareunat\/\",\"name\":\"SP turvareunat - Varetek\",\"isPartOf\":{\"@id\":\"https:\/\/darkcyan-hare-473592.hostingersite.com\/en\/#website\"},\"primaryImageOfPage\":{\"@id\":\"https:\/\/varetek.com\/tuotteet\/turvareunat\/sp-turvareunat\/#primaryimage\"},\"image\":{\"@id\":\"https:\/\/varetek.com\/tuotteet\/turvareunat\/sp-turvareunat\/#primaryimage\"},\"thumbnailUrl\":\"http:\/\/varetek.com\/wp-content\/uploads\/2022\/06\/4207___0FCABAD6-8559-459A-9640-B4F68C1C9153_1000_800.jpg\",\"datePublished\":\"2022-06-29T06:15:20+00:00\",\"dateModified\":\"2022-06-30T18:47:28+00:00\",\"breadcrumb\":{\"@id\":\"https:\/\/varetek.com\/tuotteet\/turvareunat\/sp-turvareunat\/#breadcrumb\"},\"inLanguage\":\"en-US\",\"potentialAction\":[{\"@type\":\"ReadAction\",\"target\":[\"https:\/\/varetek.com\/tuotteet\/turvareunat\/sp-turvareunat\/\"]}]},{\"@type\":\"ImageObject\",\"inLanguage\":\"en-US\",\"@id\":\"https:\/\/varetek.com\/tuotteet\/turvareunat\/sp-turvareunat\/#primaryimage\",\"url\":\"http:\/\/varetek.com\/wp-content\/uploads\/2022\/06\/4207___0FCABAD6-8559-459A-9640-B4F68C1C9153_1000_800.jpg\",\"contentUrl\":\"http:\/\/varetek.com\/wp-content\/uploads\/2022\/06\/4207___0FCABAD6-8559-459A-9640-B4F68C1C9153_1000_800.jpg\"},{\"@type\":\"BreadcrumbList\",\"@id\":\"https:\/\/varetek.com\/tuotteet\/turvareunat\/sp-turvareunat\/#breadcrumb\",\"itemListElement\":[{\"@type\":\"ListItem\",\"position\":1,\"name\":\"Home\",\"item\":\"https:\/\/darkcyan-hare-473592.hostingersite.com\/en\/\"},{\"@type\":\"ListItem\",\"position\":2,\"name\":\"Tuotteet\",\"item\":\"https:\/\/varetek.com\/tuotteet\/\"},{\"@type\":\"ListItem\",\"position\":3,\"name\":\"Turvareunat\",\"item\":\"https:\/\/varetek.com\/tuotteet\/turvareunat\/\"},{\"@type\":\"ListItem\",\"position\":4,\"name\":\"SP turvareunat\"}]},{\"@type\":\"WebSite\",\"@id\":\"https:\/\/darkcyan-hare-473592.hostingersite.com\/en\/#website\",\"url\":\"https:\/\/darkcyan-hare-473592.hostingersite.com\/en\/\",\"name\":\"Varetek\",\"description\":\"Turvalaitteet koneturvallisuuteen, ovi- ja porttivalmistajille, sairaalakalustoon, huonekaluteollisuuteen ja julkisenliikenteen kalustoon\",\"potentialAction\":[{\"@type\":\"SearchAction\",\"target\":{\"@type\":\"EntryPoint\",\"urlTemplate\":\"https:\/\/darkcyan-hare-473592.hostingersite.com\/en\/?s={search_term_string}\"},\"query-input\":{\"@type\":\"PropertyValueSpecification\",\"valueRequired\":true,\"valueName\":\"search_term_string\"}}],\"inLanguage\":\"en-US\"}]}<\/script>\n<!-- \/ Yoast SEO plugin. -->","yoast_head_json":{"title":"SP turvareunat - Varetek","robots":{"index":"index","follow":"follow","max-snippet":"max-snippet:-1","max-image-preview":"max-image-preview:large","max-video-preview":"max-video-preview:-1"},"canonical":"https:\/\/varetek.com\/en\/tuotteet\/turvareunat\/sp-turvareunat\/","og_locale":"en_US","og_type":"article","og_title":"SP turvareunat - Varetek","og_description":"Tuotekategoriat SP turvareunatSP-tuntoreuna malli on suunniteltu erityisesti portti-ja ovivalmistajille. Sit\u00e4 on helppo k\u00e4sitell\u00e4 ja valmistaa tarvittaessa vaikka paikanp\u00e4\u00e4ll\u00e4. SP-tuntoreunan valmistaminen on helppoa ja siihen ei tarvita mit\u00e4\u00e4n erikoisty\u00f6kaluja ja liimoja. Katso video t\u00e4st\u00e4 linkist\u00e4: https:\/\/youtu.be\/vLMUcn5KfeM SP-tuntoreuna on vesitiivis ( IP67) ja se kest\u00e4\u00e4 paremmin pakkasta kuin perinteiset kumit. Se reagoi eritt\u00e4in nopeasti, jolloin mahdollisen t\u00f6rm\u00e4yksen [&hellip;]","og_url":"https:\/\/varetek.com\/en\/tuotteet\/turvareunat\/sp-turvareunat\/","og_site_name":"Varetek","article_modified_time":"2022-06-30T18:47:28+00:00","og_image":[{"url":"http:\/\/varetek.com\/wp-content\/uploads\/2022\/06\/4207___0FCABAD6-8559-459A-9640-B4F68C1C9153_1000_800.jpg","type":"","width":"","height":""}],"twitter_card":"summary_large_image","twitter_misc":{"Est. reading time":"3 minutes"},"schema":{"@context":"https:\/\/schema.org","@graph":[{"@type":"WebPage","@id":"https:\/\/varetek.com\/tuotteet\/turvareunat\/sp-turvareunat\/","url":"https:\/\/varetek.com\/tuotteet\/turvareunat\/sp-turvareunat\/","name":"SP turvareunat - Varetek","isPartOf":{"@id":"https:\/\/darkcyan-hare-473592.hostingersite.com\/en\/#website"},"primaryImageOfPage":{"@id":"https:\/\/varetek.com\/tuotteet\/turvareunat\/sp-turvareunat\/#primaryimage"},"image":{"@id":"https:\/\/varetek.com\/tuotteet\/turvareunat\/sp-turvareunat\/#primaryimage"},"thumbnailUrl":"http:\/\/varetek.com\/wp-content\/uploads\/2022\/06\/4207___0FCABAD6-8559-459A-9640-B4F68C1C9153_1000_800.jpg","datePublished":"2022-06-29T06:15:20+00:00","dateModified":"2022-06-30T18:47:28+00:00","breadcrumb":{"@id":"https:\/\/varetek.com\/tuotteet\/turvareunat\/sp-turvareunat\/#breadcrumb"},"inLanguage":"en-US","potentialAction":[{"@type":"ReadAction","target":["https:\/\/varetek.com\/tuotteet\/turvareunat\/sp-turvareunat\/"]}]},{"@type":"ImageObject","inLanguage":"en-US","@id":"https:\/\/varetek.com\/tuotteet\/turvareunat\/sp-turvareunat\/#primaryimage","url":"http:\/\/varetek.com\/wp-content\/uploads\/2022\/06\/4207___0FCABAD6-8559-459A-9640-B4F68C1C9153_1000_800.jpg","contentUrl":"http:\/\/varetek.com\/wp-content\/uploads\/2022\/06\/4207___0FCABAD6-8559-459A-9640-B4F68C1C9153_1000_800.jpg"},{"@type":"BreadcrumbList","@id":"https:\/\/varetek.com\/tuotteet\/turvareunat\/sp-turvareunat\/#breadcrumb","itemListElement":[{"@type":"ListItem","position":1,"name":"Home","item":"https:\/\/darkcyan-hare-473592.hostingersite.com\/en\/"},{"@type":"ListItem","position":2,"name":"Tuotteet","item":"https:\/\/varetek.com\/tuotteet\/"},{"@type":"ListItem","position":3,"name":"Turvareunat","item":"https:\/\/varetek.com\/tuotteet\/turvareunat\/"},{"@type":"ListItem","position":4,"name":"SP turvareunat"}]},{"@type":"WebSite","@id":"https:\/\/darkcyan-hare-473592.hostingersite.com\/en\/#website","url":"https:\/\/darkcyan-hare-473592.hostingersite.com\/en\/","name":"Varetek","description":"Turvalaitteet koneturvallisuuteen, ovi- ja porttivalmistajille, sairaalakalustoon, huonekaluteollisuuteen ja julkisenliikenteen kalustoon","potentialAction":[{"@type":"SearchAction","target":{"@type":"EntryPoint","urlTemplate":"https:\/\/darkcyan-hare-473592.hostingersite.com\/en\/?s={search_term_string}"},"query-input":{"@type":"PropertyValueSpecification","valueRequired":true,"valueName":"search_term_string"}}],"inLanguage":"en-US"}]}},"_links":{"self":[{"href":"https:\/\/varetek.com\/en\/wp-json\/wp\/v2\/pages\/222","targetHints":{"allow":["GET"]}}],"collection":[{"href":"https:\/\/varetek.com\/en\/wp-json\/wp\/v2\/pages"}],"about":[{"href":"https:\/\/varetek.com\/en\/wp-json\/wp\/v2\/types\/page"}],"author":[{"embeddable":true,"href":"https:\/\/varetek.com\/en\/wp-json\/wp\/v2\/users\/1"}],"replies":[{"embeddable":true,"href":"https:\/\/varetek.com\/en\/wp-json\/wp\/v2\/comments?post=222"}],"version-history":[{"count":3,"href":"https:\/\/varetek.com\/en\/wp-json\/wp\/v2\/pages\/222\/revisions"}],"predecessor-version":[{"id":505,"href":"https:\/\/varetek.com\/en\/wp-json\/wp\/v2\/pages\/222\/revisions\/505"}],"up":[{"embeddable":true,"href":"https:\/\/varetek.com\/en\/wp-json\/wp\/v2\/pages\/144"}],"wp:attachment":[{"href":"https:\/\/varetek.com\/en\/wp-json\/wp\/v2\/media?parent=222"}],"curies":[{"name":"wp","href":"https:\/\/api.w.org\/{rel}","templated":true}]}}