{"id":206,"date":"2022-06-29T05:44:30","date_gmt":"2022-06-29T05:44:30","guid":{"rendered":"https:\/\/darkcyan-hare-473592.hostingersite.com\/?page_id=206"},"modified":"2022-07-01T12:10:05","modified_gmt":"2022-07-01T12:10:05","slug":"valvontayksikot","status":"publish","type":"page","link":"https:\/\/varetek.com\/en\/tuotteet\/valvontayksikot\/","title":{"rendered":"Control units"},"content":{"rendered":"<p>[et_pb_section fb_built=&#8221;1&#8243; _builder_version=&#8221;4.17.4&#8243; _module_preset=&#8221;default&#8221; background_enable_image=&#8221;off&#8221; min_height=&#8221;300px&#8221; min_height_tablet=&#8221;&#8221; min_height_phone=&#8221;&#8221; min_height_last_edited=&#8221;on|desktop&#8221; custom_padding=&#8221;0px||0px||true|false&#8221; global_colors_info=&#8221;{}&#8221;][et_pb_row use_custom_gutter=&#8221;on&#8221; gutter_width=&#8221;1&#8243; make_equal=&#8221;on&#8221; _builder_version=&#8221;4.17.4&#8243; _module_preset=&#8221;default&#8221; width=&#8221;100%&#8221; max_width=&#8221;100%&#8221; custom_padding=&#8221;0px||||false|false&#8221; global_colors_info=&#8221;{}&#8221;][et_pb_column type=&#8221;4_4&#8243; _builder_version=&#8221;4.17.4&#8243; _module_preset=&#8221;default&#8221; global_colors_info=&#8221;{}&#8221;][et_pb_slider _builder_version=&#8221;4.17.4&#8243; _module_preset=&#8221;default&#8221; border_width_bottom=&#8221;2px&#8221; border_color_bottom=&#8221;#304f0d&#8221; global_colors_info=&#8221;{}&#8221;][et_pb_slide _builder_version=&#8221;4.17.4&#8243; _module_preset=&#8221;default&#8221; background_enable_color=&#8221;off&#8221; background_image=&#8221;http:\/\/varetek.com\/wp-content\/uploads\/2022\/06\/slide-001_images_sliderit-sliders_slider-overlay-right_1050_800-scaled.jpg&#8221; background_enable_image=&#8221;on&#8221; global_colors_info=&#8221;{}&#8221; sticky_transition=&#8221;on&#8221;][\/et_pb_slide][et_pb_slide _builder_version=&#8221;4.17.4&#8243; _module_preset=&#8221;default&#8221; background_enable_color=&#8221;off&#8221; background_image=&#8221;http:\/\/varetek.com\/wp-content\/uploads\/2022\/06\/02_images_sliderit-sliders_slider-overlay-right_1050_800.jpg&#8221; background_enable_image=&#8221;on&#8221; global_colors_info=&#8221;{}&#8221; sticky_transition=&#8221;on&#8221;][\/et_pb_slide][\/et_pb_slider][\/et_pb_column][\/et_pb_row][\/et_pb_section][et_pb_section fb_built=&#8221;1&#8243; specialty=&#8221;on&#8221; module_id_1=&#8221;column-1-mage-fix&#8221; module_id_2=&#8221;column-2-mage-fix&#8221; module_class_1=&#8221;column-1-mage-fix&#8221; module_class_2=&#8221;column-2-mage-fix&#8221; _builder_version=&#8221;4.17.4&#8243; _module_preset=&#8221;default&#8221; global_colors_info=&#8221;{}&#8221;][et_pb_column type=&#8221;1_4&#8243; _builder_version=&#8221;4.16&#8243; custom_padding=&#8221;|||&#8221; global_colors_info=&#8221;{}&#8221; custom_padding__hover=&#8221;|||&#8221;][et_pb_text _builder_version=&#8221;4.17.4&#8243; _module_preset=&#8221;default&#8221; global_colors_info=&#8221;{}&#8221;]<\/p>\n<h4>Products<\/h4>\n<p>[\/et_pb_text][et_pb_menu menu_id=&#8221;14&#8243; _builder_version=&#8221;4.17.4&#8243; _module_preset=&#8221;default&#8221; global_colors_info=&#8221;{}&#8221;][\/et_pb_menu][\/et_pb_column][et_pb_column type=&#8221;3_4&#8243; specialty_columns=&#8221;3&#8243; _builder_version=&#8221;4.16&#8243; custom_padding=&#8221;|||&#8221; global_colors_info=&#8221;{}&#8221; custom_padding__hover=&#8221;|||&#8221;][et_pb_row_inner _builder_version=&#8221;4.17.4&#8243; _module_preset=&#8221;default&#8221; custom_padding=&#8221;0px||0px||true|false&#8221; global_colors_info=&#8221;{}&#8221;][et_pb_column_inner saved_specialty_column_type=&#8221;3_4&#8243; _builder_version=&#8221;4.17.4&#8243; _module_preset=&#8221;default&#8221; global_colors_info=&#8221;{}&#8221;][et_pb_text _builder_version=&#8221;4.17.4&#8243; _module_preset=&#8221;default&#8221; header_2_font=&#8221;|600|||||||&#8221; header_2_text_color=&#8221;#111111&#8243; header_2_font_size=&#8221;32px&#8221; header_2_font_size_tablet=&#8221;20px&#8221; header_2_font_size_phone=&#8221;18px&#8221; header_2_font_size_last_edited=&#8221;on|desktop&#8221; global_colors_info=&#8221;{}&#8221;]<\/p>\n<h2>Control units<\/h2>\n<p><em><\/em><\/p>\n<p><em><\/em><\/p>\n<p><em>Type-approved control units for all categories defined by machine safety directives. Control units are used with the safety equipment to guarantee their reliable and safe operation. They operate under the fail-safe principle.<\/em><\/p>\n<p>Here is an overwiev.pdfof the control units. Click the picture in question to see detailed information on the manufacturer's site, or download a brochure below under the type in question.<\/p>\n<p>[\/et_pb_text][\/et_pb_column_inner][\/et_pb_row_inner][et_pb_row_inner column_structure=&#8221;1_2,1_2&#8243; _builder_version=&#8221;4.17.4&#8243; _module_preset=&#8221;default&#8221; background_enable_color=&#8221;off&#8221; custom_margin=&#8221;30px||15px||false|false&#8221; custom_padding=&#8221;20px|20px|0px|20px|false|true&#8221; hover_enabled=&#8221;0&#8243; border_width_all=&#8221;1px&#8221; border_color_all=&#8221;#cccccc&#8221; global_colors_info=&#8221;{}&#8221; custom_padding_last_edited=&#8221;on|phone&#8221; custom_padding_phone=&#8221;||22px||false|true&#8221; sticky_enabled=&#8221;0&#8243; custom_padding_tablet=&#8221;20px|20px|0px|20px|false|true&#8221;][et_pb_column_inner type=&#8221;1_2&#8243; saved_specialty_column_type=&#8221;3_4&#8243; _builder_version=&#8221;4.17.4&#8243; _module_preset=&#8221;default&#8221; global_colors_info=&#8221;{}&#8221;][et_pb_text _builder_version=&#8221;4.17.4&#8243; _module_preset=&#8221;default&#8221; header_3_font=&#8221;Montserrat|700|||||||&#8221; header_3_text_align=&#8221;center&#8221; header_3_text_color=&#8221;#304F0D&#8221; header_3_font_size=&#8221;16px&#8221; link_option_url=&#8221;https:\/\/darkcyan-hare-473592.hostingersite.com\/tuotteet\/valvontayksikot\/sg-efs104-4l\/&#8221; custom_css_main_element=&#8221;display:block!important;&#8221; global_colors_info=&#8221;{}&#8221;]<\/p>\n<h3>SG-EFS104\/4L<\/h3>\n<p><img loading=\"lazy\" decoding=\"async\" src=\"http:\/\/varetek.com\/wp-content\/uploads\/2022\/06\/4157___image.jpeg\" width=\"1766\" height=\"1111\" alt=\"\" class=\"wp-image-297 alignnone size-full\" srcset=\"http:\/\/varetek.com\/wp-content\/uploads\/2022\/06\/4157___image.jpeg 1766w, http:\/\/varetek.com\/wp-content\/uploads\/2022\/06\/4157___image-1280x805.jpeg 1280w, http:\/\/varetek.com\/wp-content\/uploads\/2022\/06\/4157___image-980x617.jpeg 980w, http:\/\/varetek.com\/wp-content\/uploads\/2022\/06\/4157___image-480x302.jpeg 480w\" sizes=\"(min-width: 0px) and (max-width: 480px) 480px, (min-width: 481px) and (max-width: 980px) 980px, (min-width: 981px) and (max-width: 1280px) 1280px, (min-width: 1281px) 1766px, 100vw\" \/><\/p>\n<p>[\/et_pb_text][et_pb_button button_url=&#8221;https:\/\/darkcyan-hare-473592.hostingersite.com\/tuotteet\/valvontayksikot\/sg-efs104-4l\/&#8221; button_text=&#8221;Tutustu t\u00e4\u00e4lt\u00e4&#8221; button_alignment=&#8221;left&#8221; module_class=&#8221;block-button&#8221; _builder_version=&#8221;4.17.4&#8243; _module_preset=&#8221;default&#8221; custom_button=&#8221;on&#8221; button_text_size=&#8221;14px&#8221; button_text_color=&#8221;#FFFFFF&#8221; button_bg_color=&#8221;#304F0D&#8221; button_border_width=&#8221;0px&#8221; button_border_color=&#8221;#304F0D&#8221; button_use_icon=&#8221;off&#8221; custom_padding=&#8221;||||false|false&#8221; global_colors_info=&#8221;{}&#8221;][\/et_pb_button][et_pb_text _builder_version=&#8221;4.17.4&#8243; _module_preset=&#8221;default&#8221; global_colors_info=&#8221;{}&#8221;][\/et_pb_text][\/et_pb_column_inner][et_pb_column_inner type=&#8221;1_2&#8243; saved_specialty_column_type=&#8221;3_4&#8243; _builder_version=&#8221;4.17.4&#8243; _module_preset=&#8221;default&#8221; global_colors_info=&#8221;{}&#8221;][et_pb_text _builder_version=&#8221;4.17.4&#8243; _module_preset=&#8221;default&#8221; header_3_font=&#8221;Montserrat|700|||||||&#8221; header_3_text_align=&#8221;center&#8221; header_3_text_color=&#8221;#304F0D&#8221; header_3_font_size=&#8221;16px&#8221; link_option_url=&#8221;https:\/\/darkcyan-hare-473592.hostingersite.com\/tuotteet\/valvontayksikot\/sg-efs104-2w\/&#8221; global_colors_info=&#8221;{}&#8221;]<\/p>\n<h3>SG-EFS104\/2W<\/h3>\n<p><img loading=\"lazy\" decoding=\"async\" src=\"http:\/\/varetek.com\/wp-content\/uploads\/2022\/06\/4159___image.jpeg\" width=\"1812\" height=\"1171\" alt=\"\" class=\"wp-image-304 alignnone size-full\" srcset=\"http:\/\/varetek.com\/wp-content\/uploads\/2022\/06\/4159___image.jpeg 1812w, http:\/\/varetek.com\/wp-content\/uploads\/2022\/06\/4159___image-1280x827.jpeg 1280w, http:\/\/varetek.com\/wp-content\/uploads\/2022\/06\/4159___image-980x633.jpeg 980w, http:\/\/varetek.com\/wp-content\/uploads\/2022\/06\/4159___image-480x310.jpeg 480w\" sizes=\"(min-width: 0px) and (max-width: 480px) 480px, (min-width: 481px) and (max-width: 980px) 980px, (min-width: 981px) and (max-width: 1280px) 1280px, (min-width: 1281px) 1812px, 100vw\" \/><\/p>\n<p>[\/et_pb_text][et_pb_button button_url=&#8221;https:\/\/darkcyan-hare-473592.hostingersite.com\/tuotteet\/valvontayksikot\/sg-efs104-2w\/&#8221; button_text=&#8221;Tutustu t\u00e4\u00e4lt\u00e4&#8221; button_alignment=&#8221;left&#8221; module_class=&#8221;block-button&#8221; _builder_version=&#8221;4.17.4&#8243; _module_preset=&#8221;default&#8221; custom_button=&#8221;on&#8221; button_text_size=&#8221;14px&#8221; button_text_color=&#8221;#FFFFFF&#8221; button_bg_color=&#8221;#304F0D&#8221; button_border_width=&#8221;0px&#8221; button_border_color=&#8221;#304F0D&#8221; button_use_icon=&#8221;off&#8221; custom_padding=&#8221;||||false|false&#8221; custom_css_main_element=&#8221;display:block;&#8221; global_colors_info=&#8221;{}&#8221;][\/et_pb_button][\/et_pb_column_inner][\/et_pb_row_inner][et_pb_row_inner column_structure=&#8221;1_2,1_2&#8243; _builder_version=&#8221;4.17.4&#8243; _module_preset=&#8221;default&#8221; background_enable_color=&#8221;off&#8221; custom_margin=&#8221;||15px||false|false&#8221; custom_padding=&#8221;20px|20px|0px|20px|false|true&#8221; hover_enabled=&#8221;0&#8243; border_width_all=&#8221;1px&#8221; border_color_all=&#8221;#cccccc&#8221; global_colors_info=&#8221;{}&#8221; custom_padding_last_edited=&#8221;on|phone&#8221; custom_padding_phone=&#8221;||22px||false|true&#8221; sticky_enabled=&#8221;0&#8243; custom_padding_tablet=&#8221;20px|20px|0px|20px|false|true&#8221;][et_pb_column_inner type=&#8221;1_2&#8243; saved_specialty_column_type=&#8221;3_4&#8243; _builder_version=&#8221;4.17.4&#8243; _module_preset=&#8221;default&#8221; global_colors_info=&#8221;{}&#8221;][et_pb_text _builder_version=&#8221;4.17.4&#8243; _module_preset=&#8221;default&#8221; header_3_font=&#8221;Montserrat|700|||||||&#8221; header_3_text_align=&#8221;center&#8221; header_3_text_color=&#8221;#304F0D&#8221; header_3_font_size=&#8221;16px&#8221; link_option_url=&#8221;https:\/\/darkcyan-hare-473592.hostingersite.com\/tuotteet\/valvontayksikot\/rb3tr-langaton\/&#8221; custom_css_main_element=&#8221;display:block!important;&#8221; global_colors_info=&#8221;{}&#8221;]<\/p>\n<h3>RB3TR Wireless<\/h3>\n<p><img loading=\"lazy\" decoding=\"async\" src=\"http:\/\/varetek.com\/wp-content\/uploads\/2022\/06\/4213___IMG_1397_1000_800.jpg\" width=\"1000\" height=\"810\" alt=\"\" class=\"wp-image-308 alignnone size-full\" srcset=\"http:\/\/varetek.com\/wp-content\/uploads\/2022\/06\/4213___IMG_1397_1000_800.jpg 1000w, http:\/\/varetek.com\/wp-content\/uploads\/2022\/06\/4213___IMG_1397_1000_800-980x794.jpg 980w, http:\/\/varetek.com\/wp-content\/uploads\/2022\/06\/4213___IMG_1397_1000_800-480x389.jpg 480w\" sizes=\"(min-width: 0px) and (max-width: 480px) 480px, (min-width: 481px) and (max-width: 980px) 980px, (min-width: 981px) 1000px, 100vw\" \/><\/p>\n<p>[\/et_pb_text][et_pb_button button_url=&#8221;https:\/\/darkcyan-hare-473592.hostingersite.com\/tuotteet\/valvontayksikot\/rb3tr-langaton\/&#8221; button_text=&#8221;Tutustu t\u00e4\u00e4lt\u00e4&#8221; button_alignment=&#8221;left&#8221; module_class=&#8221;block-button&#8221; _builder_version=&#8221;4.17.4&#8243; _module_preset=&#8221;default&#8221; custom_button=&#8221;on&#8221; button_text_size=&#8221;14px&#8221; button_text_color=&#8221;#FFFFFF&#8221; button_bg_color=&#8221;#304F0D&#8221; button_border_width=&#8221;0px&#8221; button_border_color=&#8221;#304F0D&#8221; button_use_icon=&#8221;off&#8221; custom_padding=&#8221;||||false|false&#8221; global_colors_info=&#8221;{}&#8221;][\/et_pb_button][et_pb_text _builder_version=&#8221;4.17.4&#8243; _module_preset=&#8221;default&#8221; global_colors_info=&#8221;{}&#8221;][\/et_pb_text][\/et_pb_column_inner][et_pb_column_inner type=&#8221;1_2&#8243; saved_specialty_column_type=&#8221;3_4&#8243; _builder_version=&#8221;4.17.4&#8243; _module_preset=&#8221;default&#8221; global_colors_info=&#8221;{}&#8221;][et_pb_text _builder_version=&#8221;4.17.4&#8243; _module_preset=&#8221;default&#8221; header_3_font=&#8221;Montserrat|700|||||||&#8221; header_3_text_align=&#8221;center&#8221; header_3_text_color=&#8221;#304F0D&#8221; header_3_font_size=&#8221;16px&#8221; link_option_url=&#8221;https:\/\/darkcyan-hare-473592.hostingersite.com\/tuotteet\/valvontayksikot\/sg-rs309-2\/&#8221; global_colors_info=&#8221;{}&#8221;]<\/p>\n<h3><span>SG-RS309-2<\/span><\/h3>\n<p><img loading=\"lazy\" decoding=\"async\" src=\"http:\/\/varetek.com\/wp-content\/uploads\/2022\/06\/4215___Na\u0308ytto\u0308kuva_2022-1-5_kello_19.30_1000_800.jpg\" width=\"817\" height=\"595\" alt=\"\" class=\"wp-image-315 alignnone size-full\" srcset=\"https:\/\/varetek.com\/wp-content\/uploads\/2022\/06\/4215___Na\u0308ytto\u0308kuva_2022-1-5_kello_19.30_1000_800.jpg 817w, https:\/\/varetek.com\/wp-content\/uploads\/2022\/06\/4215___Na\u0308ytto\u0308kuva_2022-1-5_kello_19.30_1000_800-300x218.jpg 300w, https:\/\/varetek.com\/wp-content\/uploads\/2022\/06\/4215___Na\u0308ytto\u0308kuva_2022-1-5_kello_19.30_1000_800-768x559.jpg 768w, https:\/\/varetek.com\/wp-content\/uploads\/2022\/06\/4215___Na\u0308ytto\u0308kuva_2022-1-5_kello_19.30_1000_800-480x350.jpg 480w\" sizes=\"(max-width: 817px) 100vw, 817px\" \/><\/p>\n<p>[\/et_pb_text][et_pb_button button_url=&#8221;https:\/\/darkcyan-hare-473592.hostingersite.com\/tuotteet\/valvontayksikot\/sg-rs309-2\/&#8221; button_text=&#8221;Tutustu t\u00e4\u00e4lt\u00e4&#8221; button_alignment=&#8221;left&#8221; module_class=&#8221;block-button&#8221; _builder_version=&#8221;4.17.4&#8243; _module_preset=&#8221;default&#8221; custom_button=&#8221;on&#8221; button_text_size=&#8221;14px&#8221; button_text_color=&#8221;#FFFFFF&#8221; button_bg_color=&#8221;#304F0D&#8221; button_border_width=&#8221;0px&#8221; button_border_color=&#8221;#304F0D&#8221; button_use_icon=&#8221;off&#8221; custom_padding=&#8221;||||false|false&#8221; custom_css_main_element=&#8221;display:block;&#8221; global_colors_info=&#8221;{}&#8221;][\/et_pb_button][\/et_pb_column_inner][\/et_pb_row_inner][\/et_pb_column][\/et_pb_section]<\/p>","protected":false},"excerpt":{"rendered":"<p>TuotekategoriatValvontayksik\u00f6t Tyyppihyv\u00e4ksytyt valvontayksik\u00f6t kaikkiin koneturvallisuusdirektiivien m\u00e4\u00e4rittelemiin kategorioihin. Valvontayksik\u00f6it\u00e4 k\u00e4ytet\u00e4\u00e4n turvalaitteiden kanssa takaamaan niiden luotettavan ja turvallisenk\u00e4yt\u00f6n. Ne toimivat ns. turvallisen vikaantumisen periaatteella. T\u00e4st\u00e4 voit katso yleissilm\u00e4yksen kyseisiin valvontayksik\u00f6ihin yleiskatsaus.pdf. Kyseist\u00e4 kuvaa klikkaamalla p\u00e4\u00e4set tarkempiin tietoihin valmistajan sivuille tai voit ladata esitteen alta kyseisen tyypin kohdalta.SG-EFS104\/4L SG-EFS104\/2W RB3TR Langaton SG-RS309-2<\/p>","protected":false},"author":1,"featured_media":0,"parent":36,"menu_order":0,"comment_status":"closed","ping_status":"closed","template":"","meta":{"_et_pb_use_builder":"on","_et_pb_old_content":"<!-- wp:divi\/placeholder \/-->","_et_gb_content_width":"","footnotes":""},"class_list":["post-206","page","type-page","status-publish","hentry"],"yoast_head":"<!-- This site is optimized with the Yoast SEO plugin v25.5 - https:\/\/yoast.com\/wordpress\/plugins\/seo\/ -->\n<title>Valvontayksik\u00f6t - Varetek<\/title>\n<meta name=\"robots\" content=\"index, follow, max-snippet:-1, max-image-preview:large, max-video-preview:-1\" \/>\n<link rel=\"canonical\" href=\"https:\/\/darkcyan-hare-473592.hostingersite.com\/en\/tuotteet\/valvontayksikot\/\" \/>\n<meta property=\"og:locale\" content=\"en_US\" \/>\n<meta property=\"og:type\" content=\"article\" \/>\n<meta property=\"og:title\" content=\"Valvontayksik\u00f6t - Varetek\" \/>\n<meta property=\"og:description\" content=\"TuotekategoriatValvontayksik\u00f6t Tyyppihyv\u00e4ksytyt valvontayksik\u00f6t kaikkiin koneturvallisuusdirektiivien m\u00e4\u00e4rittelemiin kategorioihin. Valvontayksik\u00f6it\u00e4 k\u00e4ytet\u00e4\u00e4n turvalaitteiden kanssa takaamaan niiden luotettavan ja turvallisenk\u00e4yt\u00f6n. Ne toimivat ns. turvallisen vikaantumisen periaatteella. T\u00e4st\u00e4 voit katso yleissilm\u00e4yksen kyseisiin valvontayksik\u00f6ihin yleiskatsaus.pdf. Kyseist\u00e4 kuvaa klikkaamalla p\u00e4\u00e4set tarkempiin tietoihin valmistajan sivuille tai voit ladata esitteen alta kyseisen tyypin kohdalta.SG-EFS104\/4L SG-EFS104\/2W RB3TR Langaton SG-RS309-2\" \/>\n<meta property=\"og:url\" content=\"https:\/\/darkcyan-hare-473592.hostingersite.com\/en\/tuotteet\/valvontayksikot\/\" \/>\n<meta property=\"og:site_name\" content=\"Varetek\" \/>\n<meta property=\"article:modified_time\" content=\"2022-07-01T12:10:05+00:00\" \/>\n<meta property=\"og:image\" content=\"http:\/\/varetek.com\/wp-content\/uploads\/2022\/06\/4157___image.jpeg\" \/>\n<meta name=\"twitter:card\" content=\"summary_large_image\" \/>\n<meta name=\"twitter:label1\" content=\"Est. reading time\" \/>\n\t<meta name=\"twitter:data1\" content=\"6 minutes\" \/>\n<script type=\"application\/ld+json\" class=\"yoast-schema-graph\">{\"@context\":\"https:\/\/schema.org\",\"@graph\":[{\"@type\":\"WebPage\",\"@id\":\"https:\/\/darkcyan-hare-473592.hostingersite.com\/en\/tuotteet\/valvontayksikot\/\",\"url\":\"https:\/\/darkcyan-hare-473592.hostingersite.com\/en\/tuotteet\/valvontayksikot\/\",\"name\":\"Valvontayksik\u00f6t - Varetek\",\"isPartOf\":{\"@id\":\"https:\/\/darkcyan-hare-473592.hostingersite.com\/en\/#website\"},\"primaryImageOfPage\":{\"@id\":\"https:\/\/darkcyan-hare-473592.hostingersite.com\/en\/tuotteet\/valvontayksikot\/#primaryimage\"},\"image\":{\"@id\":\"https:\/\/darkcyan-hare-473592.hostingersite.com\/en\/tuotteet\/valvontayksikot\/#primaryimage\"},\"thumbnailUrl\":\"http:\/\/varetek.com\/wp-content\/uploads\/2022\/06\/4157___image.jpeg\",\"datePublished\":\"2022-06-29T05:44:30+00:00\",\"dateModified\":\"2022-07-01T12:10:05+00:00\",\"breadcrumb\":{\"@id\":\"https:\/\/darkcyan-hare-473592.hostingersite.com\/en\/tuotteet\/valvontayksikot\/#breadcrumb\"},\"inLanguage\":\"en-US\",\"potentialAction\":[{\"@type\":\"ReadAction\",\"target\":[\"https:\/\/darkcyan-hare-473592.hostingersite.com\/en\/tuotteet\/valvontayksikot\/\"]}]},{\"@type\":\"ImageObject\",\"inLanguage\":\"en-US\",\"@id\":\"https:\/\/darkcyan-hare-473592.hostingersite.com\/en\/tuotteet\/valvontayksikot\/#primaryimage\",\"url\":\"http:\/\/varetek.com\/wp-content\/uploads\/2022\/06\/4157___image.jpeg\",\"contentUrl\":\"http:\/\/varetek.com\/wp-content\/uploads\/2022\/06\/4157___image.jpeg\"},{\"@type\":\"BreadcrumbList\",\"@id\":\"https:\/\/darkcyan-hare-473592.hostingersite.com\/en\/tuotteet\/valvontayksikot\/#breadcrumb\",\"itemListElement\":[{\"@type\":\"ListItem\",\"position\":1,\"name\":\"Home\",\"item\":\"https:\/\/darkcyan-hare-473592.hostingersite.com\/en\/\"},{\"@type\":\"ListItem\",\"position\":2,\"name\":\"Tuotteet\",\"item\":\"https:\/\/varetek.com\/tuotteet\/\"},{\"@type\":\"ListItem\",\"position\":3,\"name\":\"Valvontayksik\u00f6t\"}]},{\"@type\":\"WebSite\",\"@id\":\"https:\/\/darkcyan-hare-473592.hostingersite.com\/en\/#website\",\"url\":\"https:\/\/darkcyan-hare-473592.hostingersite.com\/en\/\",\"name\":\"Varetek\",\"description\":\"Turvalaitteet koneturvallisuuteen, ovi- ja porttivalmistajille, sairaalakalustoon, huonekaluteollisuuteen ja julkisenliikenteen kalustoon\",\"potentialAction\":[{\"@type\":\"SearchAction\",\"target\":{\"@type\":\"EntryPoint\",\"urlTemplate\":\"https:\/\/darkcyan-hare-473592.hostingersite.com\/en\/?s={search_term_string}\"},\"query-input\":{\"@type\":\"PropertyValueSpecification\",\"valueRequired\":true,\"valueName\":\"search_term_string\"}}],\"inLanguage\":\"en-US\"}]}<\/script>\n<!-- \/ Yoast SEO plugin. -->","yoast_head_json":{"title":"Valvontayksik\u00f6t - Varetek","robots":{"index":"index","follow":"follow","max-snippet":"max-snippet:-1","max-image-preview":"max-image-preview:large","max-video-preview":"max-video-preview:-1"},"canonical":"https:\/\/darkcyan-hare-473592.hostingersite.com\/en\/tuotteet\/valvontayksikot\/","og_locale":"en_US","og_type":"article","og_title":"Valvontayksik\u00f6t - Varetek","og_description":"TuotekategoriatValvontayksik\u00f6t Tyyppihyv\u00e4ksytyt valvontayksik\u00f6t kaikkiin koneturvallisuusdirektiivien m\u00e4\u00e4rittelemiin kategorioihin. Valvontayksik\u00f6it\u00e4 k\u00e4ytet\u00e4\u00e4n turvalaitteiden kanssa takaamaan niiden luotettavan ja turvallisenk\u00e4yt\u00f6n. Ne toimivat ns. turvallisen vikaantumisen periaatteella. T\u00e4st\u00e4 voit katso yleissilm\u00e4yksen kyseisiin valvontayksik\u00f6ihin yleiskatsaus.pdf. Kyseist\u00e4 kuvaa klikkaamalla p\u00e4\u00e4set tarkempiin tietoihin valmistajan sivuille tai voit ladata esitteen alta kyseisen tyypin kohdalta.SG-EFS104\/4L SG-EFS104\/2W RB3TR Langaton SG-RS309-2","og_url":"https:\/\/darkcyan-hare-473592.hostingersite.com\/en\/tuotteet\/valvontayksikot\/","og_site_name":"Varetek","article_modified_time":"2022-07-01T12:10:05+00:00","og_image":[{"url":"http:\/\/varetek.com\/wp-content\/uploads\/2022\/06\/4157___image.jpeg","type":"","width":"","height":""}],"twitter_card":"summary_large_image","twitter_misc":{"Est. reading time":"6 minutes"},"schema":{"@context":"https:\/\/schema.org","@graph":[{"@type":"WebPage","@id":"https:\/\/darkcyan-hare-473592.hostingersite.com\/en\/tuotteet\/valvontayksikot\/","url":"https:\/\/darkcyan-hare-473592.hostingersite.com\/en\/tuotteet\/valvontayksikot\/","name":"Valvontayksik\u00f6t - Varetek","isPartOf":{"@id":"https:\/\/darkcyan-hare-473592.hostingersite.com\/en\/#website"},"primaryImageOfPage":{"@id":"https:\/\/darkcyan-hare-473592.hostingersite.com\/en\/tuotteet\/valvontayksikot\/#primaryimage"},"image":{"@id":"https:\/\/darkcyan-hare-473592.hostingersite.com\/en\/tuotteet\/valvontayksikot\/#primaryimage"},"thumbnailUrl":"http:\/\/varetek.com\/wp-content\/uploads\/2022\/06\/4157___image.jpeg","datePublished":"2022-06-29T05:44:30+00:00","dateModified":"2022-07-01T12:10:05+00:00","breadcrumb":{"@id":"https:\/\/darkcyan-hare-473592.hostingersite.com\/en\/tuotteet\/valvontayksikot\/#breadcrumb"},"inLanguage":"en-US","potentialAction":[{"@type":"ReadAction","target":["https:\/\/darkcyan-hare-473592.hostingersite.com\/en\/tuotteet\/valvontayksikot\/"]}]},{"@type":"ImageObject","inLanguage":"en-US","@id":"https:\/\/darkcyan-hare-473592.hostingersite.com\/en\/tuotteet\/valvontayksikot\/#primaryimage","url":"http:\/\/varetek.com\/wp-content\/uploads\/2022\/06\/4157___image.jpeg","contentUrl":"http:\/\/varetek.com\/wp-content\/uploads\/2022\/06\/4157___image.jpeg"},{"@type":"BreadcrumbList","@id":"https:\/\/darkcyan-hare-473592.hostingersite.com\/en\/tuotteet\/valvontayksikot\/#breadcrumb","itemListElement":[{"@type":"ListItem","position":1,"name":"Home","item":"https:\/\/darkcyan-hare-473592.hostingersite.com\/en\/"},{"@type":"ListItem","position":2,"name":"Tuotteet","item":"https:\/\/varetek.com\/tuotteet\/"},{"@type":"ListItem","position":3,"name":"Valvontayksik\u00f6t"}]},{"@type":"WebSite","@id":"https:\/\/darkcyan-hare-473592.hostingersite.com\/en\/#website","url":"https:\/\/darkcyan-hare-473592.hostingersite.com\/en\/","name":"Varetek","description":"Turvalaitteet koneturvallisuuteen, ovi- ja porttivalmistajille, sairaalakalustoon, huonekaluteollisuuteen ja julkisenliikenteen kalustoon","potentialAction":[{"@type":"SearchAction","target":{"@type":"EntryPoint","urlTemplate":"https:\/\/darkcyan-hare-473592.hostingersite.com\/en\/?s={search_term_string}"},"query-input":{"@type":"PropertyValueSpecification","valueRequired":true,"valueName":"search_term_string"}}],"inLanguage":"en-US"}]}},"_links":{"self":[{"href":"https:\/\/varetek.com\/en\/wp-json\/wp\/v2\/pages\/206","targetHints":{"allow":["GET"]}}],"collection":[{"href":"https:\/\/varetek.com\/en\/wp-json\/wp\/v2\/pages"}],"about":[{"href":"https:\/\/varetek.com\/en\/wp-json\/wp\/v2\/types\/page"}],"author":[{"embeddable":true,"href":"https:\/\/varetek.com\/en\/wp-json\/wp\/v2\/users\/1"}],"replies":[{"embeddable":true,"href":"https:\/\/varetek.com\/en\/wp-json\/wp\/v2\/comments?post=206"}],"version-history":[{"count":7,"href":"https:\/\/varetek.com\/en\/wp-json\/wp\/v2\/pages\/206\/revisions"}],"predecessor-version":[{"id":558,"href":"https:\/\/varetek.com\/en\/wp-json\/wp\/v2\/pages\/206\/revisions\/558"}],"up":[{"embeddable":true,"href":"https:\/\/varetek.com\/en\/wp-json\/wp\/v2\/pages\/36"}],"wp:attachment":[{"href":"https:\/\/varetek.com\/en\/wp-json\/wp\/v2\/media?parent=206"}],"curies":[{"name":"wp","href":"https:\/\/api.w.org\/{rel}","templated":true}]}}