{"id":189,"date":"2022-06-29T05:16:43","date_gmt":"2022-06-29T05:16:43","guid":{"rendered":"https:\/\/darkcyan-hare-473592.hostingersite.com\/?page_id=189"},"modified":"2022-07-01T12:09:13","modified_gmt":"2022-07-01T12:09:13","slug":"turva-ja-tunnistinmatot","status":"publish","type":"page","link":"https:\/\/varetek.com\/en\/tuotteet\/turva-ja-tunnistinmatot\/","title":{"rendered":"Safety and detector mats"},"content":{"rendered":"<p>[et_pb_section fb_built=&#8221;1&#8243; _builder_version=&#8221;4.17.4&#8243; _module_preset=&#8221;default&#8221; background_enable_image=&#8221;off&#8221; min_height=&#8221;300px&#8221; min_height_tablet=&#8221;&#8221; min_height_phone=&#8221;&#8221; min_height_last_edited=&#8221;on|desktop&#8221; custom_padding=&#8221;0px||0px||true|false&#8221; global_colors_info=&#8221;{}&#8221;][et_pb_row use_custom_gutter=&#8221;on&#8221; gutter_width=&#8221;1&#8243; make_equal=&#8221;on&#8221; _builder_version=&#8221;4.17.4&#8243; _module_preset=&#8221;default&#8221; width=&#8221;100%&#8221; max_width=&#8221;100%&#8221; custom_padding=&#8221;0px||||false|false&#8221; global_colors_info=&#8221;{}&#8221;][et_pb_column type=&#8221;4_4&#8243; _builder_version=&#8221;4.17.4&#8243; _module_preset=&#8221;default&#8221; global_colors_info=&#8221;{}&#8221;][et_pb_slider _builder_version=&#8221;4.17.4&#8243; _module_preset=&#8221;default&#8221; border_width_bottom=&#8221;2px&#8221; border_color_bottom=&#8221;#304f0d&#8221; global_colors_info=&#8221;{}&#8221;][et_pb_slide _builder_version=&#8221;4.17.4&#8243; _module_preset=&#8221;default&#8221; background_enable_color=&#8221;off&#8221; background_image=&#8221;http:\/\/varetek.com\/wp-content\/uploads\/2022\/06\/slide-001_images_sliderit-sliders_slider-overlay-right_1050_800-scaled.jpg&#8221; background_enable_image=&#8221;on&#8221; global_colors_info=&#8221;{}&#8221; sticky_transition=&#8221;on&#8221;][\/et_pb_slide][et_pb_slide _builder_version=&#8221;4.17.4&#8243; _module_preset=&#8221;default&#8221; background_enable_color=&#8221;off&#8221; background_image=&#8221;http:\/\/varetek.com\/wp-content\/uploads\/2022\/06\/02_images_sliderit-sliders_slider-overlay-right_1050_800.jpg&#8221; background_enable_image=&#8221;on&#8221; global_colors_info=&#8221;{}&#8221; sticky_transition=&#8221;on&#8221;][\/et_pb_slide][\/et_pb_slider][\/et_pb_column][\/et_pb_row][\/et_pb_section][et_pb_section fb_built=&#8221;1&#8243; specialty=&#8221;on&#8221; module_id_1=&#8221;column-1-mage-fix&#8221; module_id_2=&#8221;column-2-mage-fix&#8221; module_class_1=&#8221;column-1-mage-fix&#8221; module_class_2=&#8221;column-2-mage-fix&#8221; _builder_version=&#8221;4.17.4&#8243; _module_preset=&#8221;default&#8221; global_colors_info=&#8221;{}&#8221;][et_pb_column type=&#8221;1_4&#8243; _builder_version=&#8221;4.16&#8243; custom_padding=&#8221;|||&#8221; global_colors_info=&#8221;{}&#8221; custom_padding__hover=&#8221;|||&#8221;][et_pb_text _builder_version=&#8221;4.17.4&#8243; _module_preset=&#8221;default&#8221; global_colors_info=&#8221;{}&#8221;]<\/p>\n<h4>Products<\/h4>\n<p>[\/et_pb_text][et_pb_menu menu_id=&#8221;14&#8243; _builder_version=&#8221;4.17.4&#8243; _module_preset=&#8221;default&#8221; global_colors_info=&#8221;{}&#8221;][\/et_pb_menu][\/et_pb_column][et_pb_column type=&#8221;3_4&#8243; specialty_columns=&#8221;3&#8243; _builder_version=&#8221;4.16&#8243; custom_padding=&#8221;|||&#8221; global_colors_info=&#8221;{}&#8221; custom_padding__hover=&#8221;|||&#8221;][et_pb_row_inner _builder_version=&#8221;4.17.4&#8243; _module_preset=&#8221;default&#8221; custom_padding=&#8221;0px||0px||true|false&#8221; global_colors_info=&#8221;{}&#8221;][et_pb_column_inner saved_specialty_column_type=&#8221;3_4&#8243; _builder_version=&#8221;4.17.4&#8243; _module_preset=&#8221;default&#8221; global_colors_info=&#8221;{}&#8221;][et_pb_text _builder_version=&#8221;4.17.4&#8243; _module_preset=&#8221;default&#8221; header_2_font=&#8221;|600|||||||&#8221; header_2_text_color=&#8221;#111111&#8243; header_2_font_size=&#8221;32px&#8221; header_2_font_size_tablet=&#8221;20px&#8221; header_2_font_size_phone=&#8221;18px&#8221; header_2_font_size_last_edited=&#8221;on|desktop&#8221; global_colors_info=&#8221;{}&#8221;]<\/p>\n<h2>Safety and detector mats<\/h2>\n<p>&nbsp;<\/p>\n<p>SM8 Safety mat\nSafety Mats are protective devices for making surface area danger zones safe from the danger of pinching. Depending on the switching principle, they are offered as a normally closed contact or a break contact.\n\nThe task of the Safety Mats is to protect people against dangerous moving units in automated production processes. Typical areas of application are found for example on machines, systems and robots.<\/p>\n<p><em><strong>Action<\/strong><\/em><\/p>\n<p>When a person steps on a safety mat, the control unit detects it and the safety contact of the control unit opens. Safety mats can be linked end-on-end, and the final mat must have a terminating resistor if not 4-wires connection. The mats can also be used as a switch without a terminating resistor, but in that case they are not allowed to be used as safety equipment.<\/p>\n<p>[\/et_pb_text][\/et_pb_column_inner][\/et_pb_row_inner][et_pb_row_inner column_structure=&#8221;1_2,1_2&#8243; _builder_version=&#8221;4.17.4&#8243; _module_preset=&#8221;default&#8221; background_enable_color=&#8221;off&#8221; custom_margin=&#8221;30px||15px||false|false&#8221; custom_padding=&#8221;20px|20px|0px|20px|false|true&#8221; hover_enabled=&#8221;0&#8243; border_width_all=&#8221;1px&#8221; border_color_all=&#8221;#cccccc&#8221; global_colors_info=&#8221;{}&#8221; custom_padding_last_edited=&#8221;on|phone&#8221; custom_padding_phone=&#8221;||22px||false|true&#8221; sticky_enabled=&#8221;0&#8243; custom_padding_tablet=&#8221;20px|20px|0px|20px|false|true&#8221;][et_pb_column_inner type=&#8221;1_2&#8243; saved_specialty_column_type=&#8221;3_4&#8243; _builder_version=&#8221;4.17.4&#8243; _module_preset=&#8221;default&#8221; global_colors_info=&#8221;{}&#8221;][et_pb_text _builder_version=&#8221;4.17.4&#8243; _module_preset=&#8221;default&#8221; header_3_font=&#8221;Montserrat|700|||||||&#8221; header_3_text_align=&#8221;center&#8221; header_3_text_color=&#8221;#304F0D&#8221; header_3_font_size=&#8221;16px&#8221; link_option_url=&#8221;https:\/\/darkcyan-hare-473592.hostingersite.com\/tuotteet\/turva-ja-tunnistinmatot\/sm-turvamatto\/&#8221; custom_css_main_element=&#8221;display:block!important;&#8221; global_colors_info=&#8221;{}&#8221;]<\/p>\n<h3>SM Safety mat<\/h3>\n<p><img loading=\"lazy\" decoding=\"async\" src=\"http:\/\/varetek.com\/wp-content\/uploads\/2022\/06\/4144___Sm_yellow_1000_800.jpg\" width=\"250\" height=\"181\" alt=\"\" class=\"wp-image-239 alignnone size-full\" \/><\/p>\n<p>[\/et_pb_text][et_pb_button button_url=&#8221;https:\/\/darkcyan-hare-473592.hostingersite.com\/tuotteet\/turva-ja-tunnistinmatot\/sm-turvamatto\/&#8221; button_text=&#8221;Tutustu t\u00e4\u00e4lt\u00e4&#8221; button_alignment=&#8221;left&#8221; module_class=&#8221;block-button&#8221; _builder_version=&#8221;4.17.4&#8243; _module_preset=&#8221;default&#8221; custom_button=&#8221;on&#8221; button_text_size=&#8221;14px&#8221; button_text_color=&#8221;#FFFFFF&#8221; button_bg_color=&#8221;#304F0D&#8221; button_border_width=&#8221;0px&#8221; button_border_color=&#8221;#304F0D&#8221; button_use_icon=&#8221;off&#8221; custom_padding=&#8221;||||false|false&#8221; global_colors_info=&#8221;{}&#8221;][\/et_pb_button][et_pb_text _builder_version=&#8221;4.17.4&#8243; _module_preset=&#8221;default&#8221; global_colors_info=&#8221;{}&#8221;][\/et_pb_text][\/et_pb_column_inner][et_pb_column_inner type=&#8221;1_2&#8243; saved_specialty_column_type=&#8221;3_4&#8243; _builder_version=&#8221;4.17.4&#8243; _module_preset=&#8221;default&#8221; global_colors_info=&#8221;{}&#8221;][et_pb_text _builder_version=&#8221;4.17.4&#8243; _module_preset=&#8221;default&#8221; header_3_font=&#8221;Montserrat|700|||||||&#8221; header_3_text_align=&#8221;center&#8221; header_3_text_color=&#8221;#304F0D&#8221; header_3_font_size=&#8221;16px&#8221; link_option_url=&#8221;https:\/\/darkcyan-hare-473592.hostingersite.com\/tuotteet\/turva-ja-tunnistinmatot\/sm11-turvamatto\/&#8221; global_colors_info=&#8221;{}&#8221;]<\/p>\n<h3>SM11 Safety mat<\/h3>\n<p><img loading=\"lazy\" decoding=\"async\" src=\"http:\/\/varetek.com\/wp-content\/uploads\/2022\/06\/4148___Matto4_1000_800-1.jpg\" width=\"278\" height=\"200\" alt=\"\" class=\"wp-image-265 alignnone size-full\" \/><\/p>\n<p>[\/et_pb_text][et_pb_button button_url=&#8221;https:\/\/darkcyan-hare-473592.hostingersite.com\/tuotteet\/turva-ja-tunnistinmatot\/sm11-turvamatto\/&#8221; button_text=&#8221;Tutustu t\u00e4\u00e4lt\u00e4&#8221; button_alignment=&#8221;left&#8221; module_class=&#8221;block-button&#8221; _builder_version=&#8221;4.17.4&#8243; _module_preset=&#8221;default&#8221; custom_button=&#8221;on&#8221; button_text_size=&#8221;14px&#8221; button_text_color=&#8221;#FFFFFF&#8221; button_bg_color=&#8221;#304F0D&#8221; button_border_width=&#8221;0px&#8221; button_border_color=&#8221;#304F0D&#8221; button_use_icon=&#8221;off&#8221; custom_padding=&#8221;||||false|false&#8221; custom_css_main_element=&#8221;display:block;&#8221; global_colors_info=&#8221;{}&#8221;][\/et_pb_button][\/et_pb_column_inner][\/et_pb_row_inner][et_pb_row_inner column_structure=&#8221;1_2,1_2&#8243; _builder_version=&#8221;4.17.4&#8243; _module_preset=&#8221;default&#8221; background_enable_color=&#8221;off&#8221; custom_margin=&#8221;||15px||false|false&#8221; custom_padding=&#8221;20px|20px|0px|20px|false|true&#8221; hover_enabled=&#8221;0&#8243; border_width_all=&#8221;1px&#8221; border_color_all=&#8221;#cccccc&#8221; global_colors_info=&#8221;{}&#8221; custom_padding_last_edited=&#8221;on|phone&#8221; custom_padding_phone=&#8221;||22px||false|true&#8221; sticky_enabled=&#8221;0&#8243; custom_padding_tablet=&#8221;20px|20px|0px|20px|false|true&#8221;][et_pb_column_inner type=&#8221;1_2&#8243; saved_specialty_column_type=&#8221;3_4&#8243; _builder_version=&#8221;4.17.4&#8243; _module_preset=&#8221;default&#8221; global_colors_info=&#8221;{}&#8221;][et_pb_text _builder_version=&#8221;4.17.4&#8243; _module_preset=&#8221;default&#8221; header_3_font=&#8221;Montserrat|700|||||||&#8221; header_3_text_align=&#8221;center&#8221; header_3_text_color=&#8221;#304F0D&#8221; header_3_font_size=&#8221;16px&#8221; link_option_url=&#8221;https:\/\/darkcyan-hare-473592.hostingersite.com\/tuotteet\/turva-ja-tunnistinmatot\/ts-askelmatto\/&#8221; custom_css_main_element=&#8221;display:block!important;&#8221; global_colors_info=&#8221;{}&#8221;]<\/p>\n<h3>TS safety step<\/h3>\n<p><img loading=\"lazy\" decoding=\"async\" src=\"http:\/\/varetek.com\/wp-content\/uploads\/2022\/06\/4198___MAY_Schiebetritt_VT642_web_1000_800.jpg\" width=\"278\" height=\"200\" alt=\"\" class=\"wp-image-273 alignnone size-full\" \/><\/p>\n<p>[\/et_pb_text][et_pb_button button_url=&#8221;https:\/\/darkcyan-hare-473592.hostingersite.com\/tuotteet\/turva-ja-tunnistinmatot\/ts-askelmatto\/&#8221; button_text=&#8221;Tutustu t\u00e4\u00e4lt\u00e4&#8221; button_alignment=&#8221;left&#8221; module_class=&#8221;block-button&#8221; _builder_version=&#8221;4.17.4&#8243; _module_preset=&#8221;default&#8221; custom_button=&#8221;on&#8221; button_text_size=&#8221;14px&#8221; button_text_color=&#8221;#FFFFFF&#8221; button_bg_color=&#8221;#304F0D&#8221; button_border_width=&#8221;0px&#8221; button_border_color=&#8221;#304F0D&#8221; button_use_icon=&#8221;off&#8221; custom_padding=&#8221;||||false|false&#8221; global_colors_info=&#8221;{}&#8221;][\/et_pb_button][et_pb_text _builder_version=&#8221;4.17.4&#8243; _module_preset=&#8221;default&#8221; global_colors_info=&#8221;{}&#8221;][\/et_pb_text][\/et_pb_column_inner][et_pb_column_inner type=&#8221;1_2&#8243; saved_specialty_column_type=&#8221;3_4&#8243; _builder_version=&#8221;4.17.4&#8243; _module_preset=&#8221;default&#8221; global_colors_info=&#8221;{}&#8221;][et_pb_text _builder_version=&#8221;4.17.4&#8243; _module_preset=&#8221;default&#8221; header_3_font=&#8221;Montserrat|700|||||||&#8221; header_3_text_align=&#8221;center&#8221; header_3_text_color=&#8221;#304F0D&#8221; header_3_font_size=&#8221;16px&#8221; link_option_url=&#8221;https:\/\/darkcyan-hare-473592.hostingersite.com\/tuotteet\/turva-ja-tunnistinmatot\/sm8-turvamatto\/&#8221; global_colors_info=&#8221;{}&#8221;]<\/p>\n<h3>SM8 Safety mat<\/h3>\n<p><img loading=\"lazy\" decoding=\"async\" src=\"http:\/\/varetek.com\/wp-content\/uploads\/2022\/06\/4200___IMG_1138_1000_800.jpg\" width=\"1000\" height=\"677\" alt=\"\" class=\"wp-image-280 alignnone size-full\" srcset=\"http:\/\/varetek.com\/wp-content\/uploads\/2022\/06\/4200___IMG_1138_1000_800.jpg 1000w, http:\/\/varetek.com\/wp-content\/uploads\/2022\/06\/4200___IMG_1138_1000_800-980x663.jpg 980w, http:\/\/varetek.com\/wp-content\/uploads\/2022\/06\/4200___IMG_1138_1000_800-480x325.jpg 480w\" sizes=\"(min-width: 0px) and (max-width: 480px) 480px, (min-width: 481px) and (max-width: 980px) 980px, (min-width: 981px) 1000px, 100vw\" \/><\/p>\n<p>[\/et_pb_text][et_pb_button button_url=&#8221;https:\/\/darkcyan-hare-473592.hostingersite.com\/tuotteet\/turva-ja-tunnistinmatot\/sm8-turvamatto\/&#8221; button_text=&#8221;Tutustu t\u00e4\u00e4lt\u00e4&#8221; button_alignment=&#8221;left&#8221; module_class=&#8221;block-button&#8221; _builder_version=&#8221;4.17.4&#8243; _module_preset=&#8221;default&#8221; custom_button=&#8221;on&#8221; button_text_size=&#8221;14px&#8221; button_text_color=&#8221;#FFFFFF&#8221; button_bg_color=&#8221;#304F0D&#8221; button_border_width=&#8221;0px&#8221; button_border_color=&#8221;#304F0D&#8221; button_use_icon=&#8221;off&#8221; custom_padding=&#8221;||||false|false&#8221; custom_css_main_element=&#8221;display:block;&#8221; global_colors_info=&#8221;{}&#8221;][\/et_pb_button][\/et_pb_column_inner][\/et_pb_row_inner][\/et_pb_column][\/et_pb_section]<\/p>","protected":false},"excerpt":{"rendered":"<p>TuotekategoriatTurva- ja tunnistinmatot &nbsp; Turvamattoja k\u00e4ytet\u00e4\u00e4n aluesuojauksessa ja aluevalvonnassa. Turvamatot ovat tyyppihyv\u00e4ksynn\u00e4nalaisia turvalaitteita ja ne koostuvat matosta ja valvontayksik\u00f6st\u00e4. Rakenne mahdollistaa mattojen k\u00e4yt\u00f6n turvaj\u00e4rjestelm\u00e4n\u00e4. Valikoimassamme my\u00f6s ASi-v\u00e4yl\u00e4\u00e4n kytkett\u00e4v\u00e4t turvamatot. Toiminta Kun turvamatolle k\u00e4vell\u00e4\u00e4n, valvontayksikk\u00f6 huomaa sen ja turvakosketin valvontayksik\u00f6ss\u00e4 avautuu. Laajojen alueiden suojaamiseen turvamattoja voidaan kytke\u00e4 vierekk\u00e4in ja Mattoja voidaan my\u00f6s k\u00e4ytt\u00e4\u00e4 kytkimen\u00e4 ilman p\u00e4\u00e4teresistoria, [&hellip;]<\/p>","protected":false},"author":1,"featured_media":0,"parent":36,"menu_order":0,"comment_status":"closed","ping_status":"closed","template":"","meta":{"_et_pb_use_builder":"on","_et_pb_old_content":"<!-- wp:divi\/placeholder \/-->","_et_gb_content_width":"","footnotes":""},"class_list":["post-189","page","type-page","status-publish","hentry"],"yoast_head":"<!-- This site is optimized with the Yoast SEO plugin v27.4 - https:\/\/yoast.com\/product\/yoast-seo-wordpress\/ -->\n<title>Turva- ja tunnistinmatot - Varetek<\/title>\n<meta name=\"robots\" content=\"index, follow, max-snippet:-1, max-image-preview:large, max-video-preview:-1\" \/>\n<link rel=\"canonical\" href=\"https:\/\/varetek.com\/en\/tuotteet\/turva-ja-tunnistinmatot\/\" \/>\n<meta property=\"og:locale\" content=\"en_US\" \/>\n<meta property=\"og:type\" content=\"article\" \/>\n<meta property=\"og:title\" content=\"Turva- ja tunnistinmatot - Varetek\" \/>\n<meta property=\"og:description\" content=\"TuotekategoriatTurva- ja tunnistinmatot &nbsp; Turvamattoja k\u00e4ytet\u00e4\u00e4n aluesuojauksessa ja aluevalvonnassa. Turvamatot ovat tyyppihyv\u00e4ksynn\u00e4nalaisia turvalaitteita ja ne koostuvat matosta ja valvontayksik\u00f6st\u00e4. Rakenne mahdollistaa mattojen k\u00e4yt\u00f6n turvaj\u00e4rjestelm\u00e4n\u00e4. Valikoimassamme my\u00f6s ASi-v\u00e4yl\u00e4\u00e4n kytkett\u00e4v\u00e4t turvamatot. Toiminta Kun turvamatolle k\u00e4vell\u00e4\u00e4n, valvontayksikk\u00f6 huomaa sen ja turvakosketin valvontayksik\u00f6ss\u00e4 avautuu. Laajojen alueiden suojaamiseen turvamattoja voidaan kytke\u00e4 vierekk\u00e4in ja Mattoja voidaan my\u00f6s k\u00e4ytt\u00e4\u00e4 kytkimen\u00e4 ilman p\u00e4\u00e4teresistoria, [&hellip;]\" \/>\n<meta property=\"og:url\" content=\"https:\/\/varetek.com\/en\/tuotteet\/turva-ja-tunnistinmatot\/\" \/>\n<meta property=\"og:site_name\" content=\"Varetek\" \/>\n<meta property=\"article:modified_time\" content=\"2022-07-01T12:09:13+00:00\" \/>\n<meta property=\"og:image\" content=\"http:\/\/varetek.com\/wp-content\/uploads\/2022\/06\/4144___Sm_yellow_1000_800.jpg\" \/>\n<meta name=\"twitter:card\" content=\"summary_large_image\" \/>\n<meta name=\"twitter:label1\" content=\"Est. reading time\" \/>\n\t<meta name=\"twitter:data1\" content=\"6 minutes\" \/>\n<script type=\"application\/ld+json\" class=\"yoast-schema-graph\">{\"@context\":\"https:\\\/\\\/schema.org\",\"@graph\":[{\"@type\":\"WebPage\",\"@id\":\"https:\\\/\\\/varetek.com\\\/tuotteet\\\/turva-ja-tunnistinmatot\\\/\",\"url\":\"https:\\\/\\\/varetek.com\\\/tuotteet\\\/turva-ja-tunnistinmatot\\\/\",\"name\":\"Turva- ja tunnistinmatot - Varetek\",\"isPartOf\":{\"@id\":\"https:\\\/\\\/darkcyan-hare-473592.hostingersite.com\\\/en\\\/#website\"},\"primaryImageOfPage\":{\"@id\":\"https:\\\/\\\/varetek.com\\\/tuotteet\\\/turva-ja-tunnistinmatot\\\/#primaryimage\"},\"image\":{\"@id\":\"https:\\\/\\\/varetek.com\\\/tuotteet\\\/turva-ja-tunnistinmatot\\\/#primaryimage\"},\"thumbnailUrl\":\"http:\\\/\\\/varetek.com\\\/wp-content\\\/uploads\\\/2022\\\/06\\\/4144___Sm_yellow_1000_800.jpg\",\"datePublished\":\"2022-06-29T05:16:43+00:00\",\"dateModified\":\"2022-07-01T12:09:13+00:00\",\"breadcrumb\":{\"@id\":\"https:\\\/\\\/varetek.com\\\/tuotteet\\\/turva-ja-tunnistinmatot\\\/#breadcrumb\"},\"inLanguage\":\"en-US\",\"potentialAction\":[{\"@type\":\"ReadAction\",\"target\":[\"https:\\\/\\\/varetek.com\\\/tuotteet\\\/turva-ja-tunnistinmatot\\\/\"]}]},{\"@type\":\"ImageObject\",\"inLanguage\":\"en-US\",\"@id\":\"https:\\\/\\\/varetek.com\\\/tuotteet\\\/turva-ja-tunnistinmatot\\\/#primaryimage\",\"url\":\"http:\\\/\\\/varetek.com\\\/wp-content\\\/uploads\\\/2022\\\/06\\\/4144___Sm_yellow_1000_800.jpg\",\"contentUrl\":\"http:\\\/\\\/varetek.com\\\/wp-content\\\/uploads\\\/2022\\\/06\\\/4144___Sm_yellow_1000_800.jpg\"},{\"@type\":\"BreadcrumbList\",\"@id\":\"https:\\\/\\\/varetek.com\\\/tuotteet\\\/turva-ja-tunnistinmatot\\\/#breadcrumb\",\"itemListElement\":[{\"@type\":\"ListItem\",\"position\":1,\"name\":\"Home\",\"item\":\"https:\\\/\\\/darkcyan-hare-473592.hostingersite.com\\\/en\\\/\"},{\"@type\":\"ListItem\",\"position\":2,\"name\":\"Tuotteet\",\"item\":\"https:\\\/\\\/varetek.com\\\/tuotteet\\\/\"},{\"@type\":\"ListItem\",\"position\":3,\"name\":\"Turva- ja tunnistinmatot\"}]},{\"@type\":\"WebSite\",\"@id\":\"https:\\\/\\\/darkcyan-hare-473592.hostingersite.com\\\/en\\\/#website\",\"url\":\"https:\\\/\\\/darkcyan-hare-473592.hostingersite.com\\\/en\\\/\",\"name\":\"Varetek\",\"description\":\"Turvalaitteet koneturvallisuuteen, ovi- ja porttivalmistajille, sairaalakalustoon, huonekaluteollisuuteen ja julkisenliikenteen kalustoon\",\"potentialAction\":[{\"@type\":\"SearchAction\",\"target\":{\"@type\":\"EntryPoint\",\"urlTemplate\":\"https:\\\/\\\/darkcyan-hare-473592.hostingersite.com\\\/en\\\/?s={search_term_string}\"},\"query-input\":{\"@type\":\"PropertyValueSpecification\",\"valueRequired\":true,\"valueName\":\"search_term_string\"}}],\"inLanguage\":\"en-US\"}]}<\/script>\n<!-- \/ Yoast SEO plugin. -->","yoast_head_json":{"title":"Turva- ja tunnistinmatot - Varetek","robots":{"index":"index","follow":"follow","max-snippet":"max-snippet:-1","max-image-preview":"max-image-preview:large","max-video-preview":"max-video-preview:-1"},"canonical":"https:\/\/varetek.com\/en\/tuotteet\/turva-ja-tunnistinmatot\/","og_locale":"en_US","og_type":"article","og_title":"Turva- ja tunnistinmatot - Varetek","og_description":"TuotekategoriatTurva- ja tunnistinmatot &nbsp; Turvamattoja k\u00e4ytet\u00e4\u00e4n aluesuojauksessa ja aluevalvonnassa. Turvamatot ovat tyyppihyv\u00e4ksynn\u00e4nalaisia turvalaitteita ja ne koostuvat matosta ja valvontayksik\u00f6st\u00e4. Rakenne mahdollistaa mattojen k\u00e4yt\u00f6n turvaj\u00e4rjestelm\u00e4n\u00e4. Valikoimassamme my\u00f6s ASi-v\u00e4yl\u00e4\u00e4n kytkett\u00e4v\u00e4t turvamatot. Toiminta Kun turvamatolle k\u00e4vell\u00e4\u00e4n, valvontayksikk\u00f6 huomaa sen ja turvakosketin valvontayksik\u00f6ss\u00e4 avautuu. Laajojen alueiden suojaamiseen turvamattoja voidaan kytke\u00e4 vierekk\u00e4in ja Mattoja voidaan my\u00f6s k\u00e4ytt\u00e4\u00e4 kytkimen\u00e4 ilman p\u00e4\u00e4teresistoria, [&hellip;]","og_url":"https:\/\/varetek.com\/en\/tuotteet\/turva-ja-tunnistinmatot\/","og_site_name":"Varetek","article_modified_time":"2022-07-01T12:09:13+00:00","og_image":[{"url":"http:\/\/varetek.com\/wp-content\/uploads\/2022\/06\/4144___Sm_yellow_1000_800.jpg","type":"","width":"","height":""}],"twitter_card":"summary_large_image","twitter_misc":{"Est. reading time":"6 minutes"},"schema":{"@context":"https:\/\/schema.org","@graph":[{"@type":"WebPage","@id":"https:\/\/varetek.com\/tuotteet\/turva-ja-tunnistinmatot\/","url":"https:\/\/varetek.com\/tuotteet\/turva-ja-tunnistinmatot\/","name":"Turva- ja tunnistinmatot - Varetek","isPartOf":{"@id":"https:\/\/darkcyan-hare-473592.hostingersite.com\/en\/#website"},"primaryImageOfPage":{"@id":"https:\/\/varetek.com\/tuotteet\/turva-ja-tunnistinmatot\/#primaryimage"},"image":{"@id":"https:\/\/varetek.com\/tuotteet\/turva-ja-tunnistinmatot\/#primaryimage"},"thumbnailUrl":"http:\/\/varetek.com\/wp-content\/uploads\/2022\/06\/4144___Sm_yellow_1000_800.jpg","datePublished":"2022-06-29T05:16:43+00:00","dateModified":"2022-07-01T12:09:13+00:00","breadcrumb":{"@id":"https:\/\/varetek.com\/tuotteet\/turva-ja-tunnistinmatot\/#breadcrumb"},"inLanguage":"en-US","potentialAction":[{"@type":"ReadAction","target":["https:\/\/varetek.com\/tuotteet\/turva-ja-tunnistinmatot\/"]}]},{"@type":"ImageObject","inLanguage":"en-US","@id":"https:\/\/varetek.com\/tuotteet\/turva-ja-tunnistinmatot\/#primaryimage","url":"http:\/\/varetek.com\/wp-content\/uploads\/2022\/06\/4144___Sm_yellow_1000_800.jpg","contentUrl":"http:\/\/varetek.com\/wp-content\/uploads\/2022\/06\/4144___Sm_yellow_1000_800.jpg"},{"@type":"BreadcrumbList","@id":"https:\/\/varetek.com\/tuotteet\/turva-ja-tunnistinmatot\/#breadcrumb","itemListElement":[{"@type":"ListItem","position":1,"name":"Home","item":"https:\/\/darkcyan-hare-473592.hostingersite.com\/en\/"},{"@type":"ListItem","position":2,"name":"Tuotteet","item":"https:\/\/varetek.com\/tuotteet\/"},{"@type":"ListItem","position":3,"name":"Turva- ja tunnistinmatot"}]},{"@type":"WebSite","@id":"https:\/\/darkcyan-hare-473592.hostingersite.com\/en\/#website","url":"https:\/\/darkcyan-hare-473592.hostingersite.com\/en\/","name":"Varetek","description":"Turvalaitteet koneturvallisuuteen, ovi- ja porttivalmistajille, sairaalakalustoon, huonekaluteollisuuteen ja julkisenliikenteen kalustoon","potentialAction":[{"@type":"SearchAction","target":{"@type":"EntryPoint","urlTemplate":"https:\/\/darkcyan-hare-473592.hostingersite.com\/en\/?s={search_term_string}"},"query-input":{"@type":"PropertyValueSpecification","valueRequired":true,"valueName":"search_term_string"}}],"inLanguage":"en-US"}]}},"_links":{"self":[{"href":"https:\/\/varetek.com\/en\/wp-json\/wp\/v2\/pages\/189","targetHints":{"allow":["GET"]}}],"collection":[{"href":"https:\/\/varetek.com\/en\/wp-json\/wp\/v2\/pages"}],"about":[{"href":"https:\/\/varetek.com\/en\/wp-json\/wp\/v2\/types\/page"}],"author":[{"embeddable":true,"href":"https:\/\/varetek.com\/en\/wp-json\/wp\/v2\/users\/1"}],"replies":[{"embeddable":true,"href":"https:\/\/varetek.com\/en\/wp-json\/wp\/v2\/comments?post=189"}],"version-history":[{"count":8,"href":"https:\/\/varetek.com\/en\/wp-json\/wp\/v2\/pages\/189\/revisions"}],"predecessor-version":[{"id":557,"href":"https:\/\/varetek.com\/en\/wp-json\/wp\/v2\/pages\/189\/revisions\/557"}],"up":[{"embeddable":true,"href":"https:\/\/varetek.com\/en\/wp-json\/wp\/v2\/pages\/36"}],"wp:attachment":[{"href":"https:\/\/varetek.com\/en\/wp-json\/wp\/v2\/media?parent=189"}],"curies":[{"name":"wp","href":"https:\/\/api.w.org\/{rel}","templated":true}]}}