{"id":146,"date":"2022-06-28T09:46:06","date_gmt":"2022-06-28T09:46:06","guid":{"rendered":"https:\/\/darkcyan-hare-473592.hostingersite.com\/?page_id=146"},"modified":"2022-06-30T18:48:11","modified_gmt":"2022-06-30T18:48:11","slug":"nc-turvareuna","status":"publish","type":"page","link":"https:\/\/varetek.com\/en\/tuotteet\/turvareunat\/nc-turvareuna\/","title":{"rendered":"NC safety edge"},"content":{"rendered":"<p>[et_pb_section fb_built=&#8221;1&#8243; _builder_version=&#8221;4.17.4&#8243; _module_preset=&#8221;default&#8221; background_enable_image=&#8221;off&#8221; min_height=&#8221;300px&#8221; min_height_tablet=&#8221;&#8221; min_height_phone=&#8221;&#8221; min_height_last_edited=&#8221;on|desktop&#8221; custom_padding=&#8221;0px||0px||true|false&#8221; global_colors_info=&#8221;{}&#8221;][et_pb_row use_custom_gutter=&#8221;on&#8221; gutter_width=&#8221;1&#8243; make_equal=&#8221;on&#8221; _builder_version=&#8221;4.17.4&#8243; _module_preset=&#8221;default&#8221; width=&#8221;100%&#8221; max_width=&#8221;100%&#8221; custom_padding=&#8221;0px||0px||false|false&#8221; hover_enabled=&#8221;0&#8243; global_colors_info=&#8221;{}&#8221; sticky_enabled=&#8221;0&#8243;][et_pb_column type=&#8221;4_4&#8243; _builder_version=&#8221;4.17.4&#8243; _module_preset=&#8221;default&#8221; global_colors_info=&#8221;{}&#8221;][et_pb_slider _builder_version=&#8221;4.17.4&#8243; _module_preset=&#8221;default&#8221; hover_enabled=&#8221;0&#8243; global_colors_info=&#8221;{}&#8221; border_width_bottom=&#8221;2px&#8221; border_color_bottom=&#8221;#304f0d&#8221; sticky_enabled=&#8221;0&#8243;][et_pb_slide _builder_version=&#8221;4.17.4&#8243; _module_preset=&#8221;default&#8221; background_enable_color=&#8221;off&#8221; background_image=&#8221;http:\/\/varetek.com\/wp-content\/uploads\/2022\/06\/slide-001_images_sliderit-sliders_slider-overlay-right_1050_800-scaled.jpg&#8221; background_enable_image=&#8221;on&#8221; global_colors_info=&#8221;{}&#8221; sticky_transition=&#8221;on&#8221;][\/et_pb_slide][et_pb_slide _builder_version=&#8221;4.17.4&#8243; _module_preset=&#8221;default&#8221; background_enable_color=&#8221;off&#8221; background_image=&#8221;http:\/\/varetek.com\/wp-content\/uploads\/2022\/06\/02_images_sliderit-sliders_slider-overlay-right_1050_800.jpg&#8221; background_enable_image=&#8221;on&#8221; global_colors_info=&#8221;{}&#8221; sticky_transition=&#8221;on&#8221;][\/et_pb_slide][\/et_pb_slider][\/et_pb_column][\/et_pb_row][\/et_pb_section][et_pb_section fb_built=&#8221;1&#8243; specialty=&#8221;on&#8221; _builder_version=&#8221;4.17.4&#8243; _module_preset=&#8221;default&#8221; global_colors_info=&#8221;{}&#8221;][et_pb_column type=&#8221;1_4&#8243; _builder_version=&#8221;4.16&#8243; custom_padding=&#8221;|||&#8221; global_colors_info=&#8221;{}&#8221; custom_padding__hover=&#8221;|||&#8221;][et_pb_text _builder_version=&#8221;4.17.4&#8243; _module_preset=&#8221;default&#8221; global_colors_info=&#8221;{}&#8221;]<\/p>\n<h4>Products<\/h4>\n<p>[\/et_pb_text][et_pb_menu menu_id=&#8221;14&#8243; _builder_version=&#8221;4.17.4&#8243; _module_preset=&#8221;default&#8221; global_colors_info=&#8221;{}&#8221;][\/et_pb_menu][\/et_pb_column][et_pb_column type=&#8221;3_4&#8243; specialty_columns=&#8221;3&#8243; _builder_version=&#8221;4.16&#8243; custom_padding=&#8221;|||&#8221; global_colors_info=&#8221;{}&#8221; custom_padding__hover=&#8221;|||&#8221;][et_pb_row_inner _builder_version=&#8221;4.17.4&#8243; _module_preset=&#8221;default&#8221; custom_padding=&#8221;0px||0px||true|false&#8221; global_colors_info=&#8221;{}&#8221;][et_pb_column_inner saved_specialty_column_type=&#8221;3_4&#8243; _builder_version=&#8221;4.17.4&#8243; _module_preset=&#8221;default&#8221; global_colors_info=&#8221;{}&#8221;][et_pb_text _builder_version=&#8221;4.17.4&#8243; _dynamic_attributes=&#8221;content&#8221; _module_preset=&#8221;default&#8221; text_font=&#8221;Montserrat|600|||||||&#8221; text_font_size=&#8221;32px&#8221; header_2_font=&#8221;|600|||||||&#8221; header_2_text_color=&#8221;#111111&#8243; header_2_font_size=&#8221;32px&#8221; custom_padding=&#8221;||15px||false|false&#8221; text_font_size_tablet=&#8221;20px&#8221; text_font_size_phone=&#8221;18px&#8221; text_font_size_last_edited=&#8221;on|desktop&#8221; header_2_font_size_tablet=&#8221;20px&#8221; header_2_font_size_phone=&#8221;18px&#8221; header_2_font_size_last_edited=&#8221;on|desktop&#8221; global_colors_info=&#8221;{}&#8221;]@ET-DC@eyJkeW5hbWljIjp0cnVlLCJjb250ZW50IjoicG9zdF90aXRsZSIsInNldHRpbmdzIjp7ImJlZm9yZSI6IiIsImFmdGVyIjoiIn19@[\/et_pb_text][\/et_pb_column_inner][\/et_pb_row_inner][et_pb_row_inner _builder_version=&#8221;4.17.4&#8243; _module_preset=&#8221;default&#8221; background_enable_color=&#8221;off&#8221; custom_margin=&#8221;||15px||false|false&#8221; custom_padding=&#8221;||||false|false&#8221; border_color_all=&#8221;#cccccc&#8221; global_colors_info=&#8221;{}&#8221;][et_pb_column_inner saved_specialty_column_type=&#8221;3_4&#8243; admin_label=&#8221;Column left&#8221; _builder_version=&#8221;4.17.4&#8243; _module_preset=&#8221;default&#8221; global_colors_info=&#8221;{}&#8221; custom_css_main_element_last_edited=&#8221;on|phone&#8221;][et_pb_text _builder_version=&#8221;4.17.4&#8243; _module_preset=&#8221;default&#8221; header_3_font=&#8221;Montserrat|700|||||||&#8221; header_3_text_align=&#8221;center&#8221; header_3_text_color=&#8221;#304F0D&#8221; header_3_font_size=&#8221;16px&#8221; custom_css_main_element=&#8221;display:block!important;&#8221; global_colors_info=&#8221;{}&#8221;]<\/p>\n<p><img loading=\"lazy\" decoding=\"async\" src=\"http:\/\/varetek.com\/wp-content\/uploads\/2022\/06\/4168___image.jpeg\" width=\"2133\" height=\"1354\" alt=\"\" class=\"wp-image-178 alignnone size-full\" srcset=\"http:\/\/varetek.com\/wp-content\/uploads\/2022\/06\/4168___image.jpeg 2133w, http:\/\/varetek.com\/wp-content\/uploads\/2022\/06\/4168___image-1280x813.jpeg 1280w, http:\/\/varetek.com\/wp-content\/uploads\/2022\/06\/4168___image-980x622.jpeg 980w, http:\/\/varetek.com\/wp-content\/uploads\/2022\/06\/4168___image-480x305.jpeg 480w\" sizes=\"(min-width: 0px) and (max-width: 480px) 480px, (min-width: 481px) and (max-width: 980px) 980px, (min-width: 981px) and (max-width: 1280px) 1280px, (min-width: 1281px) 2133px, 100vw\" \/><\/p>\n<p>Mayser normally closed Safety Edges are used as Anti Pinch Sensors.<\/p>\n<p>They are available in a wide range of profile geometries and make pinching and shearing edges of machines, systems, stages and gates safe - reliably.<\/p>\n<p><strong>Attachments<\/strong><\/p>\n<ul>\n<li><a href=\"http:\/\/varetek.com\/wp-content\/uploads\/2022\/06\/4214___PI-SL_NC_II_EN.pdf\">PDF<\/a><\/li>\n<\/ul>\n<p>[\/et_pb_text][et_pb_text _builder_version=&#8221;4.17.4&#8243; _module_preset=&#8221;default&#8221; global_colors_info=&#8221;{}&#8221;][\/et_pb_text][\/et_pb_column_inner][\/et_pb_row_inner][\/et_pb_column][\/et_pb_section]<\/p>","protected":false},"excerpt":{"rendered":"<p>Tuotekategoriat NC Turvareunoja k\u00e4ytet\u00e4\u00e4n monissa sovelluksissa puristumis- ja v\u00e4liinj\u00e4\u00e4missuojaukseen. Alla olevassa esitteess\u00e4 olevia normaalisti suljettuja NC mallisarjoja k\u00e4ytet\u00e4\u00e4n monissa eri sovelluksissa mm. Nosto-ovissa, porteissa ja tuotantolaitoksien koneissa ja &#8211; laitteissa. Esitteet PDF<\/p>","protected":false},"author":1,"featured_media":0,"parent":144,"menu_order":0,"comment_status":"closed","ping_status":"closed","template":"","meta":{"_et_pb_use_builder":"on","_et_pb_old_content":"","_et_gb_content_width":"","footnotes":""},"class_list":["post-146","page","type-page","status-publish","hentry"],"yoast_head":"<!-- This site is optimized with the Yoast SEO plugin v27.4 - https:\/\/yoast.com\/product\/yoast-seo-wordpress\/ -->\n<title>NC turvareuna - Varetek<\/title>\n<meta name=\"robots\" content=\"index, follow, max-snippet:-1, max-image-preview:large, max-video-preview:-1\" \/>\n<link rel=\"canonical\" href=\"https:\/\/varetek.com\/en\/tuotteet\/turvareunat\/nc-turvareuna\/\" \/>\n<meta property=\"og:locale\" content=\"en_US\" \/>\n<meta property=\"og:type\" content=\"article\" \/>\n<meta property=\"og:title\" content=\"NC turvareuna - Varetek\" \/>\n<meta property=\"og:description\" content=\"Tuotekategoriat NC Turvareunoja k\u00e4ytet\u00e4\u00e4n monissa sovelluksissa puristumis- ja v\u00e4liinj\u00e4\u00e4missuojaukseen. Alla olevassa esitteess\u00e4 olevia normaalisti suljettuja NC mallisarjoja k\u00e4ytet\u00e4\u00e4n monissa eri sovelluksissa mm. Nosto-ovissa, porteissa ja tuotantolaitoksien koneissa ja - laitteissa. Esitteet PDF\" \/>\n<meta property=\"og:url\" content=\"https:\/\/varetek.com\/en\/tuotteet\/turvareunat\/nc-turvareuna\/\" \/>\n<meta property=\"og:site_name\" content=\"Varetek\" \/>\n<meta property=\"article:modified_time\" content=\"2022-06-30T18:48:11+00:00\" \/>\n<meta property=\"og:image\" content=\"http:\/\/varetek.com\/wp-content\/uploads\/2022\/06\/4168___image.jpeg\" \/>\n<meta name=\"twitter:card\" content=\"summary_large_image\" \/>\n<meta name=\"twitter:label1\" content=\"Est. reading time\" \/>\n\t<meta name=\"twitter:data1\" content=\"3 minutes\" \/>\n<script type=\"application\/ld+json\" class=\"yoast-schema-graph\">{\"@context\":\"https:\\\/\\\/schema.org\",\"@graph\":[{\"@type\":\"WebPage\",\"@id\":\"https:\\\/\\\/varetek.com\\\/tuotteet\\\/turvareunat\\\/nc-turvareuna\\\/\",\"url\":\"https:\\\/\\\/varetek.com\\\/tuotteet\\\/turvareunat\\\/nc-turvareuna\\\/\",\"name\":\"NC turvareuna - Varetek\",\"isPartOf\":{\"@id\":\"https:\\\/\\\/darkcyan-hare-473592.hostingersite.com\\\/en\\\/#website\"},\"primaryImageOfPage\":{\"@id\":\"https:\\\/\\\/varetek.com\\\/tuotteet\\\/turvareunat\\\/nc-turvareuna\\\/#primaryimage\"},\"image\":{\"@id\":\"https:\\\/\\\/varetek.com\\\/tuotteet\\\/turvareunat\\\/nc-turvareuna\\\/#primaryimage\"},\"thumbnailUrl\":\"http:\\\/\\\/varetek.com\\\/wp-content\\\/uploads\\\/2022\\\/06\\\/4168___image.jpeg\",\"datePublished\":\"2022-06-28T09:46:06+00:00\",\"dateModified\":\"2022-06-30T18:48:11+00:00\",\"breadcrumb\":{\"@id\":\"https:\\\/\\\/varetek.com\\\/tuotteet\\\/turvareunat\\\/nc-turvareuna\\\/#breadcrumb\"},\"inLanguage\":\"en-US\",\"potentialAction\":[{\"@type\":\"ReadAction\",\"target\":[\"https:\\\/\\\/varetek.com\\\/tuotteet\\\/turvareunat\\\/nc-turvareuna\\\/\"]}]},{\"@type\":\"ImageObject\",\"inLanguage\":\"en-US\",\"@id\":\"https:\\\/\\\/varetek.com\\\/tuotteet\\\/turvareunat\\\/nc-turvareuna\\\/#primaryimage\",\"url\":\"http:\\\/\\\/varetek.com\\\/wp-content\\\/uploads\\\/2022\\\/06\\\/4168___image.jpeg\",\"contentUrl\":\"http:\\\/\\\/varetek.com\\\/wp-content\\\/uploads\\\/2022\\\/06\\\/4168___image.jpeg\"},{\"@type\":\"BreadcrumbList\",\"@id\":\"https:\\\/\\\/varetek.com\\\/tuotteet\\\/turvareunat\\\/nc-turvareuna\\\/#breadcrumb\",\"itemListElement\":[{\"@type\":\"ListItem\",\"position\":1,\"name\":\"Home\",\"item\":\"https:\\\/\\\/darkcyan-hare-473592.hostingersite.com\\\/en\\\/\"},{\"@type\":\"ListItem\",\"position\":2,\"name\":\"Tuotteet\",\"item\":\"https:\\\/\\\/varetek.com\\\/tuotteet\\\/\"},{\"@type\":\"ListItem\",\"position\":3,\"name\":\"Turvareunat\",\"item\":\"https:\\\/\\\/varetek.com\\\/tuotteet\\\/turvareunat\\\/\"},{\"@type\":\"ListItem\",\"position\":4,\"name\":\"NC turvareuna\"}]},{\"@type\":\"WebSite\",\"@id\":\"https:\\\/\\\/darkcyan-hare-473592.hostingersite.com\\\/en\\\/#website\",\"url\":\"https:\\\/\\\/darkcyan-hare-473592.hostingersite.com\\\/en\\\/\",\"name\":\"Varetek\",\"description\":\"Turvalaitteet koneturvallisuuteen, ovi- ja porttivalmistajille, sairaalakalustoon, huonekaluteollisuuteen ja julkisenliikenteen kalustoon\",\"potentialAction\":[{\"@type\":\"SearchAction\",\"target\":{\"@type\":\"EntryPoint\",\"urlTemplate\":\"https:\\\/\\\/darkcyan-hare-473592.hostingersite.com\\\/en\\\/?s={search_term_string}\"},\"query-input\":{\"@type\":\"PropertyValueSpecification\",\"valueRequired\":true,\"valueName\":\"search_term_string\"}}],\"inLanguage\":\"en-US\"}]}<\/script>\n<!-- \/ Yoast SEO plugin. -->","yoast_head_json":{"title":"NC turvareuna - Varetek","robots":{"index":"index","follow":"follow","max-snippet":"max-snippet:-1","max-image-preview":"max-image-preview:large","max-video-preview":"max-video-preview:-1"},"canonical":"https:\/\/varetek.com\/en\/tuotteet\/turvareunat\/nc-turvareuna\/","og_locale":"en_US","og_type":"article","og_title":"NC turvareuna - Varetek","og_description":"Tuotekategoriat NC Turvareunoja k\u00e4ytet\u00e4\u00e4n monissa sovelluksissa puristumis- ja v\u00e4liinj\u00e4\u00e4missuojaukseen. Alla olevassa esitteess\u00e4 olevia normaalisti suljettuja NC mallisarjoja k\u00e4ytet\u00e4\u00e4n monissa eri sovelluksissa mm. Nosto-ovissa, porteissa ja tuotantolaitoksien koneissa ja - laitteissa. Esitteet PDF","og_url":"https:\/\/varetek.com\/en\/tuotteet\/turvareunat\/nc-turvareuna\/","og_site_name":"Varetek","article_modified_time":"2022-06-30T18:48:11+00:00","og_image":[{"url":"http:\/\/varetek.com\/wp-content\/uploads\/2022\/06\/4168___image.jpeg","type":"","width":"","height":""}],"twitter_card":"summary_large_image","twitter_misc":{"Est. reading time":"3 minutes"},"schema":{"@context":"https:\/\/schema.org","@graph":[{"@type":"WebPage","@id":"https:\/\/varetek.com\/tuotteet\/turvareunat\/nc-turvareuna\/","url":"https:\/\/varetek.com\/tuotteet\/turvareunat\/nc-turvareuna\/","name":"NC turvareuna - Varetek","isPartOf":{"@id":"https:\/\/darkcyan-hare-473592.hostingersite.com\/en\/#website"},"primaryImageOfPage":{"@id":"https:\/\/varetek.com\/tuotteet\/turvareunat\/nc-turvareuna\/#primaryimage"},"image":{"@id":"https:\/\/varetek.com\/tuotteet\/turvareunat\/nc-turvareuna\/#primaryimage"},"thumbnailUrl":"http:\/\/varetek.com\/wp-content\/uploads\/2022\/06\/4168___image.jpeg","datePublished":"2022-06-28T09:46:06+00:00","dateModified":"2022-06-30T18:48:11+00:00","breadcrumb":{"@id":"https:\/\/varetek.com\/tuotteet\/turvareunat\/nc-turvareuna\/#breadcrumb"},"inLanguage":"en-US","potentialAction":[{"@type":"ReadAction","target":["https:\/\/varetek.com\/tuotteet\/turvareunat\/nc-turvareuna\/"]}]},{"@type":"ImageObject","inLanguage":"en-US","@id":"https:\/\/varetek.com\/tuotteet\/turvareunat\/nc-turvareuna\/#primaryimage","url":"http:\/\/varetek.com\/wp-content\/uploads\/2022\/06\/4168___image.jpeg","contentUrl":"http:\/\/varetek.com\/wp-content\/uploads\/2022\/06\/4168___image.jpeg"},{"@type":"BreadcrumbList","@id":"https:\/\/varetek.com\/tuotteet\/turvareunat\/nc-turvareuna\/#breadcrumb","itemListElement":[{"@type":"ListItem","position":1,"name":"Home","item":"https:\/\/darkcyan-hare-473592.hostingersite.com\/en\/"},{"@type":"ListItem","position":2,"name":"Tuotteet","item":"https:\/\/varetek.com\/tuotteet\/"},{"@type":"ListItem","position":3,"name":"Turvareunat","item":"https:\/\/varetek.com\/tuotteet\/turvareunat\/"},{"@type":"ListItem","position":4,"name":"NC turvareuna"}]},{"@type":"WebSite","@id":"https:\/\/darkcyan-hare-473592.hostingersite.com\/en\/#website","url":"https:\/\/darkcyan-hare-473592.hostingersite.com\/en\/","name":"Varetek","description":"Turvalaitteet koneturvallisuuteen, ovi- ja porttivalmistajille, sairaalakalustoon, huonekaluteollisuuteen ja julkisenliikenteen kalustoon","potentialAction":[{"@type":"SearchAction","target":{"@type":"EntryPoint","urlTemplate":"https:\/\/darkcyan-hare-473592.hostingersite.com\/en\/?s={search_term_string}"},"query-input":{"@type":"PropertyValueSpecification","valueRequired":true,"valueName":"search_term_string"}}],"inLanguage":"en-US"}]}},"_links":{"self":[{"href":"https:\/\/varetek.com\/en\/wp-json\/wp\/v2\/pages\/146","targetHints":{"allow":["GET"]}}],"collection":[{"href":"https:\/\/varetek.com\/en\/wp-json\/wp\/v2\/pages"}],"about":[{"href":"https:\/\/varetek.com\/en\/wp-json\/wp\/v2\/types\/page"}],"author":[{"embeddable":true,"href":"https:\/\/varetek.com\/en\/wp-json\/wp\/v2\/users\/1"}],"replies":[{"embeddable":true,"href":"https:\/\/varetek.com\/en\/wp-json\/wp\/v2\/comments?post=146"}],"version-history":[{"count":8,"href":"https:\/\/varetek.com\/en\/wp-json\/wp\/v2\/pages\/146\/revisions"}],"predecessor-version":[{"id":506,"href":"https:\/\/varetek.com\/en\/wp-json\/wp\/v2\/pages\/146\/revisions\/506"}],"up":[{"embeddable":true,"href":"https:\/\/varetek.com\/en\/wp-json\/wp\/v2\/pages\/144"}],"wp:attachment":[{"href":"https:\/\/varetek.com\/en\/wp-json\/wp\/v2\/media?parent=146"}],"curies":[{"name":"wp","href":"https:\/\/api.w.org\/{rel}","templated":true}]}}