{"id":144,"date":"2022-06-28T09:41:25","date_gmt":"2022-06-28T09:41:25","guid":{"rendered":"https:\/\/darkcyan-hare-473592.hostingersite.com\/?page_id=144"},"modified":"2022-07-01T12:08:24","modified_gmt":"2022-07-01T12:08:24","slug":"turvareunat","status":"publish","type":"page","link":"https:\/\/varetek.com\/en\/tuotteet\/turvareunat\/","title":{"rendered":"Safety edges"},"content":{"rendered":"<p>[et_pb_section fb_built=&#8221;1&#8243; _builder_version=&#8221;4.17.4&#8243; _module_preset=&#8221;default&#8221; background_enable_image=&#8221;off&#8221; min_height=&#8221;300px&#8221; min_height_tablet=&#8221;&#8221; min_height_phone=&#8221;&#8221; min_height_last_edited=&#8221;on|desktop&#8221; custom_padding=&#8221;0px||0px||true|false&#8221; global_colors_info=&#8221;{}&#8221;][et_pb_row use_custom_gutter=&#8221;on&#8221; gutter_width=&#8221;1&#8243; make_equal=&#8221;on&#8221; _builder_version=&#8221;4.17.4&#8243; _module_preset=&#8221;default&#8221; width=&#8221;100%&#8221; max_width=&#8221;100%&#8221; custom_padding=&#8221;0px||0px||true|false&#8221; global_colors_info=&#8221;{}&#8221;][et_pb_column type=&#8221;4_4&#8243; _builder_version=&#8221;4.17.4&#8243; _module_preset=&#8221;default&#8221; global_colors_info=&#8221;{}&#8221;][et_pb_slider _builder_version=&#8221;4.17.4&#8243; _module_preset=&#8221;default&#8221; border_width_bottom=&#8221;2px&#8221; border_color_bottom=&#8221;#304f0d&#8221; global_colors_info=&#8221;{}&#8221;][et_pb_slide _builder_version=&#8221;4.17.4&#8243; _module_preset=&#8221;default&#8221; background_enable_color=&#8221;off&#8221; background_image=&#8221;http:\/\/varetek.com\/wp-content\/uploads\/2022\/06\/slide-001_images_sliderit-sliders_slider-overlay-right_1050_800-scaled.jpg&#8221; background_enable_image=&#8221;on&#8221; global_colors_info=&#8221;{}&#8221; sticky_transition=&#8221;on&#8221;][\/et_pb_slide][et_pb_slide _builder_version=&#8221;4.17.4&#8243; _module_preset=&#8221;default&#8221; background_enable_color=&#8221;off&#8221; background_image=&#8221;http:\/\/varetek.com\/wp-content\/uploads\/2022\/06\/02_images_sliderit-sliders_slider-overlay-right_1050_800.jpg&#8221; background_enable_image=&#8221;on&#8221; global_colors_info=&#8221;{}&#8221; sticky_transition=&#8221;on&#8221;][\/et_pb_slide][\/et_pb_slider][\/et_pb_column][\/et_pb_row][\/et_pb_section][et_pb_section fb_built=&#8221;1&#8243; specialty=&#8221;on&#8221; module_id_2=&#8221;column-2-mage-fix&#8221; module_class_2=&#8221;column-2-mage-fix&#8221; _builder_version=&#8221;4.17.4&#8243; _module_preset=&#8221;default&#8221; global_colors_info=&#8221;{}&#8221;][et_pb_column type=&#8221;1_4&#8243; _builder_version=&#8221;4.16&#8243; custom_padding=&#8221;|||&#8221; global_colors_info=&#8221;{}&#8221; custom_padding__hover=&#8221;|||&#8221;][et_pb_text _builder_version=&#8221;4.17.4&#8243; _module_preset=&#8221;default&#8221; global_colors_info=&#8221;{}&#8221;]<\/p>\n<h4>Products<\/h4>\n<p>[\/et_pb_text][et_pb_menu menu_id=&#8221;14&#8243; _builder_version=&#8221;4.17.4&#8243; _module_preset=&#8221;default&#8221; global_colors_info=&#8221;{}&#8221;][\/et_pb_menu][\/et_pb_column][et_pb_column type=&#8221;3_4&#8243; specialty_columns=&#8221;3&#8243; _builder_version=&#8221;4.16&#8243; custom_padding=&#8221;|||&#8221; global_colors_info=&#8221;{}&#8221; custom_padding__hover=&#8221;|||&#8221;][et_pb_row_inner _builder_version=&#8221;4.17.4&#8243; _module_preset=&#8221;default&#8221; custom_padding=&#8221;0px||0px||true|false&#8221; global_colors_info=&#8221;{}&#8221;][et_pb_column_inner saved_specialty_column_type=&#8221;3_4&#8243; _builder_version=&#8221;4.17.4&#8243; _module_preset=&#8221;default&#8221; global_colors_info=&#8221;{}&#8221;][et_pb_text _builder_version=&#8221;4.17.4&#8243; _module_preset=&#8221;default&#8221; header_2_font=&#8221;|600|||||||&#8221; header_2_text_color=&#8221;#111111&#8243; header_2_font_size=&#8221;32px&#8221; header_2_font_size_tablet=&#8221;20px&#8221; header_2_font_size_phone=&#8221;18px&#8221; header_2_font_size_last_edited=&#8221;on|desktop&#8221; global_colors_info=&#8221;{}&#8221;]<\/p>\n<h2>Safety edges<\/h2>\n<p><em><\/em><\/p>\n<p><em><\/em><\/p>\n<p><em>Safety edges are used as pinching and shearing protection, and they are suitable for machining tools, personnel lifts, lifts and heavy doors. Safety edges are safety equipment subject to type approval, and comprise the edge and a control unit. The construction enables the use of the edges as a safety system.<\/em>.<\/p>\n<p><strong>Action<\/strong><\/p>\n<p><em>Safety edges can be linked end-on-end, and the final edge must have a terminating resistor. The edges can also be used as a switch without a terminating resistor, but in that case, they are not allowed to be used as safety equipment.<\/em><\/p>\n<p>[\/et_pb_text][\/et_pb_column_inner][\/et_pb_row_inner][et_pb_row_inner column_structure=&#8221;1_2,1_2&#8243; _builder_version=&#8221;4.17.4&#8243; _module_preset=&#8221;default&#8221; background_enable_color=&#8221;off&#8221; custom_margin=&#8221;30px||15px||false|false&#8221; custom_padding=&#8221;20px|20px|0px|20px|false|true&#8221; hover_enabled=&#8221;0&#8243; border_width_all=&#8221;1px&#8221; border_color_all=&#8221;#cccccc&#8221; global_colors_info=&#8221;{}&#8221; custom_padding_last_edited=&#8221;on|phone&#8221; custom_padding_phone=&#8221;||22px||false|true&#8221; sticky_enabled=&#8221;0&#8243; custom_padding_tablet=&#8221;20px|20px|0px|20px|false|true&#8221;][et_pb_column_inner type=&#8221;1_2&#8243; saved_specialty_column_type=&#8221;3_4&#8243; _builder_version=&#8221;4.17.4&#8243; _module_preset=&#8221;default&#8221; global_colors_info=&#8221;{}&#8221;][et_pb_text _builder_version=&#8221;4.17.4&#8243; _module_preset=&#8221;default&#8221; header_3_font=&#8221;Montserrat|700|||||||&#8221; header_3_text_align=&#8221;center&#8221; header_3_text_color=&#8221;#304F0D&#8221; header_3_font_size=&#8221;16px&#8221; link_option_url=&#8221;https:\/\/darkcyan-hare-473592.hostingersite.com\/tuotteet\/turvareunat\/gp-turvareunat\/&#8221; custom_css_main_element=&#8221;display:block!important;&#8221; global_colors_info=&#8221;{}&#8221;]<\/p>\n<h3>GP Safety edges 15-120<\/h3>\n<p><img loading=\"lazy\" decoding=\"async\" src=\"http:\/\/varetek.com\/wp-content\/uploads\/2022\/06\/4129___MAY_SL_1pik_1000_800-1.jpg\" width=\"900\" height=\"653\" alt=\"\" class=\"wp-image-176 alignnone size-full\" srcset=\"http:\/\/varetek.com\/wp-content\/uploads\/2022\/06\/4129___MAY_SL_1pik_1000_800-1.jpg 900w, http:\/\/varetek.com\/wp-content\/uploads\/2022\/06\/4129___MAY_SL_1pik_1000_800-1-480x348.jpg 480w\" sizes=\"(min-width: 0px) and (max-width: 480px) 480px, (min-width: 481px) 900px, 100vw\" \/><\/p>\n<p>[\/et_pb_text][et_pb_button button_url=&#8221;https:\/\/darkcyan-hare-473592.hostingersite.com\/tuotteet\/turvareunat\/gp-turvareunat\/&#8221; button_text=&#8221;Tutustu t\u00e4\u00e4lt\u00e4&#8221; button_alignment=&#8221;left&#8221; module_class=&#8221;block-button&#8221; _builder_version=&#8221;4.17.4&#8243; _module_preset=&#8221;default&#8221; custom_button=&#8221;on&#8221; button_text_size=&#8221;14px&#8221; button_text_color=&#8221;#FFFFFF&#8221; button_bg_color=&#8221;#304F0D&#8221; button_border_width=&#8221;0px&#8221; button_border_color=&#8221;#304F0D&#8221; button_use_icon=&#8221;off&#8221; custom_padding=&#8221;||||false|false&#8221; global_colors_info=&#8221;{}&#8221;][\/et_pb_button][et_pb_text _builder_version=&#8221;4.17.4&#8243; _module_preset=&#8221;default&#8221; global_colors_info=&#8221;{}&#8221;][\/et_pb_text][\/et_pb_column_inner][et_pb_column_inner type=&#8221;1_2&#8243; saved_specialty_column_type=&#8221;3_4&#8243; _builder_version=&#8221;4.17.4&#8243; _module_preset=&#8221;default&#8221; global_colors_info=&#8221;{}&#8221;][et_pb_text _builder_version=&#8221;4.17.4&#8243; _module_preset=&#8221;default&#8221; header_3_font=&#8221;Montserrat|700|||||||&#8221; header_3_text_align=&#8221;center&#8221; header_3_text_color=&#8221;#304F0D&#8221; header_3_font_size=&#8221;16px&#8221; link_option_url=&#8221;https:\/\/darkcyan-hare-473592.hostingersite.com\/tuotteet\/turvareunat\/sp-turvareunat\/&#8221; global_colors_info=&#8221;{}&#8221;]<\/p>\n<h3>SP safety edges<\/h3>\n<p><img loading=\"lazy\" decoding=\"async\" src=\"http:\/\/varetek.com\/wp-content\/uploads\/2022\/06\/4207___0FCABAD6-8559-459A-9640-B4F68C1C9153_1000_800.jpg\" width=\"1000\" height=\"693\" alt=\"\" class=\"wp-image-177 alignnone size-full\" srcset=\"http:\/\/varetek.com\/wp-content\/uploads\/2022\/06\/4207___0FCABAD6-8559-459A-9640-B4F68C1C9153_1000_800.jpg 1000w, http:\/\/varetek.com\/wp-content\/uploads\/2022\/06\/4207___0FCABAD6-8559-459A-9640-B4F68C1C9153_1000_800-980x679.jpg 980w, http:\/\/varetek.com\/wp-content\/uploads\/2022\/06\/4207___0FCABAD6-8559-459A-9640-B4F68C1C9153_1000_800-480x333.jpg 480w\" sizes=\"(min-width: 0px) and (max-width: 480px) 480px, (min-width: 481px) and (max-width: 980px) 980px, (min-width: 981px) 1000px, 100vw\" \/><\/p>\n<p>[\/et_pb_text][et_pb_button button_url=&#8221;https:\/\/darkcyan-hare-473592.hostingersite.com\/tuotteet\/turvareunat\/sp-turvareunat\/&#8221; button_text=&#8221;Tutustu t\u00e4\u00e4lt\u00e4&#8221; button_alignment=&#8221;left&#8221; module_class=&#8221;block-button&#8221; _builder_version=&#8221;4.17.4&#8243; _module_preset=&#8221;default&#8221; custom_button=&#8221;on&#8221; button_text_size=&#8221;14px&#8221; button_text_color=&#8221;#FFFFFF&#8221; button_bg_color=&#8221;#304F0D&#8221; button_border_width=&#8221;0px&#8221; button_border_color=&#8221;#304F0D&#8221; button_use_icon=&#8221;off&#8221; custom_padding=&#8221;||||false|false&#8221; custom_css_main_element=&#8221;display:block;&#8221; global_colors_info=&#8221;{}&#8221;][\/et_pb_button][\/et_pb_column_inner][\/et_pb_row_inner][et_pb_row_inner use_custom_gutter=&#8221;on&#8221; gutter_width=&#8221;1&#8243; make_equal=&#8221;on&#8221; _builder_version=&#8221;4.17.4&#8243; _module_preset=&#8221;default&#8221; background_enable_color=&#8221;off&#8221; width=&#8221;50%&#8221; width_tablet=&#8221;50%&#8221; width_phone=&#8221;100%&#8221; width_last_edited=&#8221;on|phone&#8221; custom_margin=&#8221;||15px||false|false&#8221; custom_padding=&#8221;20px|20px|0px|20px|false|true&#8221; hover_enabled=&#8221;0&#8243; border_width_all=&#8221;1px&#8221; border_color_all=&#8221;#cccccc&#8221; global_colors_info=&#8221;{}&#8221; sticky_enabled=&#8221;0&#8243;][et_pb_column_inner saved_specialty_column_type=&#8221;3_4&#8243; _builder_version=&#8221;4.17.4&#8243; _module_preset=&#8221;default&#8221; global_colors_info=&#8221;{}&#8221;][et_pb_text _builder_version=&#8221;4.17.4&#8243; _module_preset=&#8221;default&#8221; header_3_font=&#8221;Montserrat|700|||||||&#8221; header_3_text_align=&#8221;center&#8221; header_3_text_color=&#8221;#304F0D&#8221; header_3_font_size=&#8221;16px&#8221; link_option_url=&#8221;https:\/\/darkcyan-hare-473592.hostingersite.com\/tuotteet\/turvareunat\/nc-turvareuna\/&#8221; custom_css_main_element=&#8221;display:block!important;&#8221; global_colors_info=&#8221;{}&#8221;]<\/p>\n<h3>NC safety edge<\/h3>\n<p><img loading=\"lazy\" decoding=\"async\" src=\"http:\/\/varetek.com\/wp-content\/uploads\/2022\/06\/4168___image.jpeg\" width=\"2133\" height=\"1354\" alt=\"\" class=\"wp-image-178 alignnone size-full\" srcset=\"http:\/\/varetek.com\/wp-content\/uploads\/2022\/06\/4168___image.jpeg 2133w, http:\/\/varetek.com\/wp-content\/uploads\/2022\/06\/4168___image-1280x813.jpeg 1280w, http:\/\/varetek.com\/wp-content\/uploads\/2022\/06\/4168___image-980x622.jpeg 980w, http:\/\/varetek.com\/wp-content\/uploads\/2022\/06\/4168___image-480x305.jpeg 480w\" sizes=\"(min-width: 0px) and (max-width: 480px) 480px, (min-width: 481px) and (max-width: 980px) 980px, (min-width: 981px) and (max-width: 1280px) 1280px, (min-width: 1281px) 2133px, 100vw\" \/><\/p>\n<p>[\/et_pb_text][et_pb_button button_url=&#8221;https:\/\/darkcyan-hare-473592.hostingersite.com\/tuotteet\/turvareunat\/nc-turvareuna\/&#8221; button_text=&#8221;Tutustu t\u00e4\u00e4lt\u00e4&#8221; button_alignment=&#8221;left&#8221; module_class=&#8221;block-button&#8221; _builder_version=&#8221;4.17.4&#8243; _module_preset=&#8221;default&#8221; custom_button=&#8221;on&#8221; button_text_size=&#8221;14px&#8221; button_text_color=&#8221;#FFFFFF&#8221; button_bg_color=&#8221;#304F0D&#8221; button_border_width=&#8221;0px&#8221; button_border_color=&#8221;#304F0D&#8221; button_use_icon=&#8221;off&#8221; custom_padding=&#8221;||||false|false&#8221; global_colors_info=&#8221;{}&#8221;][\/et_pb_button][et_pb_text _builder_version=&#8221;4.17.4&#8243; _module_preset=&#8221;default&#8221; global_colors_info=&#8221;{}&#8221;][\/et_pb_text][\/et_pb_column_inner][\/et_pb_row_inner][\/et_pb_column][\/et_pb_section]<\/p>","protected":false},"excerpt":{"rendered":"<p>TuotekategoriatTurvareunat Turvareunoja k\u00e4ytet\u00e4\u00e4n puristumis-ja v\u00e4liinj\u00e4\u00e4missuojina ja ne soveltuvat esimerkiksi ty\u00f6st\u00f6koneisiin, nostolavoihin, hisseihin ja raskaisiin oviin. Turvareunat koostuvat reunasta ja valvontayksik\u00f6st\u00e4. Rakenne mahdollistaa reunojen k\u00e4yt\u00f6n turvaj\u00e4rjestelm\u00e4n\u00e4. Toiminta Turvareunoja voidaan kytke\u00e4 per\u00e4kk\u00e4in ja viimeisen\u00e4 olevassa reunassa on oltava p\u00e4\u00e4teresistori. Reunoja voidaan my\u00f6s k\u00e4ytt\u00e4\u00e4 kytkimen\u00e4 ilman p\u00e4\u00e4teresistoria, mutta silloin ne eiv\u00e4t saa olla turvak\u00e4yt\u00f6ss\u00e4.GP turvareunat 15-120 SP turvareunat [&hellip;]<\/p>","protected":false},"author":1,"featured_media":0,"parent":36,"menu_order":0,"comment_status":"closed","ping_status":"closed","template":"","meta":{"_et_pb_use_builder":"on","_et_pb_old_content":"<!-- wp:divi\/placeholder \/-->","_et_gb_content_width":"","footnotes":""},"class_list":["post-144","page","type-page","status-publish","hentry"],"yoast_head":"<!-- This site is optimized with the Yoast SEO plugin v25.5 - https:\/\/yoast.com\/wordpress\/plugins\/seo\/ -->\n<title>Turvareunat - Varetek<\/title>\n<meta name=\"robots\" content=\"index, follow, max-snippet:-1, max-image-preview:large, max-video-preview:-1\" \/>\n<link rel=\"canonical\" href=\"https:\/\/varetek.com\/en\/tuotteet\/turvareunat\/\" \/>\n<meta property=\"og:locale\" content=\"en_US\" \/>\n<meta property=\"og:type\" content=\"article\" \/>\n<meta property=\"og:title\" content=\"Turvareunat - Varetek\" \/>\n<meta property=\"og:description\" content=\"TuotekategoriatTurvareunat Turvareunoja k\u00e4ytet\u00e4\u00e4n puristumis-ja v\u00e4liinj\u00e4\u00e4missuojina ja ne soveltuvat esimerkiksi ty\u00f6st\u00f6koneisiin, nostolavoihin, hisseihin ja raskaisiin oviin. Turvareunat koostuvat reunasta ja valvontayksik\u00f6st\u00e4. Rakenne mahdollistaa reunojen k\u00e4yt\u00f6n turvaj\u00e4rjestelm\u00e4n\u00e4. Toiminta Turvareunoja voidaan kytke\u00e4 per\u00e4kk\u00e4in ja viimeisen\u00e4 olevassa reunassa on oltava p\u00e4\u00e4teresistori. Reunoja voidaan my\u00f6s k\u00e4ytt\u00e4\u00e4 kytkimen\u00e4 ilman p\u00e4\u00e4teresistoria, mutta silloin ne eiv\u00e4t saa olla turvak\u00e4yt\u00f6ss\u00e4.GP turvareunat 15-120 SP turvareunat [&hellip;]\" \/>\n<meta property=\"og:url\" content=\"https:\/\/varetek.com\/en\/tuotteet\/turvareunat\/\" \/>\n<meta property=\"og:site_name\" content=\"Varetek\" \/>\n<meta property=\"article:modified_time\" content=\"2022-07-01T12:08:24+00:00\" \/>\n<meta property=\"og:image\" content=\"http:\/\/varetek.com\/wp-content\/uploads\/2022\/06\/4129___MAY_SL_1pik_1000_800-1.jpg\" \/>\n<meta name=\"twitter:card\" content=\"summary_large_image\" \/>\n<meta name=\"twitter:label1\" content=\"Est. reading time\" \/>\n\t<meta name=\"twitter:data1\" content=\"5 minutes\" \/>\n<script type=\"application\/ld+json\" class=\"yoast-schema-graph\">{\"@context\":\"https:\/\/schema.org\",\"@graph\":[{\"@type\":\"WebPage\",\"@id\":\"https:\/\/varetek.com\/tuotteet\/turvareunat\/\",\"url\":\"https:\/\/varetek.com\/tuotteet\/turvareunat\/\",\"name\":\"Turvareunat - Varetek\",\"isPartOf\":{\"@id\":\"https:\/\/darkcyan-hare-473592.hostingersite.com\/en\/#website\"},\"primaryImageOfPage\":{\"@id\":\"https:\/\/varetek.com\/tuotteet\/turvareunat\/#primaryimage\"},\"image\":{\"@id\":\"https:\/\/varetek.com\/tuotteet\/turvareunat\/#primaryimage\"},\"thumbnailUrl\":\"http:\/\/varetek.com\/wp-content\/uploads\/2022\/06\/4129___MAY_SL_1pik_1000_800-1.jpg\",\"datePublished\":\"2022-06-28T09:41:25+00:00\",\"dateModified\":\"2022-07-01T12:08:24+00:00\",\"breadcrumb\":{\"@id\":\"https:\/\/varetek.com\/tuotteet\/turvareunat\/#breadcrumb\"},\"inLanguage\":\"en-US\",\"potentialAction\":[{\"@type\":\"ReadAction\",\"target\":[\"https:\/\/varetek.com\/tuotteet\/turvareunat\/\"]}]},{\"@type\":\"ImageObject\",\"inLanguage\":\"en-US\",\"@id\":\"https:\/\/varetek.com\/tuotteet\/turvareunat\/#primaryimage\",\"url\":\"http:\/\/varetek.com\/wp-content\/uploads\/2022\/06\/4129___MAY_SL_1pik_1000_800-1.jpg\",\"contentUrl\":\"http:\/\/varetek.com\/wp-content\/uploads\/2022\/06\/4129___MAY_SL_1pik_1000_800-1.jpg\"},{\"@type\":\"BreadcrumbList\",\"@id\":\"https:\/\/varetek.com\/tuotteet\/turvareunat\/#breadcrumb\",\"itemListElement\":[{\"@type\":\"ListItem\",\"position\":1,\"name\":\"Home\",\"item\":\"https:\/\/darkcyan-hare-473592.hostingersite.com\/en\/\"},{\"@type\":\"ListItem\",\"position\":2,\"name\":\"Tuotteet\",\"item\":\"https:\/\/varetek.com\/tuotteet\/\"},{\"@type\":\"ListItem\",\"position\":3,\"name\":\"Turvareunat\"}]},{\"@type\":\"WebSite\",\"@id\":\"https:\/\/darkcyan-hare-473592.hostingersite.com\/en\/#website\",\"url\":\"https:\/\/darkcyan-hare-473592.hostingersite.com\/en\/\",\"name\":\"Varetek\",\"description\":\"Turvalaitteet koneturvallisuuteen, ovi- ja porttivalmistajille, sairaalakalustoon, huonekaluteollisuuteen ja julkisenliikenteen kalustoon\",\"potentialAction\":[{\"@type\":\"SearchAction\",\"target\":{\"@type\":\"EntryPoint\",\"urlTemplate\":\"https:\/\/darkcyan-hare-473592.hostingersite.com\/en\/?s={search_term_string}\"},\"query-input\":{\"@type\":\"PropertyValueSpecification\",\"valueRequired\":true,\"valueName\":\"search_term_string\"}}],\"inLanguage\":\"en-US\"}]}<\/script>\n<!-- \/ Yoast SEO plugin. -->","yoast_head_json":{"title":"Turvareunat - Varetek","robots":{"index":"index","follow":"follow","max-snippet":"max-snippet:-1","max-image-preview":"max-image-preview:large","max-video-preview":"max-video-preview:-1"},"canonical":"https:\/\/varetek.com\/en\/tuotteet\/turvareunat\/","og_locale":"en_US","og_type":"article","og_title":"Turvareunat - Varetek","og_description":"TuotekategoriatTurvareunat Turvareunoja k\u00e4ytet\u00e4\u00e4n puristumis-ja v\u00e4liinj\u00e4\u00e4missuojina ja ne soveltuvat esimerkiksi ty\u00f6st\u00f6koneisiin, nostolavoihin, hisseihin ja raskaisiin oviin. Turvareunat koostuvat reunasta ja valvontayksik\u00f6st\u00e4. Rakenne mahdollistaa reunojen k\u00e4yt\u00f6n turvaj\u00e4rjestelm\u00e4n\u00e4. Toiminta Turvareunoja voidaan kytke\u00e4 per\u00e4kk\u00e4in ja viimeisen\u00e4 olevassa reunassa on oltava p\u00e4\u00e4teresistori. Reunoja voidaan my\u00f6s k\u00e4ytt\u00e4\u00e4 kytkimen\u00e4 ilman p\u00e4\u00e4teresistoria, mutta silloin ne eiv\u00e4t saa olla turvak\u00e4yt\u00f6ss\u00e4.GP turvareunat 15-120 SP turvareunat [&hellip;]","og_url":"https:\/\/varetek.com\/en\/tuotteet\/turvareunat\/","og_site_name":"Varetek","article_modified_time":"2022-07-01T12:08:24+00:00","og_image":[{"url":"http:\/\/varetek.com\/wp-content\/uploads\/2022\/06\/4129___MAY_SL_1pik_1000_800-1.jpg","type":"","width":"","height":""}],"twitter_card":"summary_large_image","twitter_misc":{"Est. reading time":"5 minutes"},"schema":{"@context":"https:\/\/schema.org","@graph":[{"@type":"WebPage","@id":"https:\/\/varetek.com\/tuotteet\/turvareunat\/","url":"https:\/\/varetek.com\/tuotteet\/turvareunat\/","name":"Turvareunat - Varetek","isPartOf":{"@id":"https:\/\/darkcyan-hare-473592.hostingersite.com\/en\/#website"},"primaryImageOfPage":{"@id":"https:\/\/varetek.com\/tuotteet\/turvareunat\/#primaryimage"},"image":{"@id":"https:\/\/varetek.com\/tuotteet\/turvareunat\/#primaryimage"},"thumbnailUrl":"http:\/\/varetek.com\/wp-content\/uploads\/2022\/06\/4129___MAY_SL_1pik_1000_800-1.jpg","datePublished":"2022-06-28T09:41:25+00:00","dateModified":"2022-07-01T12:08:24+00:00","breadcrumb":{"@id":"https:\/\/varetek.com\/tuotteet\/turvareunat\/#breadcrumb"},"inLanguage":"en-US","potentialAction":[{"@type":"ReadAction","target":["https:\/\/varetek.com\/tuotteet\/turvareunat\/"]}]},{"@type":"ImageObject","inLanguage":"en-US","@id":"https:\/\/varetek.com\/tuotteet\/turvareunat\/#primaryimage","url":"http:\/\/varetek.com\/wp-content\/uploads\/2022\/06\/4129___MAY_SL_1pik_1000_800-1.jpg","contentUrl":"http:\/\/varetek.com\/wp-content\/uploads\/2022\/06\/4129___MAY_SL_1pik_1000_800-1.jpg"},{"@type":"BreadcrumbList","@id":"https:\/\/varetek.com\/tuotteet\/turvareunat\/#breadcrumb","itemListElement":[{"@type":"ListItem","position":1,"name":"Home","item":"https:\/\/darkcyan-hare-473592.hostingersite.com\/en\/"},{"@type":"ListItem","position":2,"name":"Tuotteet","item":"https:\/\/varetek.com\/tuotteet\/"},{"@type":"ListItem","position":3,"name":"Turvareunat"}]},{"@type":"WebSite","@id":"https:\/\/darkcyan-hare-473592.hostingersite.com\/en\/#website","url":"https:\/\/darkcyan-hare-473592.hostingersite.com\/en\/","name":"Varetek","description":"Turvalaitteet koneturvallisuuteen, ovi- ja porttivalmistajille, sairaalakalustoon, huonekaluteollisuuteen ja julkisenliikenteen kalustoon","potentialAction":[{"@type":"SearchAction","target":{"@type":"EntryPoint","urlTemplate":"https:\/\/darkcyan-hare-473592.hostingersite.com\/en\/?s={search_term_string}"},"query-input":{"@type":"PropertyValueSpecification","valueRequired":true,"valueName":"search_term_string"}}],"inLanguage":"en-US"}]}},"_links":{"self":[{"href":"https:\/\/varetek.com\/en\/wp-json\/wp\/v2\/pages\/144","targetHints":{"allow":["GET"]}}],"collection":[{"href":"https:\/\/varetek.com\/en\/wp-json\/wp\/v2\/pages"}],"about":[{"href":"https:\/\/varetek.com\/en\/wp-json\/wp\/v2\/types\/page"}],"author":[{"embeddable":true,"href":"https:\/\/varetek.com\/en\/wp-json\/wp\/v2\/users\/1"}],"replies":[{"embeddable":true,"href":"https:\/\/varetek.com\/en\/wp-json\/wp\/v2\/comments?post=144"}],"version-history":[{"count":14,"href":"https:\/\/varetek.com\/en\/wp-json\/wp\/v2\/pages\/144\/revisions"}],"predecessor-version":[{"id":556,"href":"https:\/\/varetek.com\/en\/wp-json\/wp\/v2\/pages\/144\/revisions\/556"}],"up":[{"embeddable":true,"href":"https:\/\/varetek.com\/en\/wp-json\/wp\/v2\/pages\/36"}],"wp:attachment":[{"href":"https:\/\/varetek.com\/en\/wp-json\/wp\/v2\/media?parent=144"}],"curies":[{"name":"wp","href":"https:\/\/api.w.org\/{rel}","templated":true}]}}